{"id":22700,"date":"2026-03-18T08:30:48","date_gmt":"2026-03-18T07:30:48","guid":{"rendered":"https:\/\/hidroterm.dmcsrbija.com\/proizvod\/sika-multiseal-10cmx10m\/"},"modified":"2026-03-18T08:30:50","modified_gmt":"2026-03-18T07:30:50","slug":"sika-multiseal-10cmx10m","status":"publish","type":"product","link":"https:\/\/hidroterm.dmcsrbija.com\/ru\/proizvod\/sika-multiseal-10cmx10m\/","title":{"rendered":"Sika Multiseal 10cmx10m"},"content":{"rendered":"<p data-start=\"71\" data-end=\"143\"><strong data-start=\"71\" data-end=\"143\">Sika Multiseal 10 cm x 10 m \u2013 Samolepljiva bitumenska zaptivna traka<\/strong><\/p>\n<p data-start=\"145\" data-end=\"453\">Sika Multiseal je gumirana, samolepljiva bitumenska traka namenjena za pouzdano zaptivanje i popravku kod za\u0161tite od prodora vode i vazduha. Idealna je za kori\u0161\u0107enje na razli\u010ditim krovnim oblogama, uklju\u010duju\u0107i limene krovove, fasade, polomljene crepove, krovne oluke, slivnike, dimnjake i krovne svetlarnike.<\/p>\n<p data-start=\"455\" data-end=\"709\">Ova traka je pogodna i za za\u0161titu kamp prikolica, metalnih kontejnera, kao i za zaptivanje pukotina i spojnica koje nastaju tokom izgradnje ili eksploatacije objekata. Kompatibilna je sa bitumenskim hidroizolacionim trakama i drugim krovnim materijalima.<\/p>\n<p data-start=\"711\" data-end=\"743\"><strong data-start=\"711\" data-end=\"743\">Klju\u010dne prednosti proizvoda:<\/strong><\/p>\n<ul data-start=\"745\" data-end=\"998\">\n<li data-start=\"745\" data-end=\"775\">\n<p data-start=\"747\" data-end=\"775\">Jednostavna i brza primena<\/p>\n<\/li>\n<li data-start=\"776\" data-end=\"807\">\n<p data-start=\"778\" data-end=\"807\">Izuzetno ekonomi\u010dno re\u0161enje<\/p>\n<\/li>\n<li data-start=\"808\" data-end=\"853\">\n<p data-start=\"810\" data-end=\"853\">Odli\u010dna prionljivost na razli\u010dite podloge<\/p>\n<\/li>\n<li data-start=\"854\" data-end=\"908\">\n<p data-start=\"856\" data-end=\"908\">Visoka otpornost na vremenske uslove i UV zra\u010denje<\/p>\n<\/li>\n<li data-start=\"909\" data-end=\"956\">\n<p data-start=\"911\" data-end=\"956\">Samolepljiva i otporna na niske temperature<\/p>\n<\/li>\n<li data-start=\"957\" data-end=\"998\">\n<p data-start=\"959\" data-end=\"998\">Mogu\u0107nost farbanja za estetski izgled<\/p>\n<\/li>\n<\/ul>\n<p data-start=\"1000\" data-end=\"1029\">Cena se obra\u010dunava po komadu.<\/p>","protected":false},"excerpt":{"rendered":"<p>Sika Multiseal 10 cm x 10 m \u2013 Samolepljiva bitumenska zaptivna traka Sika Multiseal je gumirana, samolepljiva bitumenska traka namenjena za pouzdano zaptivanje i popravku kod za\u0161tite od prodora vode i vazduha. Idealna je za kori\u0161\u0107enje na razli\u010ditim krovnim oblogama, uklju\u010duju\u0107i limene krovove, fasade, polomljene crepove, krovne oluke, slivnike, dimnjake i krovne svetlarnike. Ova traka [&hellip;]<\/p>\n","protected":false},"featured_media":22699,"template":"","meta":[],"product_brand":[],"product_cat":[5006,5009],"product_tag":[],"class_list":{"0":"post-22700","1":"product","2":"type-product","3":"status-publish","4":"has-post-thumbnail","6":"product_cat-gradjevinski-materijal","7":"product_cat-hidroizolacija-krovova","9":"first","10":"instock","11":"sold-individually","12":"purchasable","13":"product-type-simple"},"_links":{"self":[{"href":"https:\/\/hidroterm.dmcsrbija.com\/ru\/wp-json\/wp\/v2\/product\/22700","targetHints":{"allow":["GET"]}}],"collection":[{"href":"https:\/\/hidroterm.dmcsrbija.com\/ru\/wp-json\/wp\/v2\/product"}],"about":[{"href":"https:\/\/hidroterm.dmcsrbija.com\/ru\/wp-json\/wp\/v2\/types\/product"}],"wp:featuredmedia":[{"embeddable":true,"href":"https:\/\/hidroterm.dmcsrbija.com\/ru\/wp-json\/wp\/v2\/media\/22699"}],"wp:attachment":[{"href":"https:\/\/hidroterm.dmcsrbija.com\/ru\/wp-json\/wp\/v2\/media?parent=22700"}],"wp:term":[{"taxonomy":"product_brand","embeddable":true,"href":"https:\/\/hidroterm.dmcsrbija.com\/ru\/wp-json\/wp\/v2\/product_brand?post=22700"},{"taxonomy":"product_cat","embeddable":true,"href":"https:\/\/hidroterm.dmcsrbija.com\/ru\/wp-json\/wp\/v2\/product_cat?post=22700"},{"taxonomy":"product_tag","embeddable":true,"href":"https:\/\/hidroterm.dmcsrbija.com\/ru\/wp-json\/wp\/v2\/product_tag?post=22700"}],"curies":[{"name":"wp","href":"https:\/\/api.w.org\/{rel}","templated":true}]}}