{"id":22698,"date":"2026-03-18T08:30:48","date_gmt":"2026-03-18T07:30:48","guid":{"rendered":"https:\/\/hidroterm.dmcsrbija.com\/proizvod\/sika-multiseal-5cmx10m\/"},"modified":"2026-03-18T08:30:50","modified_gmt":"2026-03-18T07:30:50","slug":"sika-multiseal-5cmx10m","status":"publish","type":"product","link":"https:\/\/hidroterm.dmcsrbija.com\/ru\/proizvod\/sika-multiseal-5cmx10m\/","title":{"rendered":"Sika Multiseal 5cmx10m"},"content":{"rendered":"<p data-start=\"65\" data-end=\"136\"><strong data-start=\"65\" data-end=\"136\">Sika Multiseal 5 cm x 10 m \u2013 Samolepljiva bitumenska zaptivna traka<\/strong><\/p>\n<p data-start=\"138\" data-end=\"428\">Sika Multiseal je gumirana, samolepljiva bitumenska traka namenjena za pouzdano zaptivanje i popravku kod za\u0161tite od prodora vode i vazduha. Idealan je za razli\u010dite krovne obloge, uklju\u010duju\u0107i limene krovove, fasade, polomljene crepove, krovne oluke, slivnike, dimnjake i krovne svetlarnike.<\/p>\n<p data-start=\"430\" data-end=\"670\">Pogodan je i za za\u0161titu kamp prikolica, metalnih kontejnera, kao i za zaptivanje pukotina i spojnica nastalih tokom izgradnje ili eksploatacije objekata. Kompatibilan je sa bitumenskim hidroizolacionim trakama i drugim krovnim materijalima.<\/p>\n<p data-start=\"672\" data-end=\"880\">Ova traka je jednostavna za nano\u0161enje, veoma ekonomi\u010dna i otporna na razli\u010dite vremenske uslove i UV zra\u010denje. Mo\u017ee se koristiti i pri niskim temperaturama, a mogu\u0107e ju je i prefarbati radi estetskog izgleda.<\/p>\n<p data-start=\"882\" data-end=\"911\">Cena se obra\u010dunava po komadu.<\/p>","protected":false},"excerpt":{"rendered":"<p>Sika Multiseal 5 cm x 10 m \u2013 Samolepljiva bitumenska zaptivna traka Sika Multiseal je gumirana, samolepljiva bitumenska traka namenjena za pouzdano zaptivanje i popravku kod za\u0161tite od prodora vode i vazduha. Idealan je za razli\u010dite krovne obloge, uklju\u010duju\u0107i limene krovove, fasade, polomljene crepove, krovne oluke, slivnike, dimnjake i krovne svetlarnike. Pogodan je i za [&hellip;]<\/p>\n","protected":false},"featured_media":22699,"template":"","meta":[],"product_brand":[],"product_cat":[5006,5009],"product_tag":[],"class_list":{"0":"post-22698","1":"product","2":"type-product","3":"status-publish","4":"has-post-thumbnail","6":"product_cat-gradjevinski-materijal","7":"product_cat-hidroizolacija-krovova","9":"first","10":"instock","11":"sold-individually","12":"purchasable","13":"product-type-simple"},"_links":{"self":[{"href":"https:\/\/hidroterm.dmcsrbija.com\/ru\/wp-json\/wp\/v2\/product\/22698","targetHints":{"allow":["GET"]}}],"collection":[{"href":"https:\/\/hidroterm.dmcsrbija.com\/ru\/wp-json\/wp\/v2\/product"}],"about":[{"href":"https:\/\/hidroterm.dmcsrbija.com\/ru\/wp-json\/wp\/v2\/types\/product"}],"wp:featuredmedia":[{"embeddable":true,"href":"https:\/\/hidroterm.dmcsrbija.com\/ru\/wp-json\/wp\/v2\/media\/22699"}],"wp:attachment":[{"href":"https:\/\/hidroterm.dmcsrbija.com\/ru\/wp-json\/wp\/v2\/media?parent=22698"}],"wp:term":[{"taxonomy":"product_brand","embeddable":true,"href":"https:\/\/hidroterm.dmcsrbija.com\/ru\/wp-json\/wp\/v2\/product_brand?post=22698"},{"taxonomy":"product_cat","embeddable":true,"href":"https:\/\/hidroterm.dmcsrbija.com\/ru\/wp-json\/wp\/v2\/product_cat?post=22698"},{"taxonomy":"product_tag","embeddable":true,"href":"https:\/\/hidroterm.dmcsrbija.com\/ru\/wp-json\/wp\/v2\/product_tag?post=22698"}],"curies":[{"name":"wp","href":"https:\/\/api.w.org\/{rel}","templated":true}]}}