{"id":22694,"date":"2026-03-18T08:30:48","date_gmt":"2026-03-18T07:30:48","guid":{"rendered":"https:\/\/hidroterm.dmcsrbija.com\/proizvod\/sika-lastic-612-213kg\/"},"modified":"2026-03-18T08:30:49","modified_gmt":"2026-03-18T07:30:49","slug":"sika-lastic-612-213kg","status":"publish","type":"product","link":"https:\/\/hidroterm.dmcsrbija.com\/ru\/proizvod\/sika-lastic-612-213kg\/","title":{"rendered":"Sika Lastic 612 (21,3kg)"},"content":{"rendered":"<div class=\"cmp-product__attributes\">\n<p data-start=\"101\" data-end=\"188\"><strong data-start=\"101\" data-end=\"188\">Sika Lastic 612 \u2013 Poliuretanska jednokomponentna membrana za hidroizolaciju krovova<\/strong><\/p>\n<p data-start=\"190\" data-end=\"507\">Sika Lastic 612 je jednokomponentna poliuretanska hidroizolaciona membrana koja se nanosi hladnim postupkom i aktivira u dodiru sa vodom. Formira be\u0161avnu, elasti\u010dnu i paropropusnu za\u0161titu koja je idealna za krovne povr\u0161ine izlo\u017eene spoljnim vremenskim uslovima, kao i za sanaciju postoje\u0107ih krovova, balkona i terasa.<\/p>\n<p data-start=\"509\" data-end=\"846\">Ova membrana je jednostavna za nano\u0161enje, ne zahteva zagrevanje ili upotrebu plamena, i mo\u017ee se nanositi na slo\u017eene i te\u0161ko pristupa\u010dne delove. Brzo se su\u0161i i stvrdnjava, pru\u017eaju\u0107i otpornost na ki\u0161u odmah nakon nano\u0161enja. Sika Lastic 612 je ekonomi\u010dno re\u0161enje koje produ\u017eava vek trajanja krovova, a istovremeno omogu\u0107ava podlozi da di\u0161e.<\/p>\n<p data-start=\"848\" data-end=\"989\">Pakovanje je 21,3 kg, sa potro\u0161njom od oko 2 l\/m\u00b2 u dva sloja. Cena se obra\u010dunava po kilogramu.<\/p>\n<\/div>\n<p>&nbsp;<\/p>","protected":false},"excerpt":{"rendered":"<p>Sika Lastic 612 \u2013 Poliuretanska jednokomponentna membrana za hidroizolaciju krovova Sika Lastic 612 je jednokomponentna poliuretanska hidroizolaciona membrana koja se nanosi hladnim postupkom i aktivira u dodiru sa vodom. Formira be\u0161avnu, elasti\u010dnu i paropropusnu za\u0161titu koja je idealna za krovne povr\u0161ine izlo\u017eene spoljnim vremenskim uslovima, kao i za sanaciju postoje\u0107ih krovova, balkona i terasa. Ova [&hellip;]<\/p>\n","protected":false},"featured_media":22695,"template":"","meta":[],"product_brand":[],"product_cat":[5006,5009],"product_tag":[],"class_list":{"0":"post-22694","1":"product","2":"type-product","3":"status-publish","4":"has-post-thumbnail","6":"product_cat-gradjevinski-materijal","7":"product_cat-hidroizolacija-krovova","9":"first","10":"instock","11":"sold-individually","12":"purchasable","13":"product-type-simple"},"_links":{"self":[{"href":"https:\/\/hidroterm.dmcsrbija.com\/ru\/wp-json\/wp\/v2\/product\/22694","targetHints":{"allow":["GET"]}}],"collection":[{"href":"https:\/\/hidroterm.dmcsrbija.com\/ru\/wp-json\/wp\/v2\/product"}],"about":[{"href":"https:\/\/hidroterm.dmcsrbija.com\/ru\/wp-json\/wp\/v2\/types\/product"}],"wp:featuredmedia":[{"embeddable":true,"href":"https:\/\/hidroterm.dmcsrbija.com\/ru\/wp-json\/wp\/v2\/media\/22695"}],"wp:attachment":[{"href":"https:\/\/hidroterm.dmcsrbija.com\/ru\/wp-json\/wp\/v2\/media?parent=22694"}],"wp:term":[{"taxonomy":"product_brand","embeddable":true,"href":"https:\/\/hidroterm.dmcsrbija.com\/ru\/wp-json\/wp\/v2\/product_brand?post=22694"},{"taxonomy":"product_cat","embeddable":true,"href":"https:\/\/hidroterm.dmcsrbija.com\/ru\/wp-json\/wp\/v2\/product_cat?post=22694"},{"taxonomy":"product_tag","embeddable":true,"href":"https:\/\/hidroterm.dmcsrbija.com\/ru\/wp-json\/wp\/v2\/product_tag?post=22694"}],"curies":[{"name":"wp","href":"https:\/\/api.w.org\/{rel}","templated":true}]}}