{"id":22693,"date":"2026-03-18T08:30:48","date_gmt":"2026-03-18T07:30:48","guid":{"rendered":"https:\/\/hidroterm.dmcsrbija.com\/proizvod\/sika-waterbar-a-24-30m-rol\/"},"modified":"2026-03-18T08:30:49","modified_gmt":"2026-03-18T07:30:49","slug":"sika-waterbar-a-24-30m-rol","status":"publish","type":"product","link":"https:\/\/hidroterm.dmcsrbija.com\/ru\/proizvod\/sika-waterbar-a-24-30m-rol\/","title":{"rendered":"Sika Waterbar A-24 30m\/rol"},"content":{"rendered":"<p data-start=\"65\" data-end=\"160\"><strong data-start=\"65\" data-end=\"160\">Sika Waterbar A-24 \u2013 Gumena traka za vodonepropusno zaptivanje spojeva u betonu (30m rolna)<\/strong><\/p>\n<p data-start=\"162\" data-end=\"487\">Sika Waterbar A-24 je pouzdana gumena traka dizajnirana za spajanje povr\u0161ina prilikom nastavka betoniranja, posebno pogodna za hidroizolaciju u bazenima i drugim betonskim konstrukcijama. Ova traka se koristi za vodonepropusno zaptivanje dilatacionih i konstruktivnih spojnica, \u010dime obezbe\u0111uje trajnu za\u0161titu od prodora vode.<\/p>\n<p data-start=\"489\" data-end=\"813\">Idealna je za primenu u podrumima stambenih i komercijalnih objekata, podzemnim gara\u017eama, kao i u hidro-tehni\u010dkim konstrukcijama i postrojenjima za preradu vode. Sika Waterbar A-24 dolazi u rolni du\u017eine 30 metara, a cena se obra\u010dunava po metru, \u0161to je \u010dini ekonomi\u010dnim i prakti\u010dnim izborom za razli\u010dite gra\u0111evinske projekte.<\/p>\n<p data-start=\"489\" data-end=\"813\">","protected":false},"excerpt":{"rendered":"<p>Sika Waterbar A-24 \u2013 Gumena traka za vodonepropusno zaptivanje spojeva u betonu (30m rolna) Sika Waterbar A-24 je pouzdana gumena traka dizajnirana za spajanje povr\u0161ina prilikom nastavka betoniranja, posebno pogodna za hidroizolaciju u bazenima i drugim betonskim konstrukcijama. Ova traka se koristi za vodonepropusno zaptivanje dilatacionih i konstruktivnih spojnica, \u010dime obezbe\u0111uje trajnu za\u0161titu od prodora [&hellip;]<\/p>\n","protected":false},"featured_media":22692,"template":"","meta":[],"product_brand":[],"product_cat":[5006,5008],"product_tag":[],"class_list":{"0":"post-22693","1":"product","2":"type-product","3":"status-publish","4":"has-post-thumbnail","6":"product_cat-gradjevinski-materijal","7":"product_cat-vodonepropusni-sistemi","9":"first","10":"instock","11":"sold-individually","12":"purchasable","13":"product-type-simple"},"_links":{"self":[{"href":"https:\/\/hidroterm.dmcsrbija.com\/ru\/wp-json\/wp\/v2\/product\/22693","targetHints":{"allow":["GET"]}}],"collection":[{"href":"https:\/\/hidroterm.dmcsrbija.com\/ru\/wp-json\/wp\/v2\/product"}],"about":[{"href":"https:\/\/hidroterm.dmcsrbija.com\/ru\/wp-json\/wp\/v2\/types\/product"}],"wp:featuredmedia":[{"embeddable":true,"href":"https:\/\/hidroterm.dmcsrbija.com\/ru\/wp-json\/wp\/v2\/media\/22692"}],"wp:attachment":[{"href":"https:\/\/hidroterm.dmcsrbija.com\/ru\/wp-json\/wp\/v2\/media?parent=22693"}],"wp:term":[{"taxonomy":"product_brand","embeddable":true,"href":"https:\/\/hidroterm.dmcsrbija.com\/ru\/wp-json\/wp\/v2\/product_brand?post=22693"},{"taxonomy":"product_cat","embeddable":true,"href":"https:\/\/hidroterm.dmcsrbija.com\/ru\/wp-json\/wp\/v2\/product_cat?post=22693"},{"taxonomy":"product_tag","embeddable":true,"href":"https:\/\/hidroterm.dmcsrbija.com\/ru\/wp-json\/wp\/v2\/product_tag?post=22693"}],"curies":[{"name":"wp","href":"https:\/\/api.w.org\/{rel}","templated":true}]}}