{"id":22691,"date":"2026-03-18T08:30:48","date_gmt":"2026-03-18T07:30:48","guid":{"rendered":"https:\/\/hidroterm.dmcsrbija.com\/proizvod\/sika-waterbar-a-19-30m-rol\/"},"modified":"2026-03-18T08:30:49","modified_gmt":"2026-03-18T07:30:49","slug":"sika-waterbar-a-19-30m-rol","status":"publish","type":"product","link":"https:\/\/hidroterm.dmcsrbija.com\/ru\/proizvod\/sika-waterbar-a-19-30m-rol\/","title":{"rendered":"Sika Waterbar A-19 30m\/rol"},"content":{"rendered":"<p data-start=\"79\" data-end=\"173\"><strong data-start=\"79\" data-end=\"173\">Sika Waterbar A-19 \u2013 Gumena traka za vodonepropusno zaptivanje spojeva u betonu (30m rolna)<\/strong><\/p>\n<p data-start=\"175\" data-end=\"440\">Sika Waterbar A-19 je kvalitetna gumena traka dizajnirana za vodonepropusno zaptivanje spojeva prilikom nastavka betoniranja. Idealna je za primenu u bazenima, podrumima, podzemnim gara\u017eama i drugim betonskim konstrukcijama gde je neophodna za\u0161tita od prodora vode.<\/p>\n<p data-start=\"442\" data-end=\"737\">Ova traka se koristi za zaptivanje dilatacionih i konstruktivnih spojnica, obezbe\u0111uju\u0107i pouzdanu hidroizolaciju na mestima gde se beton spaja sa novim slojevima. Sika Waterbar A-19 je posebno pogodna za hidro tehni\u010dke objekte i postrojenja za preradu vode, gde je trajna za\u0161tita od vode klju\u010dna.<\/p>\n<p data-start=\"739\" data-end=\"878\">Rolna je du\u017eine 30 metara, a cena se obra\u010dunava po metru, \u0161to je \u010dini ekonomi\u010dnim i prakti\u010dnim re\u0161enjem za sve vrste gra\u0111evinskih projekata.<\/p>","protected":false},"excerpt":{"rendered":"<p>Sika Waterbar A-19 \u2013 Gumena traka za vodonepropusno zaptivanje spojeva u betonu (30m rolna) Sika Waterbar A-19 je kvalitetna gumena traka dizajnirana za vodonepropusno zaptivanje spojeva prilikom nastavka betoniranja. Idealna je za primenu u bazenima, podrumima, podzemnim gara\u017eama i drugim betonskim konstrukcijama gde je neophodna za\u0161tita od prodora vode. Ova traka se koristi za zaptivanje [&hellip;]<\/p>\n","protected":false},"featured_media":22692,"template":"","meta":[],"product_brand":[],"product_cat":[5006,5008],"product_tag":[],"class_list":{"0":"post-22691","1":"product","2":"type-product","3":"status-publish","4":"has-post-thumbnail","6":"product_cat-gradjevinski-materijal","7":"product_cat-vodonepropusni-sistemi","9":"first","10":"instock","11":"sold-individually","12":"purchasable","13":"product-type-simple"},"_links":{"self":[{"href":"https:\/\/hidroterm.dmcsrbija.com\/ru\/wp-json\/wp\/v2\/product\/22691","targetHints":{"allow":["GET"]}}],"collection":[{"href":"https:\/\/hidroterm.dmcsrbija.com\/ru\/wp-json\/wp\/v2\/product"}],"about":[{"href":"https:\/\/hidroterm.dmcsrbija.com\/ru\/wp-json\/wp\/v2\/types\/product"}],"wp:featuredmedia":[{"embeddable":true,"href":"https:\/\/hidroterm.dmcsrbija.com\/ru\/wp-json\/wp\/v2\/media\/22692"}],"wp:attachment":[{"href":"https:\/\/hidroterm.dmcsrbija.com\/ru\/wp-json\/wp\/v2\/media?parent=22691"}],"wp:term":[{"taxonomy":"product_brand","embeddable":true,"href":"https:\/\/hidroterm.dmcsrbija.com\/ru\/wp-json\/wp\/v2\/product_brand?post=22691"},{"taxonomy":"product_cat","embeddable":true,"href":"https:\/\/hidroterm.dmcsrbija.com\/ru\/wp-json\/wp\/v2\/product_cat?post=22691"},{"taxonomy":"product_tag","embeddable":true,"href":"https:\/\/hidroterm.dmcsrbija.com\/ru\/wp-json\/wp\/v2\/product_tag?post=22691"}],"curies":[{"name":"wp","href":"https:\/\/api.w.org\/{rel}","templated":true}]}}