{"id":22689,"date":"2026-03-18T08:30:48","date_gmt":"2026-03-18T07:30:48","guid":{"rendered":"https:\/\/hidroterm.dmcsrbija.com\/proizvod\/sika-swell-s2-red-600ml\/"},"modified":"2026-03-18T08:30:49","modified_gmt":"2026-03-18T07:30:49","slug":"sika-swell-s2-red-600ml","status":"publish","type":"product","link":"https:\/\/hidroterm.dmcsrbija.com\/ru\/proizvod\/sika-swell-s2-red-600ml\/","title":{"rendered":"Sika Swell S2 Red 600ml"},"content":{"rendered":"<p data-start=\"127\" data-end=\"206\"><strong data-start=\"127\" data-end=\"206\">Sika Swell S2 Red 600ml \u2013 Jednokomponentna poliuretanska masa za zaptivanje<\/strong><\/p>\n<p data-start=\"208\" data-end=\"565\">Sika Swell S2 Red je jednokomponentna poliuretanska masa koja bubri pri kontaktu sa vodom, pru\u017eaju\u0107i dugotrajnu i efikasnu hidroizolaciju. Ova masa se jednostavno i brzo nanosi, a odli\u010dno prianja na razli\u010dite podloge. Njeno optimizovano bubrenje ne o\u0161te\u0107uje sve\u017e beton tokom procesa stvrdnjavanja, \u0161to je \u010dini pogodnom za upotrebu u najzahtevnijim uslovima.<\/p>\n<p data-start=\"567\" data-end=\"856\">Izuzetno je ekonomi\u010dna, a u dodiru sa vodom bubri i stvara trajnu vodonepropusnu barijeru. Formula je prilago\u0111ena da odgovara razli\u010ditim zahtevima pri obradi detalja, \u0161to doprinosi njenoj univerzalnosti u gra\u0111evinskoj primeni. Sika Swell S2 Red dolazi u crvenoj boji i pakovanju od 600 ml.<\/p>\n<p data-start=\"858\" data-end=\"1152\">Ova masa se koristi za zaptivanje vodonepropusnih objekata, uklju\u010duju\u0107i konstruktivne spojeve, cevi i \u010deli\u010dne konstrukcije kroz zidove i podne plo\u010de, kao i oko svih vrsta prodiru\u0107ih elemenata. Tako\u0111e je pogodna za pri\u010dvr\u0161\u0107ivanje Sika Injectoflex sistema tip HP i NS, kao i Sika Swell P profila.<\/p>\n<p data-start=\"858\" data-end=\"1152\">Cena po komadu.<\/p>\n<p data-start=\"858\" data-end=\"1152\">","protected":false},"excerpt":{"rendered":"<p>Sika Swell S2 Red 600ml \u2013 Jednokomponentna poliuretanska masa za zaptivanje Sika Swell S2 Red je jednokomponentna poliuretanska masa koja bubri pri kontaktu sa vodom, pru\u017eaju\u0107i dugotrajnu i efikasnu hidroizolaciju. Ova masa se jednostavno i brzo nanosi, a odli\u010dno prianja na razli\u010dite podloge. Njeno optimizovano bubrenje ne o\u0161te\u0107uje sve\u017e beton tokom procesa stvrdnjavanja, \u0161to je [&hellip;]<\/p>\n","protected":false},"featured_media":22690,"template":"","meta":[],"product_brand":[],"product_cat":[5006,5008],"product_tag":[],"class_list":{"0":"post-22689","1":"product","2":"type-product","3":"status-publish","4":"has-post-thumbnail","6":"product_cat-gradjevinski-materijal","7":"product_cat-vodonepropusni-sistemi","9":"first","10":"instock","11":"sold-individually","12":"purchasable","13":"product-type-simple"},"_links":{"self":[{"href":"https:\/\/hidroterm.dmcsrbija.com\/ru\/wp-json\/wp\/v2\/product\/22689","targetHints":{"allow":["GET"]}}],"collection":[{"href":"https:\/\/hidroterm.dmcsrbija.com\/ru\/wp-json\/wp\/v2\/product"}],"about":[{"href":"https:\/\/hidroterm.dmcsrbija.com\/ru\/wp-json\/wp\/v2\/types\/product"}],"wp:featuredmedia":[{"embeddable":true,"href":"https:\/\/hidroterm.dmcsrbija.com\/ru\/wp-json\/wp\/v2\/media\/22690"}],"wp:attachment":[{"href":"https:\/\/hidroterm.dmcsrbija.com\/ru\/wp-json\/wp\/v2\/media?parent=22689"}],"wp:term":[{"taxonomy":"product_brand","embeddable":true,"href":"https:\/\/hidroterm.dmcsrbija.com\/ru\/wp-json\/wp\/v2\/product_brand?post=22689"},{"taxonomy":"product_cat","embeddable":true,"href":"https:\/\/hidroterm.dmcsrbija.com\/ru\/wp-json\/wp\/v2\/product_cat?post=22689"},{"taxonomy":"product_tag","embeddable":true,"href":"https:\/\/hidroterm.dmcsrbija.com\/ru\/wp-json\/wp\/v2\/product_tag?post=22689"}],"curies":[{"name":"wp","href":"https:\/\/api.w.org\/{rel}","templated":true}]}}