{"id":22687,"date":"2026-03-18T08:30:48","date_gmt":"2026-03-18T07:30:48","guid":{"rendered":"https:\/\/hidroterm.dmcsrbija.com\/proizvod\/sika-swell-p2507-10m\/"},"modified":"2026-03-18T08:30:49","modified_gmt":"2026-03-18T07:30:49","slug":"sika-swell-p2507-10m","status":"publish","type":"product","link":"https:\/\/hidroterm.dmcsrbija.com\/ru\/proizvod\/sika-swell-p2507-10m\/","title":{"rendered":"Sika Swell P2507 10m"},"content":{"rendered":"<p data-start=\"172\" data-end=\"394\">Sika Swell P2507 predstavlja kompletan i pouzdan sistem hidroizolacije za zaptivanje spojeva i prekida u betoniranju. Ovaj ekspandiraju\u0107i profil je jednostavan za ugradnju, ekonomi\u010dan i efikasan u spre\u010davanju prodora vode.<\/p>\n<p><strong data-start=\"396\" data-end=\"417\">Namena i primena:<\/strong><\/p>\n<ul data-start=\"419\" data-end=\"674\">\n<li data-start=\"419\" data-end=\"466\">\n<p data-start=\"421\" data-end=\"466\">Zaptivanje konstruktivnih spojnica u betonu<\/p>\n<\/li>\n<li data-start=\"467\" data-end=\"543\">\n<p data-start=\"469\" data-end=\"543\">Hidroizolacija cevi i \u010deli\u010dnih konstrukcija unutar zidova i podnih plo\u010da<\/p>\n<\/li>\n<li data-start=\"544\" data-end=\"580\">\n<p data-start=\"546\" data-end=\"580\">Prefabrikovani betonski elementi<\/p>\n<\/li>\n<li data-start=\"581\" data-end=\"626\">\n<p data-start=\"583\" data-end=\"626\">Spojnice u tunelima i kanalima za kablove<\/p>\n<\/li>\n<li data-start=\"627\" data-end=\"674\">\n<p data-start=\"629\" data-end=\"674\">Sve vrste elemenata koji prolaze kroz beton<\/p>\n<\/li>\n<\/ul>\n<p data-start=\"676\" data-end=\"715\"><strong data-start=\"676\" data-end=\"715\">Klju\u010dne prednosti Sika Swell P2507:<\/strong><\/p>\n<ul data-start=\"717\" data-end=\"1144\">\n<li data-start=\"717\" data-end=\"768\">\n<p data-start=\"719\" data-end=\"768\">Jednostavna i brza primena na razli\u010dite podloge<\/p>\n<\/li>\n<li data-start=\"769\" data-end=\"847\">\n<p data-start=\"771\" data-end=\"847\">Ekspanzija u dodiru sa vodom \u2013 pouzdano bubrenje koje spre\u010dava prodor vode<\/p>\n<\/li>\n<li data-start=\"848\" data-end=\"899\">\n<p data-start=\"850\" data-end=\"899\">Za\u0161titni sloj koji spre\u010dava prevremeno bubrenje<\/p>\n<\/li>\n<li data-start=\"900\" data-end=\"955\">\n<p data-start=\"902\" data-end=\"955\">Vodonepropustan i ne zahteva vreme za stvrdnjavanje<\/p>\n<\/li>\n<li data-start=\"956\" data-end=\"1002\">\n<p data-start=\"958\" data-end=\"1002\">Ne zahteva zavarivanje ili dodatne spojeve<\/p>\n<\/li>\n<li data-start=\"1003\" data-end=\"1057\">\n<p data-start=\"1005\" data-end=\"1057\">Prilago\u0111en razli\u010ditim zahtevima i detaljima obrade<\/p>\n<\/li>\n<li data-start=\"1058\" data-end=\"1087\">\n<p data-start=\"1060\" data-end=\"1087\">Dostupan u vi\u0161e dimenzija<\/p>\n<\/li>\n<li data-start=\"1088\" data-end=\"1144\">\n<p data-start=\"1090\" data-end=\"1144\">Ekonomi\u010dan, sa pakovanjem od 10 metara (cena po metru)<\/p>\n<\/li>\n<\/ul>\n<p data-start=\"1146\" data-end=\"1306\"><strong data-start=\"1146\" data-end=\"1166\">Sika Swell P2507<\/strong> je idealno re\u0161enje za sve vrste hidroizolacionih zahteva kod spojeva u betonu, pru\u017eaju\u0107i dugotrajnu za\u0161titu i sigurnost va\u0161ih konstrukcija.<\/p>\n<p data-start=\"1146\" data-end=\"1306\">Cena je po metru.<\/p>","protected":false},"excerpt":{"rendered":"<p>Sika Swell P2507 predstavlja kompletan i pouzdan sistem hidroizolacije za zaptivanje spojeva i prekida u betoniranju. Ovaj ekspandiraju\u0107i profil je jednostavan za ugradnju, ekonomi\u010dan i efikasan u spre\u010davanju prodora vode. Namena i primena: Zaptivanje konstruktivnih spojnica u betonu Hidroizolacija cevi i \u010deli\u010dnih konstrukcija unutar zidova i podnih plo\u010da Prefabrikovani betonski elementi Spojnice u tunelima i [&hellip;]<\/p>\n","protected":false},"featured_media":22688,"template":"","meta":[],"product_brand":[],"product_cat":[5006,5008],"product_tag":[],"class_list":{"0":"post-22687","1":"product","2":"type-product","3":"status-publish","4":"has-post-thumbnail","6":"product_cat-gradjevinski-materijal","7":"product_cat-vodonepropusni-sistemi","9":"first","10":"instock","11":"sold-individually","12":"purchasable","13":"product-type-simple"},"_links":{"self":[{"href":"https:\/\/hidroterm.dmcsrbija.com\/ru\/wp-json\/wp\/v2\/product\/22687","targetHints":{"allow":["GET"]}}],"collection":[{"href":"https:\/\/hidroterm.dmcsrbija.com\/ru\/wp-json\/wp\/v2\/product"}],"about":[{"href":"https:\/\/hidroterm.dmcsrbija.com\/ru\/wp-json\/wp\/v2\/types\/product"}],"wp:featuredmedia":[{"embeddable":true,"href":"https:\/\/hidroterm.dmcsrbija.com\/ru\/wp-json\/wp\/v2\/media\/22688"}],"wp:attachment":[{"href":"https:\/\/hidroterm.dmcsrbija.com\/ru\/wp-json\/wp\/v2\/media?parent=22687"}],"wp:term":[{"taxonomy":"product_brand","embeddable":true,"href":"https:\/\/hidroterm.dmcsrbija.com\/ru\/wp-json\/wp\/v2\/product_brand?post=22687"},{"taxonomy":"product_cat","embeddable":true,"href":"https:\/\/hidroterm.dmcsrbija.com\/ru\/wp-json\/wp\/v2\/product_cat?post=22687"},{"taxonomy":"product_tag","embeddable":true,"href":"https:\/\/hidroterm.dmcsrbija.com\/ru\/wp-json\/wp\/v2\/product_tag?post=22687"}],"curies":[{"name":"wp","href":"https:\/\/api.w.org\/{rel}","templated":true}]}}