{"id":22685,"date":"2026-03-18T08:30:48","date_gmt":"2026-03-18T07:30:48","guid":{"rendered":"https:\/\/hidroterm.dmcsrbija.com\/proizvod\/sika-seal-tape-s-10m\/"},"modified":"2026-03-18T08:30:48","modified_gmt":"2026-03-18T07:30:48","slug":"sika-seal-tape-s-10m","status":"publish","type":"product","link":"https:\/\/hidroterm.dmcsrbija.com\/ru\/proizvod\/sika-seal-tape-s-10m\/","title":{"rendered":"Sika Seal Tape S (10m)"},"content":{"rendered":"<p data-start=\"89\" data-end=\"368\"><strong data-start=\"89\" data-end=\"115\">Sika Seal Tape S (10m)<\/strong> je elasti\u010dna hidroizolaciona traka sa pletenom mre\u017eicom i lepljivim slojem sa obe strane, dizajnirana za pouzdano zaptivanje spojeva i fugni u kombinaciji sa vodonepropusnim lepkom, kerami\u010dkim plo\u010dicama i polimercementnim hidroizolacionim materijalima.<\/p>\n<p data-start=\"370\" data-end=\"721\">Idealna je za zaptivanje spojeva izme\u0111u poda i zidova, oko i ispod plo\u010dica u mokrim prostorijama kao \u0161to su kupatila, kuhinje i balkoni, kao i za za\u0161titu fasadnih elemenata, podruma i bazena od prodora vode. Koristi se za zaptivanje dilatacionih fuga, radnih fuga, uglova i cevi, pru\u017eaju\u0107i visoku elasti\u010dnost, vodootpornost i dobru hemijsku otpornost.<\/p>\n<p data-start=\"723\" data-end=\"903\">Traka je jednostavna za ugradnju i pogodna za unutra\u0161nju i spolja\u0161nju upotrebu, sa termi\u010dkom otpornosti od -25\u00b0C do +60\u00b0C, \u010dine\u0107i je pouzdanim izborom za dugotrajnu hidroizolaciju.<\/p>","protected":false},"excerpt":{"rendered":"<p>Sika Seal Tape S (10m) je elasti\u010dna hidroizolaciona traka sa pletenom mre\u017eicom i lepljivim slojem sa obe strane, dizajnirana za pouzdano zaptivanje spojeva i fugni u kombinaciji sa vodonepropusnim lepkom, kerami\u010dkim plo\u010dicama i polimercementnim hidroizolacionim materijalima. Idealna je za zaptivanje spojeva izme\u0111u poda i zidova, oko i ispod plo\u010dica u mokrim prostorijama kao \u0161to su [&hellip;]<\/p>\n","protected":false},"featured_media":22686,"template":"","meta":[],"product_brand":[],"product_cat":[5006,5007],"product_tag":[],"class_list":{"0":"post-22685","1":"product","2":"type-product","3":"status-publish","4":"has-post-thumbnail","6":"product_cat-gradjevinski-materijal","7":"product_cat-hidroizolacija","9":"first","10":"instock","11":"sold-individually","12":"purchasable","13":"product-type-simple"},"_links":{"self":[{"href":"https:\/\/hidroterm.dmcsrbija.com\/ru\/wp-json\/wp\/v2\/product\/22685","targetHints":{"allow":["GET"]}}],"collection":[{"href":"https:\/\/hidroterm.dmcsrbija.com\/ru\/wp-json\/wp\/v2\/product"}],"about":[{"href":"https:\/\/hidroterm.dmcsrbija.com\/ru\/wp-json\/wp\/v2\/types\/product"}],"wp:featuredmedia":[{"embeddable":true,"href":"https:\/\/hidroterm.dmcsrbija.com\/ru\/wp-json\/wp\/v2\/media\/22686"}],"wp:attachment":[{"href":"https:\/\/hidroterm.dmcsrbija.com\/ru\/wp-json\/wp\/v2\/media?parent=22685"}],"wp:term":[{"taxonomy":"product_brand","embeddable":true,"href":"https:\/\/hidroterm.dmcsrbija.com\/ru\/wp-json\/wp\/v2\/product_brand?post=22685"},{"taxonomy":"product_cat","embeddable":true,"href":"https:\/\/hidroterm.dmcsrbija.com\/ru\/wp-json\/wp\/v2\/product_cat?post=22685"},{"taxonomy":"product_tag","embeddable":true,"href":"https:\/\/hidroterm.dmcsrbija.com\/ru\/wp-json\/wp\/v2\/product_tag?post=22685"}],"curies":[{"name":"wp","href":"https:\/\/api.w.org\/{rel}","templated":true}]}}