{"id":22682,"date":"2026-03-18T08:30:34","date_gmt":"2026-03-18T07:30:34","guid":{"rendered":"https:\/\/hidroterm.dmcsrbija.com\/proizvod\/sika-lastic-200w-10kg\/"},"modified":"2026-03-18T08:30:47","modified_gmt":"2026-03-18T07:30:47","slug":"sika-lastic-200w-10kg","status":"publish","type":"product","link":"https:\/\/hidroterm.dmcsrbija.com\/ru\/proizvod\/sika-lastic-200w-10kg\/","title":{"rendered":"Sika Lastic 200W (10kg)"},"content":{"rendered":"<p data-start=\"126\" data-end=\"525\"><strong data-start=\"126\" data-end=\"155\">Sikalastic\u00ae-200 W (10 kg)<\/strong> je jednokomponentni, te\u010dni hidroizolacioni premaz za unutra\u0161nju upotrebu koji stvara fleksibilnu i vodonepropusnu membranu ispod za\u0161titnog sloja poput kerami\u010dkih plo\u010dica ili kamenih obloga. Idealno je re\u0161enje za hidroizolaciju kupatila, tu\u0161-kabina, kuhinja i prostorija sa vodovodnim instalacijama, kao i za prolaze, hodnike i stepeni\u0161ta u javnim i privatnim objektima.<\/p>\n<p data-start=\"527\" data-end=\"800\">Proizvod je spreman za upotrebu, bez rastvara\u010da, i mo\u017ee se nanositi na horizontalne i vertikalne povr\u0161ine, uklju\u010duju\u0107i i one sa podnim grejanjem. Nakon nano\u0161enja i o\u010dvr\u0161\u0107avanja, membrana se mora prekriti odgovaraju\u0107im za\u0161titnim slojem kao \u0161to su plo\u010dice ili prirodni kamen.<\/p>\n<p data-start=\"527\" data-end=\"800\">Potro\u0161nja\u00a0 <strong data-start=\"20\" data-end=\"49\">Sikalastic\u00ae-200 W (10 kg)<\/strong> je pribli\u017eno <strong data-start=\"63\" data-end=\"76\">1,2 kg\/m\u00b2<\/strong>.<\/p>\n<p data-start=\"527\" data-end=\"800\">Cena po pakovanju<\/p>","protected":false},"excerpt":{"rendered":"<p>Sikalastic\u00ae-200 W (10 kg) je jednokomponentni, te\u010dni hidroizolacioni premaz za unutra\u0161nju upotrebu koji stvara fleksibilnu i vodonepropusnu membranu ispod za\u0161titnog sloja poput kerami\u010dkih plo\u010dica ili kamenih obloga. Idealno je re\u0161enje za hidroizolaciju kupatila, tu\u0161-kabina, kuhinja i prostorija sa vodovodnim instalacijama, kao i za prolaze, hodnike i stepeni\u0161ta u javnim i privatnim objektima. Proizvod je spreman [&hellip;]<\/p>\n","protected":false},"featured_media":22681,"template":"","meta":[],"product_brand":[],"product_cat":[5006,5007],"product_tag":[],"class_list":{"0":"post-22682","1":"product","2":"type-product","3":"status-publish","4":"has-post-thumbnail","6":"product_cat-gradjevinski-materijal","7":"product_cat-hidroizolacija","9":"first","10":"instock","11":"sold-individually","12":"purchasable","13":"product-type-simple"},"_links":{"self":[{"href":"https:\/\/hidroterm.dmcsrbija.com\/ru\/wp-json\/wp\/v2\/product\/22682","targetHints":{"allow":["GET"]}}],"collection":[{"href":"https:\/\/hidroterm.dmcsrbija.com\/ru\/wp-json\/wp\/v2\/product"}],"about":[{"href":"https:\/\/hidroterm.dmcsrbija.com\/ru\/wp-json\/wp\/v2\/types\/product"}],"wp:featuredmedia":[{"embeddable":true,"href":"https:\/\/hidroterm.dmcsrbija.com\/ru\/wp-json\/wp\/v2\/media\/22681"}],"wp:attachment":[{"href":"https:\/\/hidroterm.dmcsrbija.com\/ru\/wp-json\/wp\/v2\/media?parent=22682"}],"wp:term":[{"taxonomy":"product_brand","embeddable":true,"href":"https:\/\/hidroterm.dmcsrbija.com\/ru\/wp-json\/wp\/v2\/product_brand?post=22682"},{"taxonomy":"product_cat","embeddable":true,"href":"https:\/\/hidroterm.dmcsrbija.com\/ru\/wp-json\/wp\/v2\/product_cat?post=22682"},{"taxonomy":"product_tag","embeddable":true,"href":"https:\/\/hidroterm.dmcsrbija.com\/ru\/wp-json\/wp\/v2\/product_tag?post=22682"}],"curies":[{"name":"wp","href":"https:\/\/api.w.org\/{rel}","templated":true}]}}