{"id":22674,"date":"2026-03-18T08:30:34","date_gmt":"2026-03-18T07:30:34","guid":{"rendered":"https:\/\/hidroterm.dmcsrbija.com\/proizvod\/diainver-wintersleep-zimska-tecnost-za-odrzavanje-1l\/"},"modified":"2026-03-18T08:30:46","modified_gmt":"2026-03-18T07:30:46","slug":"diainver-wintersleep-zimska-tecnost-za-odrzavanje-1l","status":"publish","type":"product","link":"https:\/\/hidroterm.dmcsrbija.com\/ru\/proizvod\/diainver-wintersleep-zimska-tecnost-za-odrzavanje-1l\/","title":{"rendered":"Diainver Wintersleep zimska te\u010dnost za odr\u017eavanje 1L"},"content":{"rendered":"<h3 class=\"\" data-start=\"197\" data-end=\"251\"><strong data-start=\"201\" data-end=\"251\">Winter Sleep \u2013 Zimski tretman za bazensku vodu<\/strong><\/h3>\n<p class=\"\" data-start=\"253\" data-end=\"330\"><strong data-start=\"253\" data-end=\"330\">Kompletno re\u0161enje za za\u0161titu bazena tokom zime \u2013 u samo jednom proizvodu!<\/strong><\/p>\n<p class=\"\" data-start=\"332\" data-end=\"685\">Winter Sleep je specijalno formulisano sredstvo za zimsko odr\u017eavanje bazenske vode, koje spre\u010dava razvoj algi, bakterija i taloga, \u010dime \u0161titi vodu i konstrukciju bazena tokom hladnih meseci. Zahvaljuju\u0107i svom <strong data-start=\"541\" data-end=\"558\">3-u-1 dejstvu<\/strong> (dezinfekcija, flokulacija i algicidna za\u0161tita), omogu\u0107ava da bazen ostane \u010dist i spreman za novu sezonu \u2013 bez dodatnog truda.<\/p>\n<p class=\"\" data-start=\"687\" data-end=\"769\"><strong data-start=\"690\" data-end=\"769\">Najbolji efekat se posti\u017ee u kombinaciji sa Dispenser Wintersleep ure\u0111ajem.<\/strong><\/p>\n<h4 class=\"\" data-start=\"776\" data-end=\"806\"><strong data-start=\"781\" data-end=\"806\">Uputstvo za upotrebu:<\/strong><\/h4>\n<p class=\"\" data-start=\"808\" data-end=\"1006\"><strong data-start=\"811\" data-end=\"861\">*Korak 1 \u2013 \u0160ok tretman (pre zatvaranja bazena):<\/strong><br data-start=\"861\" data-end=\"864\" \/>Dodajte <strong data-start=\"872\" data-end=\"909\">15 g Hlor granulata 60 po m\u00b3 vode<\/strong>. Nakon 2 sata, podesite pH vrednost izme\u0111u <strong data-start=\"953\" data-end=\"966\">7,2 i 7,6<\/strong> pomo\u0107u pH Plus ili pH Minus regulatora.<\/p>\n<p class=\"\" data-start=\"1008\" data-end=\"1066\"><strong data-start=\"1011\" data-end=\"1064\">*Korak 2 \u2013 Doziranje Winter Sleep-a (dan kasnije):<\/strong><\/p>\n<ul data-start=\"1067\" data-end=\"1188\">\n<li class=\"\" data-start=\"1067\" data-end=\"1105\">\n<p class=\"\" data-start=\"1069\" data-end=\"1105\"><strong data-start=\"1069\" data-end=\"1085\">Mekana voda:<\/strong> 3 litra na 100 m\u00b3<\/p>\n<\/li>\n<li class=\"\" data-start=\"1106\" data-end=\"1143\">\n<p class=\"\" data-start=\"1108\" data-end=\"1143\"><strong data-start=\"1108\" data-end=\"1123\">Tvrda voda:<\/strong> 4 litra na 100 m\u00b3<\/p>\n<\/li>\n<li class=\"\" data-start=\"1144\" data-end=\"1188\">\n<p class=\"\" data-start=\"1146\" data-end=\"1188\"><strong data-start=\"1146\" data-end=\"1167\">Veoma tvrda voda:<\/strong> 5 litara na 100 m\u00b3<\/p>\n<\/li>\n<\/ul>\n<p class=\"\" data-start=\"1190\" data-end=\"1341\">Koristite sistem za filtriranje radi ravnomerne raspodele proizvoda.<\/p>\n<p class=\"\" data-start=\"1190\" data-end=\"1341\">Preporu\u010duje se <strong data-start=\"1280\" data-end=\"1312\">ponovno doziranje tokom zime<\/strong>, posebno u toplijim klimama.<\/p>\n<h4 class=\"\" data-start=\"1348\" data-end=\"1379\"><strong data-start=\"1353\" data-end=\"1379\">Preporuke za upotrebu:<\/strong><\/h4>\n<ul data-start=\"1380\" data-end=\"1620\">\n<li class=\"\" data-start=\"1380\" data-end=\"1441\">\n<p class=\"\" data-start=\"1382\" data-end=\"1441\">Tretman zapo\u010deti kada temperatura vode padne <strong data-start=\"1427\" data-end=\"1441\">ispod 15\u00b0C<\/strong><\/p>\n<\/li>\n<li class=\"\" data-start=\"1442\" data-end=\"1493\">\n<p class=\"\" data-start=\"1444\" data-end=\"1493\"><strong data-start=\"1444\" data-end=\"1460\">Topla klima:<\/strong> povremeno uklju\u010dite filtraciju<\/p>\n<\/li>\n<li class=\"\" data-start=\"1494\" data-end=\"1620\">\n<p class=\"\" data-start=\"1496\" data-end=\"1620\"><strong data-start=\"1496\" data-end=\"1513\">Hladna klima:<\/strong> spustite nivo vode ispod skimera, ispraznite cevi i koristite plovak\/filtracijski ure\u0111aj za za\u0161titu bazena<\/p>\n<\/li>\n<\/ul>\n<p class=\"\" data-start=\"1627\" data-end=\"1772\"><strong data-start=\"1627\" data-end=\"1643\">Winter Sleep<\/strong> je idealan za vlasnike bazena koji \u017eele <strong data-start=\"1684\" data-end=\"1728\">dugoro\u010dnu za\u0161titu bez stalnog odr\u017eavanja<\/strong>, uz minimalno ulaganje i maksimalan efekat.<\/p>\n<p class=\"\" data-start=\"1774\" data-end=\"1841\"><strong data-start=\"1777\" data-end=\"1841\">Dodajte u korpu i pripremite svoj bazen za zimu \u2013 bez brige!<\/strong><\/p>","protected":false},"excerpt":{"rendered":"<p>Winter Sleep je multifunkcionalno sredstvo za zimsko odr\u017eavanje bazena koje spre\u010dava razvoj algi i bakterija, \u010duva kvalitet vode i \u0161titi bazensku opremu tokom hladnih meseci.<\/p>","protected":false},"featured_media":22675,"template":"","meta":[],"product_brand":[],"product_cat":[4986,5002],"product_tag":[],"class_list":{"0":"post-22674","1":"product","2":"type-product","3":"status-publish","4":"has-post-thumbnail","6":"product_cat-hemija-za-bazene-bazeni","7":"product_cat-hemija-za-zimsko-odrzavanje-bazena","9":"first","10":"instock","11":"sold-individually","12":"purchasable","13":"product-type-simple"},"_links":{"self":[{"href":"https:\/\/hidroterm.dmcsrbija.com\/ru\/wp-json\/wp\/v2\/product\/22674","targetHints":{"allow":["GET"]}}],"collection":[{"href":"https:\/\/hidroterm.dmcsrbija.com\/ru\/wp-json\/wp\/v2\/product"}],"about":[{"href":"https:\/\/hidroterm.dmcsrbija.com\/ru\/wp-json\/wp\/v2\/types\/product"}],"wp:featuredmedia":[{"embeddable":true,"href":"https:\/\/hidroterm.dmcsrbija.com\/ru\/wp-json\/wp\/v2\/media\/22675"}],"wp:attachment":[{"href":"https:\/\/hidroterm.dmcsrbija.com\/ru\/wp-json\/wp\/v2\/media?parent=22674"}],"wp:term":[{"taxonomy":"product_brand","embeddable":true,"href":"https:\/\/hidroterm.dmcsrbija.com\/ru\/wp-json\/wp\/v2\/product_brand?post=22674"},{"taxonomy":"product_cat","embeddable":true,"href":"https:\/\/hidroterm.dmcsrbija.com\/ru\/wp-json\/wp\/v2\/product_cat?post=22674"},{"taxonomy":"product_tag","embeddable":true,"href":"https:\/\/hidroterm.dmcsrbija.com\/ru\/wp-json\/wp\/v2\/product_tag?post=22674"}],"curies":[{"name":"wp","href":"https:\/\/api.w.org\/{rel}","templated":true}]}}