{"id":22666,"date":"2026-03-18T08:30:34","date_gmt":"2026-03-18T07:30:34","guid":{"rendered":"https:\/\/hidroterm.dmcsrbija.com\/proizvod\/flokulant-gel-za-bazene-gel\/"},"modified":"2026-03-18T08:30:42","modified_gmt":"2026-03-18T07:30:42","slug":"flokulant-gel-za-bazene-gel","status":"publish","type":"product","link":"https:\/\/hidroterm.dmcsrbija.com\/ru\/proizvod\/flokulant-gel-za-bazene-gel\/","title":{"rendered":"Flokulant gel za bazene &#8211; GEL"},"content":{"rendered":"<h3 class=\"\" data-start=\"140\" data-end=\"204\"><strong data-start=\"144\" data-end=\"204\">Pool Gel \u2013 Flokulant gel tableta za kristalno \u010distu vodu<\/strong><\/h3>\n<p class=\"\" data-start=\"206\" data-end=\"508\"><strong data-start=\"206\" data-end=\"218\">Pool Gel<\/strong> je inovativni flokulant u obliku gel tablete koji kristali\u0161e vodu i daje joj <strong data-start=\"296\" data-end=\"341\">biserno plavu, sjajnu boju sli\u010dnu morskoj<\/strong>. Redovnom upotrebom uklanja i najsitnije ne\u010disto\u0107e iz vode, <strong data-start=\"402\" data-end=\"446\">poja\u010dava efekat dezinfekcionih sredstava<\/strong> i doprinosi vrhunskom vizuelnom i higijenskom kvalitetu vode.<\/p>\n<p class=\"\" data-start=\"510\" data-end=\"567\"><strong data-start=\"513\" data-end=\"567\">Jedna tableta tretira 30\u201350 m\u00b3 vode tokom 20 dana.<\/strong><\/p>\n<h4 class=\"\" data-start=\"574\" data-end=\"604\"><strong data-start=\"579\" data-end=\"604\">Uputstvo za upotrebu:<\/strong><\/h4>\n<ol data-start=\"606\" data-end=\"882\">\n<li class=\"\" data-start=\"606\" data-end=\"668\">\n<p class=\"\" data-start=\"609\" data-end=\"668\">Isperite filter ako to niste uradili u poslednjih 5 dana.<\/p>\n<\/li>\n<li class=\"\" data-start=\"669\" data-end=\"741\">\n<p class=\"\" data-start=\"672\" data-end=\"741\">Raspakujte gel tabletu i stavite je direktno u <strong data-start=\"719\" data-end=\"738\">skimer ko\u0161aricu<\/strong>.<\/p>\n<\/li>\n<li class=\"\" data-start=\"742\" data-end=\"807\">\n<p class=\"\" data-start=\"745\" data-end=\"807\">Nastavite sa uobi\u010dajenim odr\u017eavanjem bazena (hlor, pH, itd).<\/p>\n<\/li>\n<li class=\"\" data-start=\"808\" data-end=\"882\">\n<p class=\"\" data-start=\"811\" data-end=\"882\">Ispiranje filtera se preporu\u010duje <strong data-start=\"844\" data-end=\"866\">na svakih 5\u20137 dana<\/strong> ili po potrebi.<\/p>\n<\/li>\n<\/ol>\n<h4 class=\"\" data-start=\"889\" data-end=\"907\"><strong data-start=\"894\" data-end=\"907\">Napomene:<\/strong><\/h4>\n<ul data-start=\"908\" data-end=\"1261\">\n<li class=\"\" data-start=\"908\" data-end=\"1044\">\n<p class=\"\" data-start=\"910\" data-end=\"1044\">Pool Gel se mo\u017ee br\u017ee otapati u zavisnosti od veli\u010dine bazena i brzine filtracije, ali njegovi <strong data-start=\"1005\" data-end=\"1043\">aktivni sastojci deluju dugotrajno<\/strong>.<\/p>\n<\/li>\n<li class=\"\" data-start=\"1045\" data-end=\"1122\">\n<p class=\"\" data-start=\"1047\" data-end=\"1122\">Izlo\u017eenost vazduhu mo\u017ee smanjiti veli\u010dinu gela, ali ne uti\u010de na efikasnost.<\/p>\n<\/li>\n<li class=\"\" data-start=\"1123\" data-end=\"1198\">\n<p class=\"\" data-start=\"1125\" data-end=\"1198\"><strong data-start=\"1125\" data-end=\"1164\">Ne stavljati direktno na dno bazena<\/strong> \u2013 mo\u017ee izazvati klizavu povr\u0161inu.<\/p>\n<\/li>\n<li class=\"\" data-start=\"1199\" data-end=\"1261\">\n<p class=\"\" data-start=\"1201\" data-end=\"1261\">Proizvod je netoksi\u010dan, ali ga <strong data-start=\"1232\" data-end=\"1260\">dr\u017eati van doma\u0161aja dece<\/strong>.<\/p>\n<\/li>\n<\/ul>\n<p class=\"\" data-start=\"1268\" data-end=\"1350\"><strong data-start=\"1271\" data-end=\"1350\">Dodajte u korpu i obezbedite besprekoran sjaj i \u010disto\u0107u va\u0161e bazenske vode!<\/strong><\/p>","protected":false},"excerpt":{"rendered":"<article class=\"text-token-text-primary w-full\" dir=\"auto\" data-testid=\"conversation-turn-46\" data-scroll-anchor=\"true\">\n<div class=\"text-base my-auto mx-auto py-5 [--thread-content-margin:--spacing(4)] @[37rem]:[--thread-content-margin:--spacing(6)] @[70rem]:[--thread-content-margin:--spacing(12)] px-(--thread-content-margin)\">\n<div class=\"[--thread-content-max-width:32rem] @[34rem]:[--thread-content-max-width:40rem] @[64rem]:[--thread-content-max-width:48rem] mx-auto flex max-w-(--thread-content-max-width) flex-1 text-base gap-4 md:gap-5 lg:gap-6 group\/turn-messages focus-visible:outline-hidden\">\n<div class=\"group\/conversation-turn relative flex w-full min-w-0 flex-col agent-turn\">\n<div class=\"relative flex-col gap-1 md:gap-3\">\n<div class=\"flex max-w-full flex-col grow\">\n<div class=\"min-h-8 text-message relative flex w-full flex-col items-end gap-2 text-start break-words whitespace-normal [.text-message+&amp;]:mt-5\" dir=\"auto\" data-message-author-role=\"assistant\" data-message-id=\"85f1d5bb-99d9-449f-81b6-b00f3fe5ca91\" data-message-model-slug=\"gpt-4o\">\n<div class=\"flex w-full flex-col gap-1 empty:hidden first:pt-[3px]\">\n<div class=\"markdown prose dark:prose-invert w-full break-words dark\">\n<p class=\"\" data-start=\"1406\" data-end=\"1601\">Pool Gel je gel tableta za flokulaciju koja kristali\u0161e bazensku vodu, poja\u010dava efekat dezinfekcije i obezbe\u0111uje biserno plavu, bistru vodu do 20 dana po jednoj tableti.<\/p>\n<\/div>\n<\/div>\n<\/div>\n<\/div>\n<div class=\"flex justify-start\">\n<div class=\"touch:-me-2 touch:-ms-3.5 -ms-2.5 -me-1 flex items-center p-1 select-none -mt-1 duration-[1.5s] focus-within:transition-none hover:transition-none pointer-events-none [mask-image:linear-gradient(to_right,black_33%,transparent_66%)] [mask-position:100%_0%] [mask-size:300%_100%] motion-safe:transition-[mask-position] group-hover\/turn-messages:pointer-events-auto group-hover\/turn-messages:[mask-position:0_0] group-focus-within\/turn-messages:pointer-events-auto group-focus-within\/turn-messages:[mask-position:0_0] has-data-[state=open]:pointer-events-auto has-data-[state=open]:[mask-position:0_0]\"><\/div>\n<\/div>\n<\/div>\n<div class=\"absolute\">\n<div class=\"flex items-center justify-center\"><\/div>\n<\/div>\n<\/div>\n<\/div>\n<\/div>\n<\/article>\n<div class=\"pointer-events-none h-px w-px\" aria-hidden=\"true\" data-edge=\"true\"><\/div>\n","protected":false},"featured_media":22667,"template":"","meta":[],"product_brand":[],"product_cat":[4986,5000],"product_tag":[],"class_list":{"0":"post-22666","1":"product","2":"type-product","3":"status-publish","4":"has-post-thumbnail","6":"product_cat-hemija-za-bazene-bazeni","7":"product_cat-hemija-za-letnje-odrzavanje-bazena","9":"first","10":"instock","11":"sold-individually","12":"purchasable","13":"product-type-simple"},"_links":{"self":[{"href":"https:\/\/hidroterm.dmcsrbija.com\/ru\/wp-json\/wp\/v2\/product\/22666","targetHints":{"allow":["GET"]}}],"collection":[{"href":"https:\/\/hidroterm.dmcsrbija.com\/ru\/wp-json\/wp\/v2\/product"}],"about":[{"href":"https:\/\/hidroterm.dmcsrbija.com\/ru\/wp-json\/wp\/v2\/types\/product"}],"wp:featuredmedia":[{"embeddable":true,"href":"https:\/\/hidroterm.dmcsrbija.com\/ru\/wp-json\/wp\/v2\/media\/22667"}],"wp:attachment":[{"href":"https:\/\/hidroterm.dmcsrbija.com\/ru\/wp-json\/wp\/v2\/media?parent=22666"}],"wp:term":[{"taxonomy":"product_brand","embeddable":true,"href":"https:\/\/hidroterm.dmcsrbija.com\/ru\/wp-json\/wp\/v2\/product_brand?post=22666"},{"taxonomy":"product_cat","embeddable":true,"href":"https:\/\/hidroterm.dmcsrbija.com\/ru\/wp-json\/wp\/v2\/product_cat?post=22666"},{"taxonomy":"product_tag","embeddable":true,"href":"https:\/\/hidroterm.dmcsrbija.com\/ru\/wp-json\/wp\/v2\/product_tag?post=22666"}],"curies":[{"name":"wp","href":"https:\/\/api.w.org\/{rel}","templated":true}]}}