{"id":22664,"date":"2026-03-18T08:30:34","date_gmt":"2026-03-18T07:30:34","guid":{"rendered":"https:\/\/hidroterm.dmcsrbija.com\/proizvod\/flokulant-za-bazene-tecni-diasa-1l\/"},"modified":"2026-03-18T08:30:41","modified_gmt":"2026-03-18T07:30:41","slug":"flokulant-za-bazene-tecni-diasa-1l","status":"publish","type":"product","link":"https:\/\/hidroterm.dmcsrbija.com\/ru\/proizvod\/flokulant-za-bazene-tecni-diasa-1l\/","title":{"rendered":"Flokulant za bazene te\u010dni Diasa 1L"},"content":{"rendered":"<h3 class=\"\" data-start=\"128\" data-end=\"209\"><strong data-start=\"132\" data-end=\"209\">Flokulant \u2013 Sredstvo za bistrenje i uklanjanje ne\u010disto\u0107a iz bazenske vode<\/strong><\/h3>\n<p class=\"\" data-start=\"211\" data-end=\"443\"><strong data-start=\"211\" data-end=\"224\">Flokulant<\/strong> je efikasno sredstvo za <strong data-start=\"249\" data-end=\"267\">bistrenje vode<\/strong> koje deluje tako \u0161to <strong data-start=\"289\" data-end=\"340\">vezuje sitne ne\u010disto\u0107e u ve\u0107e \u010destice (flokule)<\/strong> koje se zadr\u017eavaju u filteru ili se talo\u017ee na dnu bazena, olak\u0161avaju\u0107i njihovo uklanjanje usisavanjem.<\/p>\n<p class=\"\" data-start=\"445\" data-end=\"560\">Idealan je za <strong data-start=\"462\" data-end=\"493\">brzo uklanjanje zamu\u0107enosti<\/strong>, pobolj\u0161ava rad filter sistema i doprinosi savr\u0161enoj jasno\u0107i vode.<\/p>\n<h4 class=\"\" data-start=\"567\" data-end=\"597\"><strong data-start=\"572\" data-end=\"597\">Uputstvo za upotrebu:<\/strong><\/h4>\n<ol data-start=\"599\" data-end=\"1024\">\n<li class=\"\" data-start=\"599\" data-end=\"671\">\n<p class=\"\" data-start=\"602\" data-end=\"671\"><strong data-start=\"602\" data-end=\"639\">Kada nema kupa\u010da (najbolje uve\u010de)<\/strong>, isklju\u010dite filtracionu opremu.<\/p>\n<\/li>\n<li class=\"\" data-start=\"672\" data-end=\"763\">\n<p class=\"\" data-start=\"675\" data-end=\"763\">Sipajte <strong data-start=\"683\" data-end=\"727\">250 do 1500 ml flokulanta na 100 m\u00b3 vode<\/strong>, u zavisnosti od stepena zamu\u0107enja.<\/p>\n<\/li>\n<li class=\"\" data-start=\"764\" data-end=\"845\">\n<p class=\"\" data-start=\"767\" data-end=\"845\">Ostavite vodu da miruje <strong data-start=\"791\" data-end=\"801\">8 sati<\/strong> (preko no\u0107i) da se flokule istalo\u017ee na dno.<\/p>\n<\/li>\n<li class=\"\" data-start=\"846\" data-end=\"894\">\n<p class=\"\" data-start=\"849\" data-end=\"894\">Pa\u017eljivo usisajte talog bazenskim usisiva\u010dem.<\/p>\n<\/li>\n<li class=\"\" data-start=\"895\" data-end=\"1024\">\n<p class=\"\" data-start=\"898\" data-end=\"1024\">Pre ponovnog uklju\u010divanja filtera, obavezno uradite <strong data-start=\"950\" data-end=\"983\">BACK WASH (ispiranje filtera)<\/strong> kako ne bi do\u0161lo do zgrudvavanja ispune.<\/p>\n<\/li>\n<\/ol>\n<p class=\"\" data-start=\"1031\" data-end=\"1101\"><strong data-start=\"1034\" data-end=\"1101\">Dodajte u korpu i vratite svojoj vodi savr\u0161enu bistrinu i sjaj!<\/strong><\/p>","protected":false},"excerpt":{"rendered":"<p>Flokulant je sredstvo za bistrenje vode koje ve\u017ee najsitnije ne\u010disto\u0107e u pahulje (flokule), talo\u017ei ih na dno bazena i olak\u0161ava njihovo uklanjanje usisavanjem.<\/p>","protected":false},"featured_media":22665,"template":"","meta":[],"product_brand":[],"product_cat":[4986,5000],"product_tag":[],"class_list":{"0":"post-22664","1":"product","2":"type-product","3":"status-publish","4":"has-post-thumbnail","6":"product_cat-hemija-za-bazene-bazeni","7":"product_cat-hemija-za-letnje-odrzavanje-bazena","9":"first","10":"instock","11":"sold-individually","12":"purchasable","13":"product-type-simple"},"_links":{"self":[{"href":"https:\/\/hidroterm.dmcsrbija.com\/ru\/wp-json\/wp\/v2\/product\/22664","targetHints":{"allow":["GET"]}}],"collection":[{"href":"https:\/\/hidroterm.dmcsrbija.com\/ru\/wp-json\/wp\/v2\/product"}],"about":[{"href":"https:\/\/hidroterm.dmcsrbija.com\/ru\/wp-json\/wp\/v2\/types\/product"}],"wp:featuredmedia":[{"embeddable":true,"href":"https:\/\/hidroterm.dmcsrbija.com\/ru\/wp-json\/wp\/v2\/media\/22665"}],"wp:attachment":[{"href":"https:\/\/hidroterm.dmcsrbija.com\/ru\/wp-json\/wp\/v2\/media?parent=22664"}],"wp:term":[{"taxonomy":"product_brand","embeddable":true,"href":"https:\/\/hidroterm.dmcsrbija.com\/ru\/wp-json\/wp\/v2\/product_brand?post=22664"},{"taxonomy":"product_cat","embeddable":true,"href":"https:\/\/hidroterm.dmcsrbija.com\/ru\/wp-json\/wp\/v2\/product_cat?post=22664"},{"taxonomy":"product_tag","embeddable":true,"href":"https:\/\/hidroterm.dmcsrbija.com\/ru\/wp-json\/wp\/v2\/product_tag?post=22664"}],"curies":[{"name":"wp","href":"https:\/\/api.w.org\/{rel}","templated":true}]}}