{"id":22662,"date":"2026-03-18T08:30:34","date_gmt":"2026-03-18T07:30:34","guid":{"rendered":"https:\/\/hidroterm.dmcsrbija.com\/proizvod\/ph-minus-granule-diasa-1kg\/"},"modified":"2026-03-18T08:30:40","modified_gmt":"2026-03-18T07:30:40","slug":"ph-minus-granule-diasa-1kg","status":"publish","type":"product","link":"https:\/\/hidroterm.dmcsrbija.com\/ru\/proizvod\/ph-minus-granule-diasa-1kg\/","title":{"rendered":"PH minus granule Diasa &#8211; 1kg"},"content":{"rendered":"<p class=\"\" data-start=\"87\" data-end=\"146\"><strong data-start=\"87\" data-end=\"146\">pH Minus granule \u2013 Regulator pH vrednosti bazenske vode<\/strong><\/p>\n<p class=\"\" data-start=\"148\" data-end=\"474\">Za bezbedno i prijatno kupanje, izuzetno je va\u017eno odr\u017eavati pH vrednost vode u idealnim granicama \u2013 izme\u0111u 7,2 i 7,6.<\/p>\n<p class=\"\" data-start=\"148\" data-end=\"474\">Kada pH nivo pre\u0111e optimalnu granicu, koristi se <strong data-start=\"315\" data-end=\"327\">pH Minus<\/strong> granulisano sredstvo za sni\u017eavanje pH vrednosti, \u010dime se obezbe\u0111uje bolja efikasnost ostalih hemikalija i spre\u010dava iritacija ko\u017ee i o\u010diju kupa\u010da.<\/p>\n<p class=\"\" data-start=\"476\" data-end=\"710\"><strong data-start=\"476\" data-end=\"490\">Doziranje:<\/strong> 1,5 kg pH minusa na 100 m\u00b3 vode (ili 15 g\/m\u00b3 za manje bazene) smanjuje pH vrednost za 0,2 jedinice. Pre upotrebe, rastvoriti sredstvo u vodi, pa ravnomerno sipati po povr\u0161ini bazena, u ve\u010dernjim satima kada nema kupa\u010da.<\/p>\n<p class=\"\" data-start=\"712\" data-end=\"866\">Redovno merenje pH vrednosti (dva puta dnevno pomo\u0107u pH testera) je klju\u010dno jer nepravilno pode\u0161en pH nivo umanjuje efekat svih ostalih hemikalija u vodi.<\/p>\n<p>&nbsp;<\/p>\n<p>&nbsp;<\/p>","protected":false},"excerpt":{"rendered":"<p><strong data-start=\"55\" data-end=\"75\">pH Minus granule<\/strong> \u2013 efikasno sredstvo za sni\u017eavanje pH vrednosti bazenske vode, neophodno za bezbedno kupanje i optimalan efekat ostalih hemikalija.<\/p>","protected":false},"featured_media":22663,"template":"","meta":[],"product_brand":[],"product_cat":[4986,5000],"product_tag":[],"class_list":{"0":"post-22662","1":"product","2":"type-product","3":"status-publish","4":"has-post-thumbnail","6":"product_cat-hemija-za-bazene-bazeni","7":"product_cat-hemija-za-letnje-odrzavanje-bazena","9":"first","10":"instock","11":"sold-individually","12":"purchasable","13":"product-type-simple"},"_links":{"self":[{"href":"https:\/\/hidroterm.dmcsrbija.com\/ru\/wp-json\/wp\/v2\/product\/22662","targetHints":{"allow":["GET"]}}],"collection":[{"href":"https:\/\/hidroterm.dmcsrbija.com\/ru\/wp-json\/wp\/v2\/product"}],"about":[{"href":"https:\/\/hidroterm.dmcsrbija.com\/ru\/wp-json\/wp\/v2\/types\/product"}],"wp:featuredmedia":[{"embeddable":true,"href":"https:\/\/hidroterm.dmcsrbija.com\/ru\/wp-json\/wp\/v2\/media\/22663"}],"wp:attachment":[{"href":"https:\/\/hidroterm.dmcsrbija.com\/ru\/wp-json\/wp\/v2\/media?parent=22662"}],"wp:term":[{"taxonomy":"product_brand","embeddable":true,"href":"https:\/\/hidroterm.dmcsrbija.com\/ru\/wp-json\/wp\/v2\/product_brand?post=22662"},{"taxonomy":"product_cat","embeddable":true,"href":"https:\/\/hidroterm.dmcsrbija.com\/ru\/wp-json\/wp\/v2\/product_cat?post=22662"},{"taxonomy":"product_tag","embeddable":true,"href":"https:\/\/hidroterm.dmcsrbija.com\/ru\/wp-json\/wp\/v2\/product_tag?post=22662"}],"curies":[{"name":"wp","href":"https:\/\/api.w.org\/{rel}","templated":true}]}}