{"id":22660,"date":"2026-03-18T08:30:34","date_gmt":"2026-03-18T07:30:34","guid":{"rendered":"https:\/\/hidroterm.dmcsrbija.com\/proizvod\/algicid-diasa-1l\/"},"modified":"2026-03-18T08:30:39","modified_gmt":"2026-03-18T07:30:39","slug":"algicid-diasa-1l","status":"publish","type":"product","link":"https:\/\/hidroterm.dmcsrbija.com\/ru\/proizvod\/algicid-diasa-1l\/","title":{"rendered":"Algicid Diasa 1l"},"content":{"rendered":"<h3 data-start=\"86\" data-end=\"147\"><strong data-start=\"90\" data-end=\"147\">Koncentrovani Algicid \u2013 Uklanja alge iz bazenske vode<\/strong><\/h3>\n<p data-start=\"149\" data-end=\"366\">Efikasan algicid koji <strong data-start=\"171\" data-end=\"204\">sposoban je da elimini\u0161e alge<\/strong> u bazenskoj vodi, odr\u017eavaju\u0107i vodu \u010distom i bistrijom. Idealno za preventivu i tretmane kada su alge ve\u0107 prisutne, na\u0161 <strong data-start=\"324\" data-end=\"341\">Algicid Super<\/strong> pru\u017ea dugoro\u010dnu za\u0161titu.<\/p>\n<p data-start=\"368\" data-end=\"396\"><strong data-start=\"371\" data-end=\"396\">Uputstvo za upotrebu:<\/strong><\/p>\n<ul data-start=\"398\" data-end=\"776\">\n<li data-start=\"398\" data-end=\"524\">\n<p data-start=\"400\" data-end=\"524\"><strong data-start=\"400\" data-end=\"439\">\u0160ok doza (pri prvom punjenju vode):<\/strong><br data-start=\"439\" data-end=\"442\" \/>Dodajte <strong data-start=\"452\" data-end=\"488\">2l Algicida Super na 100 m\u00b3 vode<\/strong> (ili <strong data-start=\"494\" data-end=\"522\">20 ml\/m\u00b3 za manje bazene<\/strong>).<\/p>\n<\/li>\n<li data-start=\"528\" data-end=\"776\">\n<p data-start=\"530\" data-end=\"776\"><strong data-start=\"530\" data-end=\"569\">Doza za odr\u017eavanje (svakih 7 dana):<\/strong><br data-start=\"569\" data-end=\"572\" \/>Dodajte <strong data-start=\"582\" data-end=\"618\">1l Algicida Super na 100 m\u00b3 vode<\/strong> (ili <strong data-start=\"624\" data-end=\"652\">10 ml\/m\u00b3 za manje bazene<\/strong>).<br data-start=\"654\" data-end=\"657\" \/><strong data-start=\"659\" data-end=\"701\">Doziranje se vr\u0161i u ve\u010dernjim \u010dasovima<\/strong> nakon \u0161to se bazen ne koristi, a zabrana ulaska u vodu traje <strong data-start=\"763\" data-end=\"775\">6-8 sati<\/strong>.<\/p>\n<\/li>\n<\/ul>\n<p data-start=\"778\" data-end=\"860\"><strong data-start=\"781\" data-end=\"794\">Napomena:<\/strong> Algicid ne me\u0161ati sa hlorom \u2013 prvo dodajte hlor, a zatim algicid.<\/p>\n<p data-start=\"867\" data-end=\"934\"><strong data-start=\"870\" data-end=\"934\">Dodajte u korpu i u\u017eivajte u \u010distoj i zdravoj vodi bez algi!<\/strong><\/p>","protected":false},"excerpt":{"rendered":"<p>Koncentrovani algicid efikasno uklanja postoje\u0107e alge i spre\u010dava njihov ponovni razvoj, odr\u017eavaju\u0107i bazensku vodu \u010distom, bistrijom i bezbednom za kori\u0161\u0107enje.<\/p>","protected":false},"featured_media":22661,"template":"","meta":[],"product_brand":[],"product_cat":[4986,5000],"product_tag":[],"class_list":{"0":"post-22660","1":"product","2":"type-product","3":"status-publish","4":"has-post-thumbnail","6":"product_cat-hemija-za-bazene-bazeni","7":"product_cat-hemija-za-letnje-odrzavanje-bazena","9":"first","10":"instock","11":"sold-individually","12":"purchasable","13":"product-type-simple"},"_links":{"self":[{"href":"https:\/\/hidroterm.dmcsrbija.com\/ru\/wp-json\/wp\/v2\/product\/22660","targetHints":{"allow":["GET"]}}],"collection":[{"href":"https:\/\/hidroterm.dmcsrbija.com\/ru\/wp-json\/wp\/v2\/product"}],"about":[{"href":"https:\/\/hidroterm.dmcsrbija.com\/ru\/wp-json\/wp\/v2\/types\/product"}],"wp:featuredmedia":[{"embeddable":true,"href":"https:\/\/hidroterm.dmcsrbija.com\/ru\/wp-json\/wp\/v2\/media\/22661"}],"wp:attachment":[{"href":"https:\/\/hidroterm.dmcsrbija.com\/ru\/wp-json\/wp\/v2\/media?parent=22660"}],"wp:term":[{"taxonomy":"product_brand","embeddable":true,"href":"https:\/\/hidroterm.dmcsrbija.com\/ru\/wp-json\/wp\/v2\/product_brand?post=22660"},{"taxonomy":"product_cat","embeddable":true,"href":"https:\/\/hidroterm.dmcsrbija.com\/ru\/wp-json\/wp\/v2\/product_cat?post=22660"},{"taxonomy":"product_tag","embeddable":true,"href":"https:\/\/hidroterm.dmcsrbija.com\/ru\/wp-json\/wp\/v2\/product_tag?post=22660"}],"curies":[{"name":"wp","href":"https:\/\/api.w.org\/{rel}","templated":true}]}}