{"id":22658,"date":"2026-03-18T08:30:34","date_gmt":"2026-03-18T07:30:34","guid":{"rendered":"https:\/\/hidroterm.dmcsrbija.com\/proizvod\/hlor-tecni-diasa-25l\/"},"modified":"2026-03-18T08:30:38","modified_gmt":"2026-03-18T07:30:38","slug":"hlor-tecni-diasa-25l","status":"publish","type":"product","link":"https:\/\/hidroterm.dmcsrbija.com\/ru\/proizvod\/hlor-tecni-diasa-25l\/","title":{"rendered":"Hlor te\u010dni Diasa 25l"},"content":{"rendered":"<h3 class=\"\" data-start=\"109\" data-end=\"177\"><strong data-start=\"113\" data-end=\"177\">Te\u010dni hlor \u2013 Efikasno sredstvo za dezinfekciju bazenske vode<\/strong><\/h3>\n<p class=\"\" data-start=\"179\" data-end=\"442\"><strong data-start=\"179\" data-end=\"193\">Te\u010dni hlor<\/strong> je pouzdano dezinfekciono sredstvo za <strong data-start=\"232\" data-end=\"282\">odr\u017eavanje higijenski ispravne vode u bazenima<\/strong>, idealno za svakodnevnu upotrebu i \u0161ok tretmane. Efikasno uni\u0161tava bakterije, alge i mikroorganizme, obezbe\u0111uju\u0107i <strong data-start=\"397\" data-end=\"441\">\u010distu, bistru i bezbednu vodu za kupanje<\/strong>.<\/p>\n<h4 class=\"\" data-start=\"449\" data-end=\"479\"><strong data-start=\"454\" data-end=\"479\">Uputstvo za upotrebu:<\/strong><\/h4>\n<p class=\"\" data-start=\"481\" data-end=\"663\">\u00a0Preporu\u010duje se doziranje u ve\u010dernjim \u010dasovima, kada nema kupa\u010da, direktno du\u017e ruba bazena.<br data-start=\"574\" data-end=\"577\" \/>\u00a0Pre upotrebe, <strong data-start=\"594\" data-end=\"640\">podesiti pH vrednost vode izme\u0111u 7,2 i 7,6<\/strong>, pomo\u0107u pH regulacije.<\/p>\n<h4 class=\"\" data-start=\"670\" data-end=\"689\"><strong data-start=\"675\" data-end=\"689\">Doziranje:<\/strong><\/h4>\n<ul data-start=\"691\" data-end=\"785\">\n<li class=\"\" data-start=\"691\" data-end=\"729\">\n<p class=\"\" data-start=\"693\" data-end=\"729\"><strong data-start=\"693\" data-end=\"706\">\u0160ok doza:<\/strong> 1,5 l na 100 m\u00b3 vode<\/p>\n<\/li>\n<li class=\"\" data-start=\"730\" data-end=\"785\">\n<p class=\"\" data-start=\"732\" data-end=\"785\"><strong data-start=\"732\" data-end=\"747\">Odr\u017eavanje:<\/strong> 5\u201310 ml po 1 m\u00b3 vode, jednom nedeljno<\/p>\n<\/li>\n<\/ul>\n<p class=\"\" data-start=\"787\" data-end=\"901\">Nivo hlora odr\u017eavati izme\u0111u\u00a0<strong data-start=\"1084\" data-end=\"1100\">1-3,<\/strong>\u00a0a nakon doziranja <strong data-start=\"871\" data-end=\"900\">zabrana kupanja je 6 sati<\/strong>.<\/p>\n<p class=\"\" data-start=\"903\" data-end=\"977\"><strong data-start=\"906\" data-end=\"941\">Ne me\u0161ati direktno sa algicidom<\/strong> \u2013 prvo dodajte hlor, zatim nakon 6-8h algicid.<\/p>\n<p class=\"\" data-start=\"984\" data-end=\"1068\">\u00a0<strong data-start=\"987\" data-end=\"1068\">Dodajte u korpu i obezbedite jednostavno i efikasno odr\u017eavanje bazenske vode!<\/strong><\/p>","protected":false},"excerpt":{"rendered":"<p>Te\u010dni hlor je efikasno sredstvo za dezinfekciju bazenske vode koje obezbe\u0111uje \u010disto\u0107u i higijensku ispravnost, idealno za redovno odr\u017eavanje i \u0161ok tretmane.<\/p>","protected":false},"featured_media":22659,"template":"","meta":[],"product_brand":[],"product_cat":[4986,5000],"product_tag":[],"class_list":{"0":"post-22658","1":"product","2":"type-product","3":"status-publish","4":"has-post-thumbnail","6":"product_cat-hemija-za-bazene-bazeni","7":"product_cat-hemija-za-letnje-odrzavanje-bazena","9":"first","10":"instock","11":"sold-individually","12":"purchasable","13":"product-type-simple"},"_links":{"self":[{"href":"https:\/\/hidroterm.dmcsrbija.com\/ru\/wp-json\/wp\/v2\/product\/22658","targetHints":{"allow":["GET"]}}],"collection":[{"href":"https:\/\/hidroterm.dmcsrbija.com\/ru\/wp-json\/wp\/v2\/product"}],"about":[{"href":"https:\/\/hidroterm.dmcsrbija.com\/ru\/wp-json\/wp\/v2\/types\/product"}],"wp:featuredmedia":[{"embeddable":true,"href":"https:\/\/hidroterm.dmcsrbija.com\/ru\/wp-json\/wp\/v2\/media\/22659"}],"wp:attachment":[{"href":"https:\/\/hidroterm.dmcsrbija.com\/ru\/wp-json\/wp\/v2\/media?parent=22658"}],"wp:term":[{"taxonomy":"product_brand","embeddable":true,"href":"https:\/\/hidroterm.dmcsrbija.com\/ru\/wp-json\/wp\/v2\/product_brand?post=22658"},{"taxonomy":"product_cat","embeddable":true,"href":"https:\/\/hidroterm.dmcsrbija.com\/ru\/wp-json\/wp\/v2\/product_cat?post=22658"},{"taxonomy":"product_tag","embeddable":true,"href":"https:\/\/hidroterm.dmcsrbija.com\/ru\/wp-json\/wp\/v2\/product_tag?post=22658"}],"curies":[{"name":"wp","href":"https:\/\/api.w.org\/{rel}","templated":true}]}}