{"id":22656,"date":"2026-03-18T08:30:34","date_gmt":"2026-03-18T07:30:34","guid":{"rendered":"https:\/\/hidroterm.dmcsrbija.com\/proizvod\/hlor-granulat-diasa-1kg\/"},"modified":"2026-03-18T08:30:37","modified_gmt":"2026-03-18T07:30:37","slug":"hlor-granulat-diasa-1kg","status":"publish","type":"product","link":"https:\/\/hidroterm.dmcsrbija.com\/ru\/proizvod\/hlor-granulat-diasa-1kg\/","title":{"rendered":"Hlor granulat Diasa 1kg"},"content":{"rendered":"<h3 class=\"\" data-start=\"113\" data-end=\"166\"><strong data-start=\"117\" data-end=\"166\">Hlor Granulat \u2013 Dezinfekcija bazenske vode<\/strong><\/h3>\n<p class=\"\" data-start=\"168\" data-end=\"453\"><strong data-start=\"168\" data-end=\"188\">Hlor Granulat<\/strong>\u00a0je <strong data-start=\"192\" data-end=\"241\">sna\u017eno sredstvo za dezinfekciju bazenske vode<\/strong>, koje efikasno uni\u0161tava bakterije, alge i mikroorganizme, odr\u017eavaju\u0107i vodu \u010distom, bezbednom i higijenski ispravnom. Namenjen je za <strong data-start=\"374\" data-end=\"389\">\u0161ok tretman<\/strong> pri prvom punjenju i <strong data-start=\"411\" data-end=\"437\">svakodnevno odr\u017eavanje<\/strong> kvaliteta vode.<\/p>\n<h4 data-start=\"460\" data-end=\"490\"><\/h4>\n<h4 class=\"\" data-start=\"460\" data-end=\"490\"><strong data-start=\"465\" data-end=\"490\">Uputstvo za upotrebu:<\/strong><\/h4>\n<p class=\"\" data-start=\"492\" data-end=\"679\"><strong data-start=\"495\" data-end=\"508\">\u0160ok doza:<\/strong><br data-start=\"508\" data-end=\"511\" \/>Pri prvom punjenju bazena dodajte <strong data-start=\"545\" data-end=\"585\">10 g hlor granula na svaki 1 m\u00b3 vode<\/strong>. Nakon 2 sata podesite pH vrednost izme\u0111u <strong data-start=\"628\" data-end=\"641\">7,2 i 7,6<\/strong> pomo\u0107u pH Plus ili pH Minus sredstva.<\/p>\n<p class=\"\" data-start=\"681\" data-end=\"906\"><strong data-start=\"684\" data-end=\"707\">Doza za odr\u017eavanje:<\/strong><br data-start=\"707\" data-end=\"710\" \/>Dodajte <strong data-start=\"718\" data-end=\"753\">1\u20133 g hlor granula na 1 m\u00b3 vode<\/strong> svakog dana uve\u010de, kada nema kupa\u010da. Pre doziranja, pH vrednost mora biti pode\u0161ena izme\u0111u 7,2\u20137,6.<br data-start=\"852\" data-end=\"855\" \/><strong data-start=\"855\" data-end=\"906\">Zabrana ulaska u vodu nakon tretmana je 6 sati.<\/strong><\/p>\n<p class=\"\" data-start=\"908\" data-end=\"1154\">Granule se jednostavno sipaju du\u017e ruba bazena \u2013 <strong data-start=\"958\" data-end=\"997\">nije potrebno prethodno rastvaranje<\/strong>, jer se rastvaraju u roku od 15\u201320 minuta ( osim za lajnerske bazene,kod njih se prvo rastvori potrebna koli\u010dina u posudu sa vodom, a onda sipa po rubu bazena).<br data-start=\"1040\" data-end=\"1043\" \/>Nivo slobodnog hlora odr\u017eavati izme\u0111u <b>1-3.<\/b>\u00a0Preporu\u010duje se kontrola pomo\u0107u testera za pH i hlor.<\/p>\n<p class=\"\" data-start=\"1156\" data-end=\"1273\"><strong data-start=\"1159\" data-end=\"1178\">Va\u017ena napomena:<\/strong> Hlor granulat se <strong data-start=\"1196\" data-end=\"1235\">ne sme me\u0161ati direktno sa algicidom<\/strong> \u2013 prvo dodajte hlor, a nakon 6-8h algicid.<\/p>\n<p class=\"\" data-start=\"1280\" data-end=\"1362\"><strong data-start=\"1283\" data-end=\"1362\">Dodajte u korpu i obezbedite kristalno \u010distu, bezbednu vodu u va\u0161em bazenu!<\/strong><\/p>","protected":false},"excerpt":{"rendered":"<p>Hlor Granulat 60 je efikasno sredstvo za dezinfekciju bazenske vode koje uni\u0161tava bakterije i alge, idealno za \u0161ok tretman i svakodnevno odr\u017eavanje \u010diste i bezbedne vode.<\/p>","protected":false},"featured_media":22657,"template":"","meta":[],"product_brand":[],"product_cat":[4986,5000],"product_tag":[],"class_list":{"0":"post-22656","1":"product","2":"type-product","3":"status-publish","4":"has-post-thumbnail","6":"product_cat-hemija-za-bazene-bazeni","7":"product_cat-hemija-za-letnje-odrzavanje-bazena","9":"first","10":"instock","11":"sold-individually","12":"purchasable","13":"product-type-simple"},"_links":{"self":[{"href":"https:\/\/hidroterm.dmcsrbija.com\/ru\/wp-json\/wp\/v2\/product\/22656","targetHints":{"allow":["GET"]}}],"collection":[{"href":"https:\/\/hidroterm.dmcsrbija.com\/ru\/wp-json\/wp\/v2\/product"}],"about":[{"href":"https:\/\/hidroterm.dmcsrbija.com\/ru\/wp-json\/wp\/v2\/types\/product"}],"wp:featuredmedia":[{"embeddable":true,"href":"https:\/\/hidroterm.dmcsrbija.com\/ru\/wp-json\/wp\/v2\/media\/22657"}],"wp:attachment":[{"href":"https:\/\/hidroterm.dmcsrbija.com\/ru\/wp-json\/wp\/v2\/media?parent=22656"}],"wp:term":[{"taxonomy":"product_brand","embeddable":true,"href":"https:\/\/hidroterm.dmcsrbija.com\/ru\/wp-json\/wp\/v2\/product_brand?post=22656"},{"taxonomy":"product_cat","embeddable":true,"href":"https:\/\/hidroterm.dmcsrbija.com\/ru\/wp-json\/wp\/v2\/product_cat?post=22656"},{"taxonomy":"product_tag","embeddable":true,"href":"https:\/\/hidroterm.dmcsrbija.com\/ru\/wp-json\/wp\/v2\/product_tag?post=22656"}],"curies":[{"name":"wp","href":"https:\/\/api.w.org\/{rel}","templated":true}]}}