{"id":22654,"date":"2026-03-18T08:30:34","date_gmt":"2026-03-18T07:30:34","guid":{"rendered":"https:\/\/hidroterm.dmcsrbija.com\/proizvod\/multi-action-tableta-diasa-10u1-1kg\/"},"modified":"2026-03-18T08:30:36","modified_gmt":"2026-03-18T07:30:36","slug":"multi-action-tableta-diasa-10u1-1kg","status":"publish","type":"product","link":"https:\/\/hidroterm.dmcsrbija.com\/ru\/proizvod\/multi-action-tableta-diasa-10u1-1kg\/","title":{"rendered":"Multi action tableta Diasa 10u1 1kg"},"content":{"rendered":"<h3 class=\"\" data-start=\"101\" data-end=\"177\"><strong data-start=\"105\" data-end=\"177\">Multi tablete 10 u 1 \u2013 Kompleksna za\u0161tita i odr\u017eavanje bazenske vode<\/strong><\/h3>\n<p class=\"\" data-start=\"179\" data-end=\"483\"><strong data-start=\"179\" data-end=\"203\">Multi tablete 10 u 1<\/strong> predstavljaju <strong data-start=\"218\" data-end=\"273\">vi\u0161enamensko sredstvo za potpunu negu bazenske vode<\/strong>, kombinuju\u0107i \u010dak <strong data-start=\"291\" data-end=\"309\">deset funkcija<\/strong> u jednoj tableti: <strong data-start=\"328\" data-end=\"482\">dezinfekcija, antibakterijska za\u0161tita, algicid, flokulacija, stabilizacija, regulacija pH i hlora, poliranje vode, odr\u017eavanje i antialergijsko dejstvo<\/strong>.<\/p>\n<p class=\"\" data-start=\"485\" data-end=\"643\">Tablete se <strong data-start=\"496\" data-end=\"542\">postavljaju u plutaju\u0107i dozator ili skimer<\/strong>, gde se <strong data-start=\"551\" data-end=\"572\">postepeno otapaju<\/strong>, pru\u017eaju\u0107i <strong data-start=\"584\" data-end=\"642\">kontinuiranu za\u0161titu i kristalnu \u010disto\u0107u bazenske vode<\/strong>.<\/p>\n<h4 data-start=\"650\" data-end=\"680\"><\/h4>\n<h4 class=\"\" data-start=\"650\" data-end=\"680\"><strong data-start=\"655\" data-end=\"680\">Doziranje i upotreba:<\/strong><\/h4>\n<ul data-start=\"682\" data-end=\"975\">\n<li class=\"\" data-start=\"682\" data-end=\"773\">\n<p class=\"\" data-start=\"684\" data-end=\"773\">Pre doziranja, pH vrednost vode mora biti izme\u0111u <strong data-start=\"733\" data-end=\"746\">7,2 i 7,6<\/strong>, a nivo hlora <strong data-start=\"761\" data-end=\"773\">1\u20132 mg\/l<\/strong><\/p>\n<\/li>\n<li class=\"\" data-start=\"774\" data-end=\"840\">\n<p class=\"\" data-start=\"776\" data-end=\"840\"><strong data-start=\"776\" data-end=\"819\">1 tableta od 200 g na svakih 20 m\u00b3 vode<\/strong>, svakih <strong data-start=\"828\" data-end=\"840\">5\u20137 dana<\/strong><\/p>\n<\/li>\n<li class=\"\" data-start=\"841\" data-end=\"891\">\n<p class=\"\" data-start=\"843\" data-end=\"891\">Dozirati u ve\u010dernjim \u010dasovima kada nema kupa\u010da<\/p>\n<\/li>\n<li class=\"\" data-start=\"892\" data-end=\"975\">\n<p class=\"\" data-start=\"894\" data-end=\"975\">Ne ubacivati direktno u bazene sa plasti\u010dnim oblogama \u2013 mo\u017ee do\u0107i do izble\u0111ivanja<\/p>\n<\/li>\n<li data-start=\"892\" data-end=\"975\"><\/li>\n<\/ul>\n<p class=\"\" data-start=\"977\" data-end=\"1051\">\u00a0Redovno proveravati pH i nivo hlora <strong data-start=\"1016\" data-end=\"1035\">dva puta dnevno<\/strong> pomo\u0107u testera.<\/p>\n<p class=\"\" data-start=\"1058\" data-end=\"1173\"><strong data-start=\"1061\" data-end=\"1173\">Dodajte u korpu i odr\u017eavajte bazensku vodu \u010distom, bistrom i savr\u0161eno izbalansiranom \u2013 sve u jednoj tableti!<\/strong><\/p>","protected":false},"excerpt":{"rendered":"<p>Multi tablete 10 u 1 su vi\u0161enamensko sredstvo za dezinfekciju i potpunu negu bazenske vode, koje kombinuje \u010dak deset funkcija u jednoj tableti za jednostavno i efikasno odr\u017eavanje.<\/p>","protected":false},"featured_media":22655,"template":"","meta":[],"product_brand":[],"product_cat":[4986,5000],"product_tag":[],"class_list":{"0":"post-22654","1":"product","2":"type-product","3":"status-publish","4":"has-post-thumbnail","6":"product_cat-hemija-za-bazene-bazeni","7":"product_cat-hemija-za-letnje-odrzavanje-bazena","9":"first","10":"instock","11":"sold-individually","12":"purchasable","13":"product-type-simple"},"_links":{"self":[{"href":"https:\/\/hidroterm.dmcsrbija.com\/ru\/wp-json\/wp\/v2\/product\/22654","targetHints":{"allow":["GET"]}}],"collection":[{"href":"https:\/\/hidroterm.dmcsrbija.com\/ru\/wp-json\/wp\/v2\/product"}],"about":[{"href":"https:\/\/hidroterm.dmcsrbija.com\/ru\/wp-json\/wp\/v2\/types\/product"}],"wp:featuredmedia":[{"embeddable":true,"href":"https:\/\/hidroterm.dmcsrbija.com\/ru\/wp-json\/wp\/v2\/media\/22655"}],"wp:attachment":[{"href":"https:\/\/hidroterm.dmcsrbija.com\/ru\/wp-json\/wp\/v2\/media?parent=22654"}],"wp:term":[{"taxonomy":"product_brand","embeddable":true,"href":"https:\/\/hidroterm.dmcsrbija.com\/ru\/wp-json\/wp\/v2\/product_brand?post=22654"},{"taxonomy":"product_cat","embeddable":true,"href":"https:\/\/hidroterm.dmcsrbija.com\/ru\/wp-json\/wp\/v2\/product_cat?post=22654"},{"taxonomy":"product_tag","embeddable":true,"href":"https:\/\/hidroterm.dmcsrbija.com\/ru\/wp-json\/wp\/v2\/product_tag?post=22654"}],"curies":[{"name":"wp","href":"https:\/\/api.w.org\/{rel}","templated":true}]}}