{"id":22650,"date":"2026-03-18T08:30:34","date_gmt":"2026-03-18T07:30:34","guid":{"rendered":"https:\/\/hidroterm.dmcsrbija.com\/proizvod\/dinochlorin-28kg\/"},"modified":"2026-03-18T08:30:35","modified_gmt":"2026-03-18T07:30:35","slug":"dinochlorin-28kg","status":"publish","type":"product","link":"https:\/\/hidroterm.dmcsrbija.com\/ru\/proizvod\/dinochlorin-28kg\/","title":{"rendered":"Dinochlorin 28kg"},"content":{"rendered":"<h3 class=\"\" data-start=\"107\" data-end=\"174\"><strong data-start=\"111\" data-end=\"174\">Te\u010dni hlor \u2013 Sredstvo za dezinfekciju bazena (NaClO 12\u201315%)<\/strong><\/h3>\n<p class=\"\" data-start=\"176\" data-end=\"434\">Te\u010dni hlor je <strong data-start=\"190\" data-end=\"225\">efikasno dezinfekciono sredstvo<\/strong> na bazi natrijum hipohlorita (NaClO 12\u201315%) koje se koristi za <strong data-start=\"289\" data-end=\"350\">regulisanje nivoa hlora i odr\u017eavanje \u010diste, bezbedne vode<\/strong> u bazenima. Idealan je za <strong data-start=\"377\" data-end=\"409\">automatske sisteme doziranja<\/strong>, ali i za ru\u010dnu primenu.<\/p>\n<p class=\"\" data-start=\"436\" data-end=\"455\"><strong data-start=\"439\" data-end=\"453\">Doziranje:<\/strong><\/p>\n<ul data-start=\"456\" data-end=\"527\">\n<li class=\"\" data-start=\"456\" data-end=\"485\">\n<p class=\"\" data-start=\"458\" data-end=\"485\"><strong data-start=\"458\" data-end=\"474\">\u0160ok tretman:<\/strong> 15 ml\/m\u00b3<\/p>\n<\/li>\n<li class=\"\" data-start=\"486\" data-end=\"527\">\n<p class=\"\" data-start=\"488\" data-end=\"527\"><strong data-start=\"488\" data-end=\"503\">Odr\u017eavanje:<\/strong> 4 ml\/m\u00b3 jednom nedeljno<\/p>\n<\/li>\n<\/ul>\n<p class=\"\" data-start=\"529\" data-end=\"602\">Pogodan za sve tipove bazena, brzo deluje i jednostavan je za upotrebu.<\/p>\n<p class=\"\" data-start=\"609\" data-end=\"686\">\u00a0<strong data-start=\"612\" data-end=\"686\">Dodajte u korpu i obezbedite efikasnu dezinfekciju va\u0161e bazenske vode!<\/strong><\/p>","protected":false},"excerpt":{"rendered":"<p>Te\u010dni hlor je sredstvo za dezinfekciju bazenske vode na bazi natrijum hipohlorita (12\u201315%), idealno za automatsko ili ru\u010dno doziranje, koje efikasno odr\u017eava \u010disto\u0107u i higijenu vode.<\/p>","protected":false},"featured_media":22651,"template":"","meta":[],"product_brand":[],"product_cat":[4986,5000],"product_tag":[],"class_list":{"0":"post-22650","1":"product","2":"type-product","3":"status-publish","4":"has-post-thumbnail","6":"product_cat-hemija-za-bazene-bazeni","7":"product_cat-hemija-za-letnje-odrzavanje-bazena","9":"first","10":"instock","11":"sold-individually","12":"purchasable","13":"product-type-simple"},"_links":{"self":[{"href":"https:\/\/hidroterm.dmcsrbija.com\/ru\/wp-json\/wp\/v2\/product\/22650","targetHints":{"allow":["GET"]}}],"collection":[{"href":"https:\/\/hidroterm.dmcsrbija.com\/ru\/wp-json\/wp\/v2\/product"}],"about":[{"href":"https:\/\/hidroterm.dmcsrbija.com\/ru\/wp-json\/wp\/v2\/types\/product"}],"wp:featuredmedia":[{"embeddable":true,"href":"https:\/\/hidroterm.dmcsrbija.com\/ru\/wp-json\/wp\/v2\/media\/22651"}],"wp:attachment":[{"href":"https:\/\/hidroterm.dmcsrbija.com\/ru\/wp-json\/wp\/v2\/media?parent=22650"}],"wp:term":[{"taxonomy":"product_brand","embeddable":true,"href":"https:\/\/hidroterm.dmcsrbija.com\/ru\/wp-json\/wp\/v2\/product_brand?post=22650"},{"taxonomy":"product_cat","embeddable":true,"href":"https:\/\/hidroterm.dmcsrbija.com\/ru\/wp-json\/wp\/v2\/product_cat?post=22650"},{"taxonomy":"product_tag","embeddable":true,"href":"https:\/\/hidroterm.dmcsrbija.com\/ru\/wp-json\/wp\/v2\/product_tag?post=22650"}],"curies":[{"name":"wp","href":"https:\/\/api.w.org\/{rel}","templated":true}]}}