{"id":22646,"date":"2026-03-18T08:30:34","date_gmt":"2026-03-18T07:30:34","guid":{"rendered":"https:\/\/hidroterm.dmcsrbija.com\/proizvod\/tester-na-kapi-nero-cl-ph\/"},"modified":"2026-03-18T08:30:35","modified_gmt":"2026-03-18T07:30:35","slug":"tester-na-kapi-nero-cl-ph","status":"publish","type":"product","link":"https:\/\/hidroterm.dmcsrbija.com\/ru\/proizvod\/tester-na-kapi-nero-cl-ph\/","title":{"rendered":"Tester na kapi Nero Cl-pH"},"content":{"rendered":"<p>Tester na kapi za testiranje bazenske vode na CL i pH.<\/p>\n<p>Nivo ph u bazenu mora biti izmedju 7,2-7,6. Ukoliko nivo ph nije u normali, dolazi do iritacije o\u010diju, svraba ko\u017ee, kupa\u010dima nije prijatno, a i bilo koja druga hemija da se dozira u vodi, ne\u0107e imati potpuni efekat.<\/p>\n<p>Nivo hlora u bazenu mora biti izme\u0111u 1-3. Hlor se koristi kao dezinfekciono sredstvo.<\/p>\n<p>Nivo ph i hlora je mogu\u0107e utvrditi pomo\u0107u testera za utvr\u0111ivanje kvaliteta robe.<\/p>\n<p>Nakon o\u010ditanih rezultata, dozirati potrebnu hemiju.<\/p>\n<p><strong style=\"font-size: 16px\">Na\u010din testiranja:\u00a0 <\/strong><span style=\"font-size: 16px\">Uzeti uzorak vode u epruvetu, ubaciti po 5 kapi reagensa, promu\u0107kati vodu u epruveti. Epruvetu staviti na svetlu povr\u0161inu, uo\u010dite razliku u vrednosti i shodno tome dozirati hemiju. Vrednost po bojama je istaknuta na pakovanju.<\/span><\/p>\n<p>Nakon o\u010ditanih rezultata, dozirati potrebnu hemiju.<\/p>","protected":false},"excerpt":{"rendered":"<p>Te\u010dnost za testiranje bazenske vode omogu\u0107ava jednostavnu i preciznu kontrolu nivoa hlora, broma i pH vrednosti radi odr\u017eavanja optimalne \u010disto\u0107e i bezbednosti vode.<\/p>","protected":false},"featured_media":22647,"template":"","meta":[],"product_brand":[],"product_cat":[4986,5001,4987],"product_tag":[],"class_list":{"0":"post-22646","1":"product","2":"type-product","3":"status-publish","4":"has-post-thumbnail","6":"product_cat-hemija-za-bazene-bazeni","7":"product_cat-testeri-na-kapi","8":"product_cat-testeri-za-bazene","10":"first","11":"instock","12":"sold-individually","13":"purchasable","14":"product-type-simple"},"_links":{"self":[{"href":"https:\/\/hidroterm.dmcsrbija.com\/ru\/wp-json\/wp\/v2\/product\/22646","targetHints":{"allow":["GET"]}}],"collection":[{"href":"https:\/\/hidroterm.dmcsrbija.com\/ru\/wp-json\/wp\/v2\/product"}],"about":[{"href":"https:\/\/hidroterm.dmcsrbija.com\/ru\/wp-json\/wp\/v2\/types\/product"}],"wp:featuredmedia":[{"embeddable":true,"href":"https:\/\/hidroterm.dmcsrbija.com\/ru\/wp-json\/wp\/v2\/media\/22647"}],"wp:attachment":[{"href":"https:\/\/hidroterm.dmcsrbija.com\/ru\/wp-json\/wp\/v2\/media?parent=22646"}],"wp:term":[{"taxonomy":"product_brand","embeddable":true,"href":"https:\/\/hidroterm.dmcsrbija.com\/ru\/wp-json\/wp\/v2\/product_brand?post=22646"},{"taxonomy":"product_cat","embeddable":true,"href":"https:\/\/hidroterm.dmcsrbija.com\/ru\/wp-json\/wp\/v2\/product_cat?post=22646"},{"taxonomy":"product_tag","embeddable":true,"href":"https:\/\/hidroterm.dmcsrbija.com\/ru\/wp-json\/wp\/v2\/product_tag?post=22646"}],"curies":[{"name":"wp","href":"https:\/\/api.w.org\/{rel}","templated":true}]}}