{"id":22644,"date":"2026-03-18T08:30:34","date_gmt":"2026-03-18T07:30:34","guid":{"rendered":"https:\/\/hidroterm.dmcsrbija.com\/proizvod\/flokulant-tecni-astral-5l\/"},"modified":"2026-03-18T08:30:34","modified_gmt":"2026-03-18T07:30:34","slug":"flokulant-tecni-astral-5l","status":"publish","type":"product","link":"https:\/\/hidroterm.dmcsrbija.com\/ru\/proizvod\/flokulant-tecni-astral-5l\/","title":{"rendered":"Flokulant te\u010dni Astral 5l"},"content":{"rendered":"<h3 class=\"\" data-start=\"149\" data-end=\"211\"><strong data-start=\"153\" data-end=\"211\">Flokulant \u2013 Sredstvo za uklanjanje ne\u010disto\u0107a iz bazena<\/strong><\/h3>\n<p class=\"\" data-start=\"213\" data-end=\"466\">Flokulant je efikasno hemijsko sredstvo koje <strong data-start=\"258\" data-end=\"316\">vezuje i uklanja najsitnije ne\u010disto\u0107e iz bazenske vode<\/strong>, \u010dine\u0107i je bistrom i kristalno \u010distom. Poma\u017ee u <strong data-start=\"365\" data-end=\"400\">pobolj\u0161anju rada filter sistema<\/strong> i doprinosi boljoj efikasnosti drugih hemikalija u tretmanu vode.<\/p>\n<p class=\"\" data-start=\"213\" data-end=\"466\">Idealno za redovno odr\u017eavanje bazena i brzo re\u0161avanje problema sa zamu\u0107enom vodom.<\/p>\n<p class=\"\" data-start=\"559\" data-end=\"630\"><strong data-start=\"562\" data-end=\"630\">Dodajte u korpu i u\u017eivajte u savr\u0161eno \u010distoj vodi bez ne\u010disto\u0107a!<\/strong><\/p>","protected":false},"excerpt":{"rendered":"<p>Flokulant je sredstvo koje efikasno uklanja najsitnije ne\u010disto\u0107e iz bazenske vode, obezbe\u0111uju\u0107i bistrinu i pobolj\u0161anu filtraciju.<\/p>","protected":false},"featured_media":22645,"template":"","meta":[],"product_brand":[],"product_cat":[4986,5000],"product_tag":[],"class_list":{"0":"post-22644","1":"product","2":"type-product","3":"status-publish","4":"has-post-thumbnail","6":"product_cat-hemija-za-bazene-bazeni","7":"product_cat-hemija-za-letnje-odrzavanje-bazena","9":"first","10":"instock","11":"sold-individually","12":"purchasable","13":"product-type-simple"},"_links":{"self":[{"href":"https:\/\/hidroterm.dmcsrbija.com\/ru\/wp-json\/wp\/v2\/product\/22644","targetHints":{"allow":["GET"]}}],"collection":[{"href":"https:\/\/hidroterm.dmcsrbija.com\/ru\/wp-json\/wp\/v2\/product"}],"about":[{"href":"https:\/\/hidroterm.dmcsrbija.com\/ru\/wp-json\/wp\/v2\/types\/product"}],"wp:featuredmedia":[{"embeddable":true,"href":"https:\/\/hidroterm.dmcsrbija.com\/ru\/wp-json\/wp\/v2\/media\/22645"}],"wp:attachment":[{"href":"https:\/\/hidroterm.dmcsrbija.com\/ru\/wp-json\/wp\/v2\/media?parent=22644"}],"wp:term":[{"taxonomy":"product_brand","embeddable":true,"href":"https:\/\/hidroterm.dmcsrbija.com\/ru\/wp-json\/wp\/v2\/product_brand?post=22644"},{"taxonomy":"product_cat","embeddable":true,"href":"https:\/\/hidroterm.dmcsrbija.com\/ru\/wp-json\/wp\/v2\/product_cat?post=22644"},{"taxonomy":"product_tag","embeddable":true,"href":"https:\/\/hidroterm.dmcsrbija.com\/ru\/wp-json\/wp\/v2\/product_tag?post=22644"}],"curies":[{"name":"wp","href":"https:\/\/api.w.org\/{rel}","templated":true}]}}