{"id":22642,"date":"2026-03-18T08:30:27","date_gmt":"2026-03-18T07:30:27","guid":{"rendered":"https:\/\/hidroterm.dmcsrbija.com\/proizvod\/algicid-astral-1l\/"},"modified":"2026-03-18T08:30:33","modified_gmt":"2026-03-18T07:30:33","slug":"algicid-astral-1l","status":"publish","type":"product","link":"https:\/\/hidroterm.dmcsrbija.com\/ru\/proizvod\/algicid-astral-1l\/","title":{"rendered":"Algicid Astral 1l"},"content":{"rendered":"<h3 class=\"\" data-start=\"101\" data-end=\"147\"><strong data-start=\"105\" data-end=\"147\">Sredstvo za suzbijanje algi u bazenima<\/strong><\/h3>\n<p class=\"\" data-start=\"149\" data-end=\"446\">Efikasno re\u0161enje za <strong data-start=\"169\" data-end=\"200\">kontrolu i eliminaciju algi<\/strong> u bazenima, na\u0161e sredstvo za suzbijanje algi brzo i sigurno uklanja zeleni sloj i spre\u010dava njegov povratak. <strong data-start=\"309\" data-end=\"344\">Odr\u017eava vodu \u010distom i bistrijom<\/strong>, pru\u017eaju\u0107i dugoro\u010dnu za\u0161titu protiv svih vrsta algi koje mogu naru\u0161iti kvalitet vode i izgled bazena.<\/p>\n<p class=\"\" data-start=\"448\" data-end=\"596\"><strong data-start=\"451\" data-end=\"479\">Jednostavno za upotrebu:<\/strong><br data-start=\"479\" data-end=\"482\" \/>Preporu\u010dena doza se dodaje direktno u vodu, a efekti su vidljivi brzo. Idealno za redovno odr\u017eavanje tokom sezone.<\/p>\n<p class=\"\" data-start=\"603\" data-end=\"670\">\u00a0<strong data-start=\"606\" data-end=\"670\">Dodajte u korpu i obezbedite dugoro\u010dnu za\u0161titu za va\u0161 bazen!<\/strong><\/p>","protected":false},"excerpt":{"rendered":"<p>Sredstvo za suzbijanje algi u bazenima efikasno uklanja alge i spre\u010dava njihov povratak, odr\u017eavaju\u0107i vodu \u010distom i bistrijom tokom cele sezone.<\/p>","protected":false},"featured_media":22643,"template":"","meta":[],"product_brand":[],"product_cat":[4986,5000],"product_tag":[],"class_list":{"0":"post-22642","1":"product","2":"type-product","3":"status-publish","4":"has-post-thumbnail","6":"product_cat-hemija-za-bazene-bazeni","7":"product_cat-hemija-za-letnje-odrzavanje-bazena","9":"first","10":"instock","11":"sold-individually","12":"purchasable","13":"product-type-simple"},"_links":{"self":[{"href":"https:\/\/hidroterm.dmcsrbija.com\/ru\/wp-json\/wp\/v2\/product\/22642","targetHints":{"allow":["GET"]}}],"collection":[{"href":"https:\/\/hidroterm.dmcsrbija.com\/ru\/wp-json\/wp\/v2\/product"}],"about":[{"href":"https:\/\/hidroterm.dmcsrbija.com\/ru\/wp-json\/wp\/v2\/types\/product"}],"wp:featuredmedia":[{"embeddable":true,"href":"https:\/\/hidroterm.dmcsrbija.com\/ru\/wp-json\/wp\/v2\/media\/22643"}],"wp:attachment":[{"href":"https:\/\/hidroterm.dmcsrbija.com\/ru\/wp-json\/wp\/v2\/media?parent=22642"}],"wp:term":[{"taxonomy":"product_brand","embeddable":true,"href":"https:\/\/hidroterm.dmcsrbija.com\/ru\/wp-json\/wp\/v2\/product_brand?post=22642"},{"taxonomy":"product_cat","embeddable":true,"href":"https:\/\/hidroterm.dmcsrbija.com\/ru\/wp-json\/wp\/v2\/product_cat?post=22642"},{"taxonomy":"product_tag","embeddable":true,"href":"https:\/\/hidroterm.dmcsrbija.com\/ru\/wp-json\/wp\/v2\/product_tag?post=22642"}],"curies":[{"name":"wp","href":"https:\/\/api.w.org\/{rel}","templated":true}]}}