{"id":22640,"date":"2026-03-18T08:30:27","date_gmt":"2026-03-18T07:30:27","guid":{"rendered":"https:\/\/hidroterm.dmcsrbija.com\/proizvod\/hlor-granulat-astral-1kg\/"},"modified":"2026-03-18T08:30:33","modified_gmt":"2026-03-18T07:30:33","slug":"hlor-granulat-astral-1kg","status":"publish","type":"product","link":"https:\/\/hidroterm.dmcsrbija.com\/ru\/proizvod\/hlor-granulat-astral-1kg\/","title":{"rendered":"Hlor granulat Astral 1kg"},"content":{"rendered":"<h3 class=\"\" data-start=\"98\" data-end=\"133\"><strong data-start=\"102\" data-end=\"133\">Hlor Granulat Astral \u2013 1 kg<\/strong><\/h3>\n<p class=\"\" data-start=\"135\" data-end=\"431\"><strong data-start=\"135\" data-end=\"159\">Hlor granulat Astral<\/strong> je visokokoncentrovano sredstvo za <strong data-start=\"195\" data-end=\"225\">dezinfekciju bazenske vode<\/strong>, koje efikasno uni\u0161tava bakterije, alge i mikroorganizme, odr\u017eavaju\u0107i vodu <strong data-start=\"301\" data-end=\"345\">\u010distom, bezbednom i higijenski ispravnom<\/strong>. Pogodan je za <strong data-start=\"361\" data-end=\"398\">\u0161ok tretmane i redovno odr\u017eavanje<\/strong>, lako se rastvara i brzo deluje.<\/p>\n<p class=\"\" data-start=\"433\" data-end=\"455\">\u00a0Pakovanje: <strong data-start=\"447\" data-end=\"455\">1 kg<\/strong><\/p>\n<p class=\"\" data-start=\"462\" data-end=\"539\"><strong data-start=\"465\" data-end=\"539\">Dodajte u korpu i obezbedite pouzdanu dezinfekciju va\u0161e bazenske vode!<\/strong><\/p>","protected":false},"excerpt":{"rendered":"<p>Hlor granulat Astral je sna\u017eno dezinfekciono sredstvo za bazene koje efikasno elimini\u0161e bakterije i alge, obezbe\u0111uju\u0107i \u010distu i bezbednu vodu.<\/p>","protected":false},"featured_media":22641,"template":"","meta":[],"product_brand":[],"product_cat":[4986,5000],"product_tag":[],"class_list":{"0":"post-22640","1":"product","2":"type-product","3":"status-publish","4":"has-post-thumbnail","6":"product_cat-hemija-za-bazene-bazeni","7":"product_cat-hemija-za-letnje-odrzavanje-bazena","9":"first","10":"instock","11":"sold-individually","12":"purchasable","13":"product-type-simple"},"_links":{"self":[{"href":"https:\/\/hidroterm.dmcsrbija.com\/ru\/wp-json\/wp\/v2\/product\/22640","targetHints":{"allow":["GET"]}}],"collection":[{"href":"https:\/\/hidroterm.dmcsrbija.com\/ru\/wp-json\/wp\/v2\/product"}],"about":[{"href":"https:\/\/hidroterm.dmcsrbija.com\/ru\/wp-json\/wp\/v2\/types\/product"}],"wp:featuredmedia":[{"embeddable":true,"href":"https:\/\/hidroterm.dmcsrbija.com\/ru\/wp-json\/wp\/v2\/media\/22641"}],"wp:attachment":[{"href":"https:\/\/hidroterm.dmcsrbija.com\/ru\/wp-json\/wp\/v2\/media?parent=22640"}],"wp:term":[{"taxonomy":"product_brand","embeddable":true,"href":"https:\/\/hidroterm.dmcsrbija.com\/ru\/wp-json\/wp\/v2\/product_brand?post=22640"},{"taxonomy":"product_cat","embeddable":true,"href":"https:\/\/hidroterm.dmcsrbija.com\/ru\/wp-json\/wp\/v2\/product_cat?post=22640"},{"taxonomy":"product_tag","embeddable":true,"href":"https:\/\/hidroterm.dmcsrbija.com\/ru\/wp-json\/wp\/v2\/product_tag?post=22640"}],"curies":[{"name":"wp","href":"https:\/\/api.w.org\/{rel}","templated":true}]}}