{"id":22638,"date":"2026-03-18T08:30:27","date_gmt":"2026-03-18T07:30:27","guid":{"rendered":"https:\/\/hidroterm.dmcsrbija.com\/proizvod\/triplex-tablete-astral-200g-1kg\/"},"modified":"2026-03-18T08:30:33","modified_gmt":"2026-03-18T07:30:33","slug":"triplex-tablete-astral-200g-1kg","status":"publish","type":"product","link":"https:\/\/hidroterm.dmcsrbija.com\/ru\/proizvod\/triplex-tablete-astral-200g-1kg\/","title":{"rendered":"Triplex tablete Astral 200g 1kg"},"content":{"rendered":"<article class=\"text-token-text-primary w-full\" dir=\"auto\" data-testid=\"conversation-turn-120\" data-scroll-anchor=\"true\">\n<div class=\"text-base my-auto mx-auto py-5 [--thread-content-margin:--spacing(4)] @[37rem]:[--thread-content-margin:--spacing(6)] @[70rem]:[--thread-content-margin:--spacing(12)] px-(--thread-content-margin)\">\n<div class=\"[--thread-content-max-width:32rem] @[34rem]:[--thread-content-max-width:40rem] @[64rem]:[--thread-content-max-width:48rem] mx-auto flex max-w-(--thread-content-max-width) flex-1 text-base gap-4 md:gap-5 lg:gap-6 group\/turn-messages focus-visible:outline-hidden\">\n<div class=\"group\/conversation-turn relative flex w-full min-w-0 flex-col agent-turn\">\n<div class=\"relative flex-col gap-1 md:gap-3\">\n<div class=\"flex max-w-full flex-col grow\">\n<div class=\"min-h-8 text-message relative flex w-full flex-col items-end gap-2 text-start break-words whitespace-normal [.text-message+&amp;]:mt-5\" dir=\"auto\" data-message-author-role=\"assistant\" data-message-id=\"af2f30f6-ca0f-44a2-81b7-abbed4600ebb\" data-message-model-slug=\"gpt-4o-mini\">\n<div class=\"flex w-full flex-col gap-1 empty:hidden first:pt-[3px]\">\n<div class=\"markdown prose dark:prose-invert w-full break-words dark\">\n<p class=\"\" data-start=\"0\" data-end=\"50\"><strong data-start=\"0\" data-end=\"48\">Triplex Tablete za Odr\u017eavanje Bazena \u2013 5 u 1<\/strong><\/p>\n<p class=\"\" data-start=\"52\" data-end=\"389\">Triplex tablete su savr\u0161eno re\u0161enje za dugoro\u010dno odr\u017eavanje stabilnosti bazenske vode. Ove tablete se koriste kada je pH vrednost vode izme\u0111u 7,2 i 7,6, a nivo slobodnog hlora izme\u0111u 0,6 i 1. Kombinuju tri klju\u010dna dejstva: dezinfekciju, prevenciju rasta algi i za\u0161titu od bakterija, \u010dime obezbe\u0111uju bistru i \u010distnu vodu u va\u0161em bazenu.<\/p>\n<p class=\"\" data-start=\"391\" data-end=\"405\"><strong data-start=\"391\" data-end=\"405\">Prednosti:<\/strong><\/p>\n<ul data-start=\"406\" data-end=\"642\">\n<li class=\"\" data-start=\"406\" data-end=\"455\">\n<p class=\"\" data-start=\"408\" data-end=\"455\">Efektivna dezinfekcija i \u010di\u0161\u0107enje bazenske vode<\/p>\n<\/li>\n<li class=\"\" data-start=\"456\" data-end=\"494\">\n<p class=\"\" data-start=\"458\" data-end=\"494\">Spre\u010davanje razvoja algi i bakterija<\/p>\n<\/li>\n<li class=\"\" data-start=\"495\" data-end=\"535\">\n<p class=\"\" data-start=\"497\" data-end=\"535\">Odr\u017eavanje optimalnog nivoa pH i hlora<\/p>\n<\/li>\n<li class=\"\" data-start=\"536\" data-end=\"596\">\n<p class=\"\" data-start=\"538\" data-end=\"596\">Jednostavna primena u ve\u010dernjim \u010dasovima, kada nema kupa\u010da<\/p>\n<\/li>\n<li class=\"\" data-start=\"597\" data-end=\"642\">\n<p class=\"\" data-start=\"599\" data-end=\"642\">Dugotrajan efekat uz minimalno odr\u017eavanje<\/p>\n<\/li>\n<\/ul>\n<p class=\"\" data-start=\"644\" data-end=\"840\"><strong data-start=\"644\" data-end=\"657\">Upotreba:<\/strong><br data-start=\"657\" data-end=\"660\" \/>Postavite Triplex tablete u plutaju\u0107i dozator za hemikalije ili u korpu skimera. Doziranje se vr\u0161i u ve\u010dernjim \u010dasovima, kada nema kupa\u010da, kako bi se obezbedio maksimalni u\u010dinak.<\/p>\n<p class=\"\" data-start=\"842\" data-end=\"969\">Ove tablete su idealne za odr\u017eavanje postoje\u0107eg stanja u bazenu, pru\u017eaju\u0107i vam sigurnost i udobnost prilikom svakog plivanja.<\/p>\n<p class=\"\" data-start=\"971\" data-end=\"1021\"><strong data-start=\"971\" data-end=\"985\">Pakovanje:<\/strong> 1 kg<\/p>\n<p class=\"\" data-start=\"1023\" data-end=\"1092\">Odr\u017eavajte va\u0161u bazensku vodu \u010distom i sigurnom sa Triplex tabletama!<\/p>\n<\/div>\n<\/div>\n<\/div>\n<\/div>\n<\/div>\n<\/div>\n<\/div>\n<\/div>\n<\/article>\n","protected":false},"excerpt":{"rendered":"<article class=\"text-token-text-primary w-full\" dir=\"auto\" data-testid=\"conversation-turn-122\" data-scroll-anchor=\"true\">\n<div class=\"text-base my-auto mx-auto py-5 [--thread-content-margin:--spacing(4)] @[37rem]:[--thread-content-margin:--spacing(6)] @[70rem]:[--thread-content-margin:--spacing(12)] px-(--thread-content-margin)\">\n<div class=\"[--thread-content-max-width:32rem] @[34rem]:[--thread-content-max-width:40rem] @[64rem]:[--thread-content-max-width:48rem] mx-auto flex max-w-(--thread-content-max-width) flex-1 text-base gap-4 md:gap-5 lg:gap-6 group\/turn-messages focus-visible:outline-hidden\">\n<div class=\"group\/conversation-turn relative flex w-full min-w-0 flex-col agent-turn\">\n<div class=\"relative flex-col gap-1 md:gap-3\">\n<div class=\"flex max-w-full flex-col grow\">\n<div class=\"min-h-8 text-message relative flex w-full flex-col items-end gap-2 text-start break-words whitespace-normal [.text-message+&amp;]:mt-5\" dir=\"auto\" data-message-author-role=\"assistant\" data-message-id=\"79bbea57-1702-4dac-b432-1fa6f23ffe2c\" data-message-model-slug=\"gpt-4o-mini\">\n<div class=\"flex w-full flex-col gap-1 empty:hidden first:pt-[3px]\">\n<div class=\"markdown prose dark:prose-invert w-full break-words dark\">\n<p class=\"\" data-start=\"0\" data-end=\"243\">Triplex tablete 5 u 1 odr\u017eavaju idealnu kvalitetu bazenske vode, dezinfikuju\u0107i, spre\u010davaju\u0107i rast algi, reguliraju\u0107i pH i nivo hlora, te obezbe\u0111uju\u0107i sigurnost i bistrinu vode kada su vrednosti pH izme\u0111u 7,2 i 7,6, a nivo hlora izme\u0111u 0,6 i 1.<\/p>\n<\/div>\n<\/div>\n<\/div>\n<\/div>\n<div class=\"flex justify-start\">\n<div class=\"touch:-me-2 touch:-ms-3.5 -ms-2.5 -me-1 flex items-center p-1 select-none -mt-1 duration-[1.5s] focus-within:transition-none hover:transition-none pointer-events-none [mask-image:linear-gradient(to_right,black_33%,transparent_66%)] [mask-position:100%_0%] [mask-size:300%_100%] motion-safe:transition-[mask-position] group-hover\/turn-messages:pointer-events-auto group-hover\/turn-messages:[mask-position:0_0] group-focus-within\/turn-messages:pointer-events-auto group-focus-within\/turn-messages:[mask-position:0_0] has-data-[state=open]:pointer-events-auto has-data-[state=open]:[mask-position:0_0]\"><\/div>\n<\/div>\n<\/div>\n<div class=\"absolute\">\n<div class=\"flex items-center justify-center\"><\/div>\n<\/div>\n<\/div>\n<\/div>\n<\/div>\n<\/article>\n<div class=\"pointer-events-none h-px w-px\" aria-hidden=\"true\" data-edge=\"true\"><\/div>\n","protected":false},"featured_media":22639,"template":"","meta":[],"product_brand":[],"product_cat":[4986,5000],"product_tag":[],"class_list":{"0":"post-22638","1":"product","2":"type-product","3":"status-publish","4":"has-post-thumbnail","6":"product_cat-hemija-za-bazene-bazeni","7":"product_cat-hemija-za-letnje-odrzavanje-bazena","9":"first","10":"instock","11":"sold-individually","12":"purchasable","13":"product-type-simple"},"_links":{"self":[{"href":"https:\/\/hidroterm.dmcsrbija.com\/ru\/wp-json\/wp\/v2\/product\/22638","targetHints":{"allow":["GET"]}}],"collection":[{"href":"https:\/\/hidroterm.dmcsrbija.com\/ru\/wp-json\/wp\/v2\/product"}],"about":[{"href":"https:\/\/hidroterm.dmcsrbija.com\/ru\/wp-json\/wp\/v2\/types\/product"}],"wp:featuredmedia":[{"embeddable":true,"href":"https:\/\/hidroterm.dmcsrbija.com\/ru\/wp-json\/wp\/v2\/media\/22639"}],"wp:attachment":[{"href":"https:\/\/hidroterm.dmcsrbija.com\/ru\/wp-json\/wp\/v2\/media?parent=22638"}],"wp:term":[{"taxonomy":"product_brand","embeddable":true,"href":"https:\/\/hidroterm.dmcsrbija.com\/ru\/wp-json\/wp\/v2\/product_brand?post=22638"},{"taxonomy":"product_cat","embeddable":true,"href":"https:\/\/hidroterm.dmcsrbija.com\/ru\/wp-json\/wp\/v2\/product_cat?post=22638"},{"taxonomy":"product_tag","embeddable":true,"href":"https:\/\/hidroterm.dmcsrbija.com\/ru\/wp-json\/wp\/v2\/product_tag?post=22638"}],"curies":[{"name":"wp","href":"https:\/\/api.w.org\/{rel}","templated":true}]}}