{"id":22634,"date":"2026-03-18T08:30:27","date_gmt":"2026-03-18T07:30:27","guid":{"rendered":"https:\/\/hidroterm.dmcsrbija.com\/proizvod\/plocica-bazenska-nero-240x115x10-tamno-plava-kom\/"},"modified":"2026-03-18T08:30:32","modified_gmt":"2026-03-18T07:30:32","slug":"plocica-bazenska-nero-240x115x10-tamno-plava-kom","status":"publish","type":"product","link":"https:\/\/hidroterm.dmcsrbija.com\/ru\/proizvod\/plocica-bazenska-nero-240x115x10-tamno-plava-kom\/","title":{"rendered":"Plo\u010dica bazenska Nero 240x115x10 tamno plava \/ kom"},"content":{"rendered":"<p>Kerami\u010dka bazenska plo\u010dica idealna za oblaganje unutra\u0161njosti bazena. Glatka povr\u0161ina.<\/p>\n<p data-start=\"0\" data-end=\"358\">Dimenzije plo\u010dice su 240 mm du\u017eine, 115 mm \u0161irine i 10 mm debljine, \u0161to omogu\u0107ava jednostavnu i preciznu ugradnju. Plo\u010dica je tamno plave boje, \u0161to daje osve\u017eavaju\u0107i i umiruju\u0107i izgled, idealan za bazenske prostore.<\/p>\n<p data-start=\"360\" data-end=\"720\">Materijal od kojeg je plo\u010dica napravljena je otporan na vlagu, UV zra\u010denje, kao i na temperaturne promene, \u0161to garantuje dugotrajan i estetski izgled.\u00a0 Savr\u0161en je izbor za sve vrste bazena i drugih vodenih objekata, pru\u017eaju\u0107i i funkcionalnost i ja\u010di vizualni efekat.<\/p>\n<p data-start=\"722\" data-end=\"888\" data-is-last-node=\"\"><em><strong>Plo\u010dica se prodaje po komadu<\/strong><\/em>, a mo\u017ee se koristiti u kombinaciji sa drugim plo\u010dicama iste boje ili u kontrastnim nijansama kako bi se postigao \u017eeljeni estetski efekat.<\/p>\n<p data-start=\"722\" data-end=\"888\" data-is-last-node=\"\">36 komada = 1m2.<\/p>\n<p data-start=\"722\" data-end=\"888\" data-is-last-node=\"\"><span data-sheets-root=\"1\">1 kutija = 36kom<\/span><\/p>","protected":false},"excerpt":{"rendered":"<p>Premium bazenske plo\u010dice 240x115mm u tamno plavoj boji \u2013 vrhunska obrada\u00a0 i UV otpornost. Idealne za oblaganje bazena i vodenih povr\u0161ina. *Cena po komadu<\/p>","protected":false},"featured_media":22635,"template":"","meta":[],"product_brand":[],"product_cat":[4999,4994,4998],"product_tag":[],"class_list":{"0":"post-22634","1":"product","2":"type-product","3":"status-publish","4":"has-post-thumbnail","6":"product_cat-keramicke-bazenske-plocice","7":"product_cat-obloge-za-bazene","8":"product_cat-plocice-za-bazene","10":"first","11":"instock","12":"sold-individually","13":"purchasable","14":"product-type-simple"},"_links":{"self":[{"href":"https:\/\/hidroterm.dmcsrbija.com\/ru\/wp-json\/wp\/v2\/product\/22634","targetHints":{"allow":["GET"]}}],"collection":[{"href":"https:\/\/hidroterm.dmcsrbija.com\/ru\/wp-json\/wp\/v2\/product"}],"about":[{"href":"https:\/\/hidroterm.dmcsrbija.com\/ru\/wp-json\/wp\/v2\/types\/product"}],"wp:featuredmedia":[{"embeddable":true,"href":"https:\/\/hidroterm.dmcsrbija.com\/ru\/wp-json\/wp\/v2\/media\/22635"}],"wp:attachment":[{"href":"https:\/\/hidroterm.dmcsrbija.com\/ru\/wp-json\/wp\/v2\/media?parent=22634"}],"wp:term":[{"taxonomy":"product_brand","embeddable":true,"href":"https:\/\/hidroterm.dmcsrbija.com\/ru\/wp-json\/wp\/v2\/product_brand?post=22634"},{"taxonomy":"product_cat","embeddable":true,"href":"https:\/\/hidroterm.dmcsrbija.com\/ru\/wp-json\/wp\/v2\/product_cat?post=22634"},{"taxonomy":"product_tag","embeddable":true,"href":"https:\/\/hidroterm.dmcsrbija.com\/ru\/wp-json\/wp\/v2\/product_tag?post=22634"}],"curies":[{"name":"wp","href":"https:\/\/api.w.org\/{rel}","templated":true}]}}