{"id":22628,"date":"2026-03-18T08:30:27","date_gmt":"2026-03-18T07:30:27","guid":{"rendered":"https:\/\/hidroterm.dmcsrbija.com\/proizvod\/stakleni-mozaik-nero-white-a11-2x2cm\/"},"modified":"2026-03-18T08:30:31","modified_gmt":"2026-03-18T07:30:31","slug":"stakleni-mozaik-nero-white-a11-2x2cm","status":"publish","type":"product","link":"https:\/\/hidroterm.dmcsrbija.com\/ru\/proizvod\/stakleni-mozaik-nero-white-a11-2x2cm\/","title":{"rendered":"Stakleni mozaik Nero White &#8211; A11 (2x2cm)"},"content":{"rendered":"<p>Stakleni mozaik za oblaganje bazenskih i drugih povr\u0161ina.<\/p>\n<p>Dimenzija mozaik kocke:\u00a020 \u00d7 20 mm<\/p>\n<p>Dimenzija table mozaika:\u00a032,7 \u00d7 32,7 cm<\/p>\n<p>Pakovanje: 4,28 m\u00b2, minimalna koli\u010dina za porud\u017ebinu je jedno pakovanje.<\/p>\n<p>Te\u017eina pakovanja: 28kg<\/p>","protected":false},"excerpt":{"rendered":"<p>Stakleni mozaik za oblaganje bazenskih i drugih povr\u0161ina. Dimenzija mozaik kocke:\u00a020 \u00d7 20 mm Dimenzija table mozaika:\u00a032,7 \u00d7 32,7 cm Pakovanje: 4,28 m\u00b2, minimalna koli\u010dina za porud\u017ebinu je jedno pakovanje. Te\u017eina pakovanja: 28kg<\/p>","protected":false},"featured_media":22629,"template":"","meta":[],"product_brand":[],"product_cat":[4995,4994,4996],"product_tag":[],"class_list":{"0":"post-22628","1":"product","2":"type-product","3":"status-publish","4":"has-post-thumbnail","6":"product_cat-mozaik-za-bazene","7":"product_cat-obloge-za-bazene","8":"product_cat-stakleni-mozaik-standard","10":"first","11":"instock","12":"sold-individually","13":"purchasable","14":"product-type-simple"},"_links":{"self":[{"href":"https:\/\/hidroterm.dmcsrbija.com\/ru\/wp-json\/wp\/v2\/product\/22628","targetHints":{"allow":["GET"]}}],"collection":[{"href":"https:\/\/hidroterm.dmcsrbija.com\/ru\/wp-json\/wp\/v2\/product"}],"about":[{"href":"https:\/\/hidroterm.dmcsrbija.com\/ru\/wp-json\/wp\/v2\/types\/product"}],"wp:featuredmedia":[{"embeddable":true,"href":"https:\/\/hidroterm.dmcsrbija.com\/ru\/wp-json\/wp\/v2\/media\/22629"}],"wp:attachment":[{"href":"https:\/\/hidroterm.dmcsrbija.com\/ru\/wp-json\/wp\/v2\/media?parent=22628"}],"wp:term":[{"taxonomy":"product_brand","embeddable":true,"href":"https:\/\/hidroterm.dmcsrbija.com\/ru\/wp-json\/wp\/v2\/product_brand?post=22628"},{"taxonomy":"product_cat","embeddable":true,"href":"https:\/\/hidroterm.dmcsrbija.com\/ru\/wp-json\/wp\/v2\/product_cat?post=22628"},{"taxonomy":"product_tag","embeddable":true,"href":"https:\/\/hidroterm.dmcsrbija.com\/ru\/wp-json\/wp\/v2\/product_tag?post=22628"}],"curies":[{"name":"wp","href":"https:\/\/api.w.org\/{rel}","templated":true}]}}