{"id":22592,"date":"2026-03-18T08:30:20","date_gmt":"2026-03-18T07:30:20","guid":{"rendered":"https:\/\/hidroterm.dmcsrbija.com\/proizvod\/kolena-90\/"},"modified":"2026-03-18T08:30:24","modified_gmt":"2026-03-18T07:30:24","slug":"kolena-90","status":"publish","type":"product","link":"https:\/\/hidroterm.dmcsrbija.com\/ru\/proizvod\/kolena-90\/","title":{"rendered":"Kolena 90\u00b0"},"content":{"rendered":"<p data-start=\"499\" data-end=\"771\">Kolena 90\u00b0\u00a0namenjena su za izvo\u0111enje pravolinijskih promena smera cevi pod pravim uglom u cevnim instalacijama. Naj\u010de\u0161\u0107e se koriste u sistemima za filtraciju i cirkulaciju bazenske vode, kao i u drugim instalacijama gde je potrebno pouzdano povezivanje PVC cevi.<\/p>\n<p data-start=\"773\" data-end=\"1008\">Proizvedena su od \u010dvrstog i hemijski otpornog PVC materijala koji podnosi pritisak i uticaj bazenskih hemikalija, hlora i spolja\u0161njih faktora. Precizna izrada omogu\u0107ava jednostavnu monta\u017eu, \u010dvrsto spajanje i minimalan rizik od curenja.<\/p>\n<p data-start=\"1010\" data-end=\"1182\">","protected":false},"excerpt":{"rendered":"<p data-start=\"250\" data-end=\"469\">Kolena 90 slu\u017ee za povezivanje PVC cevi pod uglom od 90 stepeni u bazenskim, vodovodnim i tehni\u010dkim instalacijama. Izra\u0111ena su od kvalitetnog PVC materijala, obezbe\u0111uju sigurnu vezu i odli\u010dnu zaptivenost sistema.<\/p>","protected":false},"featured_media":22593,"template":"","meta":[],"product_brand":[],"product_cat":[4993],"product_tag":[],"class_list":{"0":"post-22592","1":"product","2":"type-product","3":"status-publish","4":"has-post-thumbnail","6":"product_cat-cevi-i-fiting-za-bazene","8":"first","9":"instock","10":"sold-individually","11":"product-type-simple"},"_links":{"self":[{"href":"https:\/\/hidroterm.dmcsrbija.com\/ru\/wp-json\/wp\/v2\/product\/22592","targetHints":{"allow":["GET"]}}],"collection":[{"href":"https:\/\/hidroterm.dmcsrbija.com\/ru\/wp-json\/wp\/v2\/product"}],"about":[{"href":"https:\/\/hidroterm.dmcsrbija.com\/ru\/wp-json\/wp\/v2\/types\/product"}],"wp:featuredmedia":[{"embeddable":true,"href":"https:\/\/hidroterm.dmcsrbija.com\/ru\/wp-json\/wp\/v2\/media\/22593"}],"wp:attachment":[{"href":"https:\/\/hidroterm.dmcsrbija.com\/ru\/wp-json\/wp\/v2\/media?parent=22592"}],"wp:term":[{"taxonomy":"product_brand","embeddable":true,"href":"https:\/\/hidroterm.dmcsrbija.com\/ru\/wp-json\/wp\/v2\/product_brand?post=22592"},{"taxonomy":"product_cat","embeddable":true,"href":"https:\/\/hidroterm.dmcsrbija.com\/ru\/wp-json\/wp\/v2\/product_cat?post=22592"},{"taxonomy":"product_tag","embeddable":true,"href":"https:\/\/hidroterm.dmcsrbija.com\/ru\/wp-json\/wp\/v2\/product_tag?post=22592"}],"curies":[{"name":"wp","href":"https:\/\/api.w.org\/{rel}","templated":true}]}}