{"id":22590,"date":"2026-03-18T08:30:20","date_gmt":"2026-03-18T07:30:20","guid":{"rendered":"https:\/\/hidroterm.dmcsrbija.com\/proizvod\/lepak-akfix\/"},"modified":"2026-03-18T08:30:23","modified_gmt":"2026-03-18T07:30:23","slug":"lepak-akfix","status":"publish","type":"product","link":"https:\/\/hidroterm.dmcsrbija.com\/ru\/proizvod\/lepak-akfix\/","title":{"rendered":"Lepak Akfix"},"content":{"rendered":"<h2 data-start=\"103\" data-end=\"168\"><strong data-start=\"103\" data-end=\"168\">Lepak Akfix \u2013 pouzdano i sna\u017eno lepljenje za razli\u010dite namene<\/strong><\/h2>\n<p>&nbsp;<\/p>\n<p data-start=\"92\" data-end=\"490\">Akfix R305 je profesionalni lepak namenjen lepljenju tvrdo-PVC cevi i fitinga u instalacijama pod pritiskom i bez pritiska. Formuli\u0161e \u010dvrst, vodonepropustan spoj koji je otporan na pritisak i hemijske uticaje. Pogodan je za vodovodne sisteme, bazenske instalacije, sisteme za navodnjavanje i industrijske PVC cevi. Brzo se su\u0161i, lako nanosi i obezbe\u0111uje dugotrajnu i sigurnu vezu elemenata.<\/p>\n<h3 data-start=\"787\" data-end=\"801\"><strong data-start=\"787\" data-end=\"801\">Prednosti:<\/strong><\/h3>\n<ul data-start=\"802\" data-end=\"1000\">\n<li data-start=\"802\" data-end=\"829\">\n<p data-start=\"804\" data-end=\"829\">sna\u017eno i brzo lepljenje<\/p>\n<\/li>\n<li data-start=\"830\" data-end=\"883\">\n<p data-start=\"832\" data-end=\"883\">\u0161iroka primena u ku\u0107nim i profesionalnim radovima<\/p>\n<\/li>\n<li data-start=\"884\" data-end=\"931\">\n<p data-start=\"886\" data-end=\"931\">odli\u010dno prijanjanje na razli\u010dite materijale<\/p>\n<\/li>\n<li data-start=\"932\" data-end=\"962\">\n<p data-start=\"934\" data-end=\"962\">postojan i dugotrajan spoj<\/p>\n<\/li>\n<li data-start=\"963\" data-end=\"1000\">\n<p data-start=\"965\" data-end=\"1000\">jednostavna i precizna aplikacija<\/p>\n<\/li>\n<\/ul>\n<p data-start=\"1002\" data-end=\"1111\">Lepak Akfix je prakti\u010dno i ekonomi\u010dno re\u0161enje za svakoga ko tra\u017ei kvalitetan i pouzdan proizvod za lepljenje.<\/p>","protected":false},"excerpt":{"rendered":"<p data-start=\"281\" data-end=\"609\">Akfix R305 je visokokvalitetni lepak namenjen za lepljenje PVC cevi i fitinga pod pritiskom i bez pritiska. Odlikuje ga brzo vezivanje, velika \u010dvrsto\u0107a spoja i jednostavna primena. Pogodan je za vodovodne sisteme, sisteme za navodnjavanje, kao i instalacije bazena i hidrotehnike. Obezbe\u0111uje vodonepropusne i dugotrajne spojeve.<\/p>\n<p data-start=\"611\" data-end=\"636\">","protected":false},"featured_media":22591,"template":"","meta":[],"product_brand":[],"product_cat":[4993],"product_tag":[],"class_list":{"0":"post-22590","1":"product","2":"type-product","3":"status-publish","4":"has-post-thumbnail","6":"product_cat-cevi-i-fiting-za-bazene","8":"first","9":"instock","10":"sold-individually","11":"product-type-simple"},"_links":{"self":[{"href":"https:\/\/hidroterm.dmcsrbija.com\/ru\/wp-json\/wp\/v2\/product\/22590","targetHints":{"allow":["GET"]}}],"collection":[{"href":"https:\/\/hidroterm.dmcsrbija.com\/ru\/wp-json\/wp\/v2\/product"}],"about":[{"href":"https:\/\/hidroterm.dmcsrbija.com\/ru\/wp-json\/wp\/v2\/types\/product"}],"wp:featuredmedia":[{"embeddable":true,"href":"https:\/\/hidroterm.dmcsrbija.com\/ru\/wp-json\/wp\/v2\/media\/22591"}],"wp:attachment":[{"href":"https:\/\/hidroterm.dmcsrbija.com\/ru\/wp-json\/wp\/v2\/media?parent=22590"}],"wp:term":[{"taxonomy":"product_brand","embeddable":true,"href":"https:\/\/hidroterm.dmcsrbija.com\/ru\/wp-json\/wp\/v2\/product_brand?post=22590"},{"taxonomy":"product_cat","embeddable":true,"href":"https:\/\/hidroterm.dmcsrbija.com\/ru\/wp-json\/wp\/v2\/product_cat?post=22590"},{"taxonomy":"product_tag","embeddable":true,"href":"https:\/\/hidroterm.dmcsrbija.com\/ru\/wp-json\/wp\/v2\/product_tag?post=22590"}],"curies":[{"name":"wp","href":"https:\/\/api.w.org\/{rel}","templated":true}]}}