{"id":22588,"date":"2026-03-18T08:30:20","date_gmt":"2026-03-18T07:30:20","guid":{"rendered":"https:\/\/hidroterm.dmcsrbija.com\/proizvod\/flexy-cevi\/"},"modified":"2026-03-18T08:30:23","modified_gmt":"2026-03-18T07:30:23","slug":"flexy-cevi","status":"publish","type":"product","link":"https:\/\/hidroterm.dmcsrbija.com\/ru\/proizvod\/flexy-cevi\/","title":{"rendered":"Flexy cevi"},"content":{"rendered":"<p data-start=\"526\" data-end=\"826\">Flexy cevi predstavljaju kvalitetno i pouzdano re\u0161enje za instalacije gde je potrebna fleksibilnost cevi i jednostavno prilago\u0111avanje prostoru. Koriste se u bazenskim sistemima, sistemima za filtraciju, pumpama, hidromasa\u017enim kadama, kao i u razli\u010ditim tehni\u010dkim i industrijskim primenama.<\/p>\n<p data-start=\"828\" data-end=\"1135\">Izra\u0111ene su od visokokvalitetnog PVC materijala koji je otporan na pritisak, habanje i hemikalije koje se primenjuju u tretmanu bazenske vode. Fleksibilna struktura olak\u0161ava postavljanje cevi oko prepreka bez potrebe za velikim brojem spojeva i kolena, \u010dime se smanjuje mogu\u0107nost curenja i gubitka pritiska.<\/p>\n<p data-start=\"1137\" data-end=\"1326\">Cene su po metru.<\/p>","protected":false},"excerpt":{"rendered":"<p data-start=\"257\" data-end=\"496\">Flexy cevi Plimat su fleksibilne PVC cevi namenjene za sisteme bazena, vodovoda i tehni\u010dkih instalacija. Odlikuju se visokom otporno\u0161\u0107u, jednostavnom monta\u017eom i mogu\u0107no\u0161\u0107u savijanja bez pucanja, \u0161to ih \u010dini idealnim za slo\u017eene instalacije.<\/p>","protected":false},"featured_media":22589,"template":"","meta":[],"product_brand":[],"product_cat":[4993],"product_tag":[],"class_list":{"0":"post-22588","1":"product","2":"type-product","3":"status-publish","4":"has-post-thumbnail","6":"product_cat-cevi-i-fiting-za-bazene","8":"first","9":"instock","10":"sold-individually","11":"product-type-simple"},"_links":{"self":[{"href":"https:\/\/hidroterm.dmcsrbija.com\/ru\/wp-json\/wp\/v2\/product\/22588","targetHints":{"allow":["GET"]}}],"collection":[{"href":"https:\/\/hidroterm.dmcsrbija.com\/ru\/wp-json\/wp\/v2\/product"}],"about":[{"href":"https:\/\/hidroterm.dmcsrbija.com\/ru\/wp-json\/wp\/v2\/types\/product"}],"wp:featuredmedia":[{"embeddable":true,"href":"https:\/\/hidroterm.dmcsrbija.com\/ru\/wp-json\/wp\/v2\/media\/22589"}],"wp:attachment":[{"href":"https:\/\/hidroterm.dmcsrbija.com\/ru\/wp-json\/wp\/v2\/media?parent=22588"}],"wp:term":[{"taxonomy":"product_brand","embeddable":true,"href":"https:\/\/hidroterm.dmcsrbija.com\/ru\/wp-json\/wp\/v2\/product_brand?post=22588"},{"taxonomy":"product_cat","embeddable":true,"href":"https:\/\/hidroterm.dmcsrbija.com\/ru\/wp-json\/wp\/v2\/product_cat?post=22588"},{"taxonomy":"product_tag","embeddable":true,"href":"https:\/\/hidroterm.dmcsrbija.com\/ru\/wp-json\/wp\/v2\/product_tag?post=22588"}],"curies":[{"name":"wp","href":"https:\/\/api.w.org\/{rel}","templated":true}]}}