{"id":22586,"date":"2026-03-18T08:30:20","date_gmt":"2026-03-18T07:30:20","guid":{"rendered":"https:\/\/hidroterm.dmcsrbija.com\/proizvod\/bazenske-krute-cevi\/"},"modified":"2026-03-18T08:30:23","modified_gmt":"2026-03-18T07:30:23","slug":"bazenske-krute-cevi","status":"publish","type":"product","link":"https:\/\/hidroterm.dmcsrbija.com\/ru\/proizvod\/bazenske-krute-cevi\/","title":{"rendered":"Bazenske krute cevi"},"content":{"rendered":"<p data-start=\"553\" data-end=\"840\">Krute cevi za bazene predstavljaju pouzdano re\u0161enje za instalaciju bazenskih hidrauli\u010dkih sistema. Koriste se za povezivanje filtera, pumpi, ventila, skimmera, mlaznica i ostale opreme za bazene. Zbog svoje \u010dvrsto\u0107e i stabilnosti idealne su za podzemnu i nadzemnu instalaciju.<\/p>\n<p data-start=\"842\" data-end=\"1121\">Cevi su izra\u0111ene od PVC materijala visoke \u010dvrsto\u0107e, otporne su na UV zra\u010denje, hlor, slanu vodu i hemikalije za odr\u017eavanje bazena. Zahvaljuju\u0107i glatkoj unutra\u0161njoj povr\u0161ini omogu\u0107avaju optimalan protok vode, smanjuju gubitke pritiska i doprinose efikasnosti filtracionog sistema.<\/p>\n<p data-start=\"842\" data-end=\"1121\">*Cene su izra\u017eene po metru. Jedna cev je duga 3m.<\/p>","protected":false},"excerpt":{"rendered":"<p data-start=\"266\" data-end=\"523\">Krute cevi za bazene Pimta\u0161 namenjene su za izradu i povezivanje sistema filtracije, cirkulacije i hidraulike bazena. Izra\u0111ene su od kvalitetnih materijala otpornih na pritisak, hemikalije i hlorisanu vodu, \u0161to obezbe\u0111uje dug radni vek i pouzdanost sistema.<\/p>","protected":false},"featured_media":22587,"template":"","meta":[],"product_brand":[],"product_cat":[4993],"product_tag":[],"class_list":{"0":"post-22586","1":"product","2":"type-product","3":"status-publish","4":"has-post-thumbnail","6":"product_cat-cevi-i-fiting-za-bazene","8":"first","9":"instock","10":"sold-individually","11":"product-type-simple"},"_links":{"self":[{"href":"https:\/\/hidroterm.dmcsrbija.com\/ru\/wp-json\/wp\/v2\/product\/22586","targetHints":{"allow":["GET"]}}],"collection":[{"href":"https:\/\/hidroterm.dmcsrbija.com\/ru\/wp-json\/wp\/v2\/product"}],"about":[{"href":"https:\/\/hidroterm.dmcsrbija.com\/ru\/wp-json\/wp\/v2\/types\/product"}],"wp:featuredmedia":[{"embeddable":true,"href":"https:\/\/hidroterm.dmcsrbija.com\/ru\/wp-json\/wp\/v2\/media\/22587"}],"wp:attachment":[{"href":"https:\/\/hidroterm.dmcsrbija.com\/ru\/wp-json\/wp\/v2\/media?parent=22586"}],"wp:term":[{"taxonomy":"product_brand","embeddable":true,"href":"https:\/\/hidroterm.dmcsrbija.com\/ru\/wp-json\/wp\/v2\/product_brand?post=22586"},{"taxonomy":"product_cat","embeddable":true,"href":"https:\/\/hidroterm.dmcsrbija.com\/ru\/wp-json\/wp\/v2\/product_cat?post=22586"},{"taxonomy":"product_tag","embeddable":true,"href":"https:\/\/hidroterm.dmcsrbija.com\/ru\/wp-json\/wp\/v2\/product_tag?post=22586"}],"curies":[{"name":"wp","href":"https:\/\/api.w.org\/{rel}","templated":true}]}}