{"id":22582,"date":"2026-03-18T08:30:20","date_gmt":"2026-03-18T07:30:20","guid":{"rendered":"https:\/\/hidroterm.dmcsrbija.com\/proizvod\/robot-za-bazene-nero-master-pod-i-zid\/"},"modified":"2026-03-18T08:30:22","modified_gmt":"2026-03-18T07:30:22","slug":"robot-za-bazene-nero-master-pod-i-zid","status":"publish","type":"product","link":"https:\/\/hidroterm.dmcsrbija.com\/ru\/proizvod\/robot-za-bazene-nero-master-pod-i-zid\/","title":{"rendered":"Robot za bazene Nero Master (pod i zid)"},"content":{"rendered":"<h3><strong>Nero Master &#8211; Pametni robot za \u010di\u0161\u0107enje bazena<\/strong><\/h3>\n<p>Savr\u0161en spoj tehnologije i prakti\u010dnosti, DPool Master predstavlja revolucionarno re\u0161enje za automatsko odr\u017eavanje va\u0161eg bazena. Pove\u017eite ga sa mobilnim telefonom putem Bluetooth aplikacije i upravljajte svim funkcijama iz dlanova.<\/p>\n<p><strong>Glavne karakteristike:<\/strong><\/p>\n<ul>\n<li><strong>Automatsko \u010di\u0161\u0107enje:<\/strong> DPool Master temeljito \u010disti dno i zidove bazena u vremenskim ciklusima od 1, 2 ili 3 sata.<\/li>\n<li><strong>Bluetooth upravljanje:<\/strong>\u00a0Upravljajte robotom putem mobilne aplikacije, bez potrebe za daljinskim upravlja\u010dem.<\/li>\n<li><strong>Energetski efikasan:<\/strong> Filtrira vodu u bazenu, uklanjaju\u0107i ne\u010disto\u0107e bez potrebe za \u010destim izmenama vode, \u0161to \u0161tedi energiju i \u0161titi okolinu.<\/li>\n<li><strong>Visok kapacitet filtracije:<\/strong> Sa snagom filtracije od 20 m\u00b3\/h,opremljen sa 3 motora i filterom od 180 mikrona, robot efikasno uklanja \u010destice ne\u010disto\u0107a.<\/li>\n<li><strong>Dug kabl:<\/strong>\u00a0Kabl od 18 metara omogu\u0107ava \u010di\u0161\u0107enje bazena du\u017eine do 9,65 metara.<\/li>\n<li><strong>Vodootporn dizajn:<\/strong>\u00a0Sa IPX8 za\u0161titom, robot je otporan na vodu i mo\u017ee raditi na dubinama do 2 metra.<\/li>\n<\/ul>\n<p>&nbsp;<\/p>\n<p>Dizajniran je i za nadzemne i za ukopne bazene svih oblika (pravougaoni, okrugli, ovalni, \u2026 ) i materijala (lajner, beton, plo\u010dice, . . . ) do 200m\u00b2. Opremljen je sa 2 velike filter korpe koje se mogu izvaditi sa gornje strane i koje se mogu lako odr\u017eavati.<\/p>\n<p>DPool Master je idealan izbor za vlasnike srednje velikih bazena koji tra\u017ee pouzdano i prakti\u010dno re\u0161enje za odr\u017eavanje \u010disto\u0107e. Sa naprednim funkcijama i jednostavnim upravljanjem, ovaj robot olak\u0161ava svakodnevnu negu va\u0161eg bazena.<\/p>\n<p>U ponudi imamo i rezervne delove za Nero master\u00a0 <span style=\"color: #ff0000;\"><a style=\"color: #ff0000;\" href=\"https:\/\/izgradnjabazena.rs\/wp-content\/uploads\/2022\/06\/ROBOT-MASTER-REZERVNI-DELOVI.pdf\">ROBOT-MASTER-REZERVNI-DELOVI<\/a><\/span><\/p>","protected":false},"excerpt":{"rendered":"<p>DPool Master je pametni robot za \u010di\u0161\u0107enje bazena sa Bluetooth upravljanjem, visokom filtracijom, energetski efikasan, sa kablom od 18 metara, pogodan za bazene do 200 m\u00b2, koji temeljno \u010disti dno i zidove uz jednostavno odr\u017eavanje.<\/p>","protected":false},"featured_media":22583,"template":"","meta":[],"product_brand":[],"product_cat":[4992],"product_tag":[],"class_list":{"0":"post-22582","1":"product","2":"type-product","3":"status-publish","4":"has-post-thumbnail","6":"product_cat-roboti-za-bazene","8":"first","9":"instock","10":"sold-individually","11":"purchasable","12":"product-type-simple"},"_links":{"self":[{"href":"https:\/\/hidroterm.dmcsrbija.com\/ru\/wp-json\/wp\/v2\/product\/22582","targetHints":{"allow":["GET"]}}],"collection":[{"href":"https:\/\/hidroterm.dmcsrbija.com\/ru\/wp-json\/wp\/v2\/product"}],"about":[{"href":"https:\/\/hidroterm.dmcsrbija.com\/ru\/wp-json\/wp\/v2\/types\/product"}],"wp:featuredmedia":[{"embeddable":true,"href":"https:\/\/hidroterm.dmcsrbija.com\/ru\/wp-json\/wp\/v2\/media\/22583"}],"wp:attachment":[{"href":"https:\/\/hidroterm.dmcsrbija.com\/ru\/wp-json\/wp\/v2\/media?parent=22582"}],"wp:term":[{"taxonomy":"product_brand","embeddable":true,"href":"https:\/\/hidroterm.dmcsrbija.com\/ru\/wp-json\/wp\/v2\/product_brand?post=22582"},{"taxonomy":"product_cat","embeddable":true,"href":"https:\/\/hidroterm.dmcsrbija.com\/ru\/wp-json\/wp\/v2\/product_cat?post=22582"},{"taxonomy":"product_tag","embeddable":true,"href":"https:\/\/hidroterm.dmcsrbija.com\/ru\/wp-json\/wp\/v2\/product_tag?post=22582"}],"curies":[{"name":"wp","href":"https:\/\/api.w.org\/{rel}","templated":true}]}}