{"id":22578,"date":"2026-03-18T08:30:20","date_gmt":"2026-03-18T07:30:20","guid":{"rendered":"https:\/\/hidroterm.dmcsrbija.com\/proizvod\/water-lily-sundjer-za-upijanje-masti-iz-bazena-6-komada-pakovanje\/"},"modified":"2026-03-18T08:30:21","modified_gmt":"2026-03-18T07:30:21","slug":"water-lily-sundjer-za-upijanje-masti-iz-bazena-6-komada-pakovanje","status":"publish","type":"product","link":"https:\/\/hidroterm.dmcsrbija.com\/ru\/proizvod\/water-lily-sundjer-za-upijanje-masti-iz-bazena-6-komada-pakovanje\/","title":{"rendered":"Water Lily sundjer za upijanje masti iz bazena (6 komada\/pakovanje)"},"content":{"rendered":"<p>Water lily\u00a0sundjer za upijanje masti iz bazena.<\/p>\n<p>Nakon ulaska kupaca u bazensku vodu, koji na telu imaju nanetu kremu za suncanje, dolazi do zamascenja vode. Sundjer za upijanje masti je resenje za ovaj problem.<\/p>\n<p>Na\u010din upotrebe: Postaviti na\u00a0mre\u017eicu skimer ili direktno u bazen za brzo delovanje.<\/p>\n<p>Prose\u010dno vreme upotrebe 2 nedelje ili do potpunog zasi\u0107enja.<\/p>","protected":false},"excerpt":{"rendered":"<p>Water lily\u00a0sundjer za upijanje masti iz bazena. Nakon ulaska kupaca u bazensku vodu, koji na telu imaju nanetu kremu za suncanje, dolazi do zamascenja vode. Sundjer za upijanje masti je resenje za ovaj problem. Na\u010din upotrebe: Postaviti na\u00a0mre\u017eicu skimer ili direktno u bazen za brzo delovanje. Prose\u010dno vreme upotrebe 2 nedelje ili do potpunog zasi\u0107enja.<\/p>","protected":false},"featured_media":22579,"template":"","meta":[],"product_brand":[],"product_cat":[4982,4990],"product_tag":[],"class_list":{"0":"post-22578","1":"product","2":"type-product","3":"status-publish","4":"has-post-thumbnail","6":"product_cat-oprema-za-odrzavanje-bazena","7":"product_cat-sundjeri","9":"first","10":"instock","11":"sold-individually","12":"purchasable","13":"product-type-simple"},"_links":{"self":[{"href":"https:\/\/hidroterm.dmcsrbija.com\/ru\/wp-json\/wp\/v2\/product\/22578","targetHints":{"allow":["GET"]}}],"collection":[{"href":"https:\/\/hidroterm.dmcsrbija.com\/ru\/wp-json\/wp\/v2\/product"}],"about":[{"href":"https:\/\/hidroterm.dmcsrbija.com\/ru\/wp-json\/wp\/v2\/types\/product"}],"wp:featuredmedia":[{"embeddable":true,"href":"https:\/\/hidroterm.dmcsrbija.com\/ru\/wp-json\/wp\/v2\/media\/22579"}],"wp:attachment":[{"href":"https:\/\/hidroterm.dmcsrbija.com\/ru\/wp-json\/wp\/v2\/media?parent=22578"}],"wp:term":[{"taxonomy":"product_brand","embeddable":true,"href":"https:\/\/hidroterm.dmcsrbija.com\/ru\/wp-json\/wp\/v2\/product_brand?post=22578"},{"taxonomy":"product_cat","embeddable":true,"href":"https:\/\/hidroterm.dmcsrbija.com\/ru\/wp-json\/wp\/v2\/product_cat?post=22578"},{"taxonomy":"product_tag","embeddable":true,"href":"https:\/\/hidroterm.dmcsrbija.com\/ru\/wp-json\/wp\/v2\/product_tag?post=22578"}],"curies":[{"name":"wp","href":"https:\/\/api.w.org\/{rel}","templated":true}]}}