{"id":22576,"date":"2026-03-18T08:30:20","date_gmt":"2026-03-18T07:30:20","guid":{"rendered":"https:\/\/hidroterm.dmcsrbija.com\/proizvod\/adapter-za-bazensko-crevo-dpool\/"},"modified":"2026-03-18T08:30:21","modified_gmt":"2026-03-18T07:30:21","slug":"adapter-za-bazensko-crevo-dpool","status":"publish","type":"product","link":"https:\/\/hidroterm.dmcsrbija.com\/ru\/proizvod\/adapter-za-bazensko-crevo-dpool\/","title":{"rendered":"Adapter za bazensko crevo DPool"},"content":{"rendered":"<p>Adapter za crevo usisiva\u010da namenjeno za priklju\u010dak na skimer i papu\u010du usisiva\u010da radi lak\u0161eg \u010di\u0161\u0107enja bazena.<\/p>","protected":false},"excerpt":{"rendered":"<p>Adapter za crevo usisiva\u010da namenjeno za priklju\u010dak na skimer i papu\u010du usisiva\u010da radi lak\u0161eg \u010di\u0161\u0107enja bazena.<\/p>","protected":false},"featured_media":22577,"template":"","meta":[],"product_brand":[],"product_cat":[4989,4982],"product_tag":[],"class_list":{"0":"post-22576","1":"product","2":"type-product","3":"status-publish","4":"has-post-thumbnail","6":"product_cat-nastavci","7":"product_cat-oprema-za-odrzavanje-bazena","9":"first","10":"instock","11":"sold-individually","12":"purchasable","13":"product-type-simple"},"_links":{"self":[{"href":"https:\/\/hidroterm.dmcsrbija.com\/ru\/wp-json\/wp\/v2\/product\/22576","targetHints":{"allow":["GET"]}}],"collection":[{"href":"https:\/\/hidroterm.dmcsrbija.com\/ru\/wp-json\/wp\/v2\/product"}],"about":[{"href":"https:\/\/hidroterm.dmcsrbija.com\/ru\/wp-json\/wp\/v2\/types\/product"}],"wp:featuredmedia":[{"embeddable":true,"href":"https:\/\/hidroterm.dmcsrbija.com\/ru\/wp-json\/wp\/v2\/media\/22577"}],"wp:attachment":[{"href":"https:\/\/hidroterm.dmcsrbija.com\/ru\/wp-json\/wp\/v2\/media?parent=22576"}],"wp:term":[{"taxonomy":"product_brand","embeddable":true,"href":"https:\/\/hidroterm.dmcsrbija.com\/ru\/wp-json\/wp\/v2\/product_brand?post=22576"},{"taxonomy":"product_cat","embeddable":true,"href":"https:\/\/hidroterm.dmcsrbija.com\/ru\/wp-json\/wp\/v2\/product_cat?post=22576"},{"taxonomy":"product_tag","embeddable":true,"href":"https:\/\/hidroterm.dmcsrbija.com\/ru\/wp-json\/wp\/v2\/product_tag?post=22576"}],"curies":[{"name":"wp","href":"https:\/\/api.w.org\/{rel}","templated":true}]}}