{"id":22562,"date":"2026-03-18T08:30:13","date_gmt":"2026-03-18T07:30:13","guid":{"rendered":"https:\/\/hidroterm.dmcsrbija.com\/proizvod\/papuca-usisivaca-sa-cetkicama-astral\/"},"modified":"2026-03-18T08:30:19","modified_gmt":"2026-03-18T07:30:19","slug":"papuca-usisivaca-sa-cetkicama-astral","status":"publish","type":"product","link":"https:\/\/hidroterm.dmcsrbija.com\/ru\/proizvod\/papuca-usisivaca-sa-cetkicama-astral\/","title":{"rendered":"Papu\u010da usisiva\u010da sa \u010detkicama Astral"},"content":{"rendered":"<p>Papu\u010da usisiva\u010da namenjena za \u010di\u0161\u0107enje bazena uz pomo\u0107 creva usisiva\u010da i teleskopske \u0161ipke.<\/p>","protected":false},"excerpt":{"rendered":"<p>Papu\u010da usisiva\u010da namenjena za \u010di\u0161\u0107enje bazena uz pomo\u0107 creva usisiva\u010da i teleskopske \u0161ipke.<\/p>","protected":false},"featured_media":22563,"template":"","meta":[],"product_brand":[],"product_cat":[4982,4983],"product_tag":[],"class_list":{"0":"post-22562","1":"product","2":"type-product","3":"status-publish","4":"has-post-thumbnail","6":"product_cat-oprema-za-odrzavanje-bazena","7":"product_cat-papuce-usisivaca","9":"first","10":"instock","11":"sold-individually","12":"purchasable","13":"product-type-simple"},"_links":{"self":[{"href":"https:\/\/hidroterm.dmcsrbija.com\/ru\/wp-json\/wp\/v2\/product\/22562","targetHints":{"allow":["GET"]}}],"collection":[{"href":"https:\/\/hidroterm.dmcsrbija.com\/ru\/wp-json\/wp\/v2\/product"}],"about":[{"href":"https:\/\/hidroterm.dmcsrbija.com\/ru\/wp-json\/wp\/v2\/types\/product"}],"wp:featuredmedia":[{"embeddable":true,"href":"https:\/\/hidroterm.dmcsrbija.com\/ru\/wp-json\/wp\/v2\/media\/22563"}],"wp:attachment":[{"href":"https:\/\/hidroterm.dmcsrbija.com\/ru\/wp-json\/wp\/v2\/media?parent=22562"}],"wp:term":[{"taxonomy":"product_brand","embeddable":true,"href":"https:\/\/hidroterm.dmcsrbija.com\/ru\/wp-json\/wp\/v2\/product_brand?post=22562"},{"taxonomy":"product_cat","embeddable":true,"href":"https:\/\/hidroterm.dmcsrbija.com\/ru\/wp-json\/wp\/v2\/product_cat?post=22562"},{"taxonomy":"product_tag","embeddable":true,"href":"https:\/\/hidroterm.dmcsrbija.com\/ru\/wp-json\/wp\/v2\/product_tag?post=22562"}],"curies":[{"name":"wp","href":"https:\/\/api.w.org\/{rel}","templated":true}]}}