{"id":22558,"date":"2026-03-18T08:30:13","date_gmt":"2026-03-18T07:30:13","guid":{"rendered":"https:\/\/hidroterm.dmcsrbija.com\/proizvod\/prelivna-resetka-astral-za-krivine-195-22mm-45kom1m\/"},"modified":"2026-03-18T08:30:18","modified_gmt":"2026-03-18T07:30:18","slug":"prelivna-resetka-astral-za-krivine-195-22mm-45kom1m","status":"publish","type":"product","link":"https:\/\/hidroterm.dmcsrbija.com\/ru\/proizvod\/prelivna-resetka-astral-za-krivine-195-22mm-45kom1m\/","title":{"rendered":"Prelivna re\u0161etka Astral za krivine 195\/22mm (45kom=1m)"},"content":{"rendered":"<p class=\"\" data-start=\"65\" data-end=\"127\"><strong data-start=\"65\" data-end=\"127\">Prelivna Re\u0161etka Astral za Krivine 195\/22 mm (45 kom = 1 m)<\/strong><\/p>\n<p data-start=\"65\" data-end=\"127\"><strong>*\u00a0 cena je po komadu.<\/strong><\/p>\n<p class=\"\" data-start=\"129\" data-end=\"452\">Prelivna re\u0161etka <strong data-start=\"146\" data-end=\"156\">Astral<\/strong> za krivine je vrhunski proizvod renomiranog brenda <strong data-start=\"208\" data-end=\"222\">AstralPool<\/strong>, dizajniran specijalno za bazene sa prelivnim kanalima, sa mogu\u0107no\u0161\u0107u prilago\u0111avanja krivinama. Ova re\u0161etka je idealna za bazene sa zaobljenim ivicama i pru\u017ea savr\u0161en vizualni i funkcionalni zavr\u0161ni sloj va\u0161eg bazenskog sistema.<\/p>\n<p class=\"\" data-start=\"454\" data-end=\"717\">Izra\u0111ena od <strong data-start=\"466\" data-end=\"499\">plastificiranog polipropilena<\/strong>, materijala otpornog na UV zra\u010denje i hlor, garantuje dug vek trajanja i izuzetnu otpornost na spoljne uticaje. Fleksibilna struktura omogu\u0107ava lako postavljanje oko krivina, \u010dine\u0107i instalaciju br\u017eom i jednostavnijom.<\/p>\n<p class=\"\" data-start=\"719\" data-end=\"747\"><strong data-start=\"719\" data-end=\"747\">Tehni\u010dke Karakteristike:<\/strong><\/p>\n<ul data-start=\"748\" data-end=\"971\">\n<li class=\"\" data-start=\"748\" data-end=\"776\">\n<p class=\"\" data-start=\"750\" data-end=\"776\"><strong data-start=\"750\" data-end=\"763\">Dimenzije<\/strong>: 195 x 22 mm<\/p>\n<\/li>\n<li class=\"\" data-start=\"777\" data-end=\"841\">\n<p class=\"\" data-start=\"779\" data-end=\"841\"><strong data-start=\"779\" data-end=\"792\">Materijal<\/strong>: Plastificirani polipropilen otporan na UV zrake<\/p>\n<\/li>\n<li class=\"\" data-start=\"842\" data-end=\"878\">\n<p class=\"\" data-start=\"844\" data-end=\"878\"><strong data-start=\"844\" data-end=\"857\">Pakovanje<\/strong>: 45 komada = 1 metar<\/p>\n<\/li>\n<li class=\"\" data-start=\"879\" data-end=\"971\">\n<p class=\"\" data-start=\"881\" data-end=\"971\"><strong data-start=\"881\" data-end=\"891\">Dizajn<\/strong>: Fleksibilna struktura omogu\u0107ava prilago\u0111avanje razli\u010ditim oblicima i krivinama<\/p>\n<\/li>\n<\/ul>\n<p class=\"\" data-start=\"973\" data-end=\"1011\"><strong data-start=\"973\" data-end=\"1011\">Prednosti Prelivne Re\u0161etke Astral:<\/strong><\/p>\n<ul data-start=\"1012\" data-end=\"1465\">\n<li class=\"\" data-start=\"1012\" data-end=\"1107\">\n<p class=\"\" data-start=\"1014\" data-end=\"1107\"><strong data-start=\"1014\" data-end=\"1051\">Savr\u0161en za zaobljene ivice bazena<\/strong> \u2013 Fleksibilnost omogu\u0107ava lako oblikovanje oko krivina.<\/p>\n<\/li>\n<li class=\"\" data-start=\"1108\" data-end=\"1243\">\n<p class=\"\" data-start=\"1110\" data-end=\"1243\"><strong data-start=\"1110\" data-end=\"1145\">Otpornost na UV zra\u010denje i hlor<\/strong> \u2013 Materijal ostaje postojan i dugotrajan, \u010dak i pod uticajem sun\u010deve svetlosti i bazenske hemije.<\/p>\n<\/li>\n<li class=\"\" data-start=\"1244\" data-end=\"1350\">\n<p class=\"\" data-start=\"1246\" data-end=\"1350\"><strong data-start=\"1246\" data-end=\"1283\">Smanjuje rizik od prolivanja vode<\/strong> \u2013 Osigurava efikasno prelivanje i bolju cirkulaciju vode u bazenu.<\/p>\n<\/li>\n<li class=\"\" data-start=\"1351\" data-end=\"1465\">\n<p class=\"\" data-start=\"1353\" data-end=\"1465\"><strong data-start=\"1353\" data-end=\"1389\">Jednostavna monta\u017ea i odr\u017eavanje<\/strong> \u2013 Brza instalacija i lako \u010di\u0161\u0107enje omogu\u0107avaju minimalan trud u odr\u017eavanju.<\/p>\n<\/li>\n<\/ul>\n<p class=\"\" data-start=\"1467\" data-end=\"1510\"><strong data-start=\"1467\" data-end=\"1510\">Za\u0161to izabrati Prelivnu Re\u0161etku Astral?<\/strong><\/p>\n<ul data-start=\"1511\" data-end=\"1698\">\n<li class=\"\" data-start=\"1511\" data-end=\"1570\">\n<p class=\"\" data-start=\"1513\" data-end=\"1570\">Pru\u017ea estetski lep i funkcionalan zavr\u0161ni sloj za bazene.<\/p>\n<\/li>\n<li class=\"\" data-start=\"1571\" data-end=\"1636\">\n<p class=\"\" data-start=\"1573\" data-end=\"1636\">Visoka otpornost na spoljne uticaje garantuje dug vek trajanja.<\/p>\n<\/li>\n<li class=\"\" data-start=\"1637\" data-end=\"1698\">\n<p class=\"\" data-start=\"1639\" data-end=\"1698\">Fleksibilan dizajn za jednostavnu instalaciju na krivinama.<\/p>\n<\/li>\n<\/ul>\n<p class=\"\" data-start=\"1700\" data-end=\"1786\"><strong data-start=\"1700\" data-end=\"1718\">Naru\u010dite odmah<\/strong> i obezbedite kvalitetno re\u0161enje za va\u0161 bazen sa prelivnim sistemom!<\/p>","protected":false},"excerpt":{"rendered":"<p>Prelivna re\u0161etka <strong>Astral<\/strong> za krivine (195\/22 mm) izra\u0111ena od plastificiranog polipropilena, otporna na UV zrake i hlor, idealna je za bazene sa zaobljenim ivicama, pru\u017eaju\u0107i efikasno prelivanje vode, jednostavnu monta\u017eu i dugotrajan vek trajanja.<\/p>","protected":false},"featured_media":22559,"template":"","meta":[],"product_brand":[],"product_cat":[4981],"product_tag":[],"class_list":{"0":"post-22558","1":"product","2":"type-product","3":"status-publish","4":"has-post-thumbnail","6":"product_cat-prelivne-resetke-za-bazene","8":"first","9":"instock","10":"sold-individually","11":"purchasable","12":"product-type-simple"},"_links":{"self":[{"href":"https:\/\/hidroterm.dmcsrbija.com\/ru\/wp-json\/wp\/v2\/product\/22558","targetHints":{"allow":["GET"]}}],"collection":[{"href":"https:\/\/hidroterm.dmcsrbija.com\/ru\/wp-json\/wp\/v2\/product"}],"about":[{"href":"https:\/\/hidroterm.dmcsrbija.com\/ru\/wp-json\/wp\/v2\/types\/product"}],"wp:featuredmedia":[{"embeddable":true,"href":"https:\/\/hidroterm.dmcsrbija.com\/ru\/wp-json\/wp\/v2\/media\/22559"}],"wp:attachment":[{"href":"https:\/\/hidroterm.dmcsrbija.com\/ru\/wp-json\/wp\/v2\/media?parent=22558"}],"wp:term":[{"taxonomy":"product_brand","embeddable":true,"href":"https:\/\/hidroterm.dmcsrbija.com\/ru\/wp-json\/wp\/v2\/product_brand?post=22558"},{"taxonomy":"product_cat","embeddable":true,"href":"https:\/\/hidroterm.dmcsrbija.com\/ru\/wp-json\/wp\/v2\/product_cat?post=22558"},{"taxonomy":"product_tag","embeddable":true,"href":"https:\/\/hidroterm.dmcsrbija.com\/ru\/wp-json\/wp\/v2\/product_tag?post=22558"}],"curies":[{"name":"wp","href":"https:\/\/api.w.org\/{rel}","templated":true}]}}