{"id":22554,"date":"2026-03-18T08:30:13","date_gmt":"2026-03-18T07:30:13","guid":{"rendered":"https:\/\/hidroterm.dmcsrbija.com\/proizvod\/uv-lampa-astral\/"},"modified":"2026-03-18T08:30:18","modified_gmt":"2026-03-18T07:30:18","slug":"uv-lampa-astral","status":"publish","type":"product","link":"https:\/\/hidroterm.dmcsrbija.com\/ru\/proizvod\/uv-lampa-astral\/","title":{"rendered":"UV lampa Astral"},"content":{"rendered":"<div class=\"flex-shrink-0 flex flex-col relative items-end\">\n<div>\n<div class=\"pt-0\">\n<h2 class=\"gizmo-bot-avatar flex h-8 w-8 items-center justify-center overflow-hidden rounded-full\"><strong style=\"font-size: 16px;\">UV lampa Astral: Efikasno re\u0161enje za \u010distu i kristalno bistru vodu u bazenima<\/strong><\/h2>\n<\/div>\n<\/div>\n<\/div>\n<div class=\"group\/conversation-turn relative flex w-full min-w-0 flex-col agent-turn\">\n<div class=\"flex-col gap-1 md:gap-3\">\n<div class=\"flex max-w-full flex-col flex-grow\">\n<div class=\"min-h-8 text-message flex w-full flex-col items-end gap-2 whitespace-normal break-words text-start [.text-message+&amp;]:mt-5\" dir=\"auto\" data-message-author-role=\"assistant\" data-message-id=\"f0c04a29-318e-42fd-bd4d-f113b6d97ee3\" data-message-model-slug=\"gpt-4o-mini\">\n<div class=\"flex w-full flex-col gap-1 empty:hidden first:pt-[3px]\">\n<div class=\"markdown prose w-full break-words dark:prose-invert light\">\n<p>UV lampa Astral je idealno re\u0161enje za uni\u0161tavanje jednoceli\u010dnih algi koje uzrokuju zelenu vodu u va\u0161em bazenu. Kori\u0161\u0107enjem napredne UV tehnologije, ova lampa osigurava da va\u0161a bazenska voda ostane \u010dista i bistrija tokom cele godine, smanjuju\u0107i potrebu za hemikalijama. UV svetlost efikasno uni\u0161tava sve prisutne mikroorganizme dok voda prolazi kroz ure\u0111aj, \u010dime se pobolj\u0161ava kvalitet vode i smanjuje rizik od zaraza.<\/p>\n<h3><strong>Prednosti UV lampe Astral:<\/strong><\/h3>\n<ul>\n<li>Efikasno uni\u0161tava alge, bakterije i druge mikroorganizme<\/li>\n<li>Odr\u017eava vodu kristalno \u010distom bez potrebe za prekomernim hemikalijama<\/li>\n<li>Pogodna za privatne i komercijalne bazene<\/li>\n<li>Mogu\u0107nost instalacije vi\u0161e ure\u0111aja za ve\u0107e privatne ili komercijalne bazene<\/li>\n<li>Jednostavna za instalaciju i upotrebu<\/li>\n<\/ul>\n<h3><strong>Kako radi UV lampa Astral<\/strong><\/h3>\n<p>UV lampa Astral elimini\u0161e mikroorganizme pomo\u0107u UV svetlosti (UV-C), zna\u010dajno smanjuju\u0107i potrebu za primenom hlora u bazenima. Emitor UV zraka smanjuje upotrebu hlora u privatnim bazenima gotovo 100%, dok u javnim bazenima ovo smanjenje mo\u017ee dosti\u0107i 75%. UV-C tehnologija je jedini metod dekontaminacije za bazene koji ne koristi hemijske procese. Voda prolazi kroz filter, a zatim kroz sna\u017enu UV-C germicidnu svetlost koja odmah elimini\u0161e \u010dak i najotpornije mikroorganizme.<\/p>\n<p>Korisnici mogu bezbedno koristiti bazen, jer \u0161to vi\u0161e voda prolazi kroz ure\u0111aj, to dolazi do bazena bolje sanitarno tretirana, bez rizika od prekomerne doze hemikalija.<\/p>\n<p>Za ve\u0107e privatne ili komercijalne bazene, UV lampa Astral mo\u017ee biti instalirana u seriji, \u010dime se omogu\u0107ava savr\u0161en tretman za ve\u0107e vodene povr\u0161ine.<\/p>\n<p><strong>Za vi\u0161e informacija o UV lampi Astral<\/strong> i kako mo\u017ee pobolj\u0161ati kvalitet vode u va\u0161em bazenu, kontaktirajte nas. Na\u0161i stru\u010dnjaci za bazensku i spa opremu rado \u0107e vam pomo\u0107i da prona\u0111ete idealno re\u0161enje za va\u0161e potrebe.<\/p>\n<\/div>\n<\/div>\n<\/div>\n<\/div>\n<\/div>\n<\/div>\n","protected":false},"excerpt":{"rendered":"<div class=\"flex-shrink-0 flex flex-col relative items-end\">\n<div>\n<div class=\"pt-0\">\n<div class=\"gizmo-bot-avatar flex h-8 w-8 items-center justify-center overflow-hidden rounded-full\">\n<div class=\"relative p-1 rounded-sm flex items-center justify-center bg-token-main-surface-primary text-token-text-primary h-8 w-8\"><\/div>\n<\/div>\n<\/div>\n<\/div>\n<\/div>\n<div class=\"group\/conversation-turn relative flex w-full min-w-0 flex-col agent-turn\">\n<div class=\"flex-col gap-1 md:gap-3\">\n<div class=\"flex max-w-full flex-col flex-grow\">\n<div class=\"min-h-8 text-message flex w-full flex-col items-end gap-2 whitespace-normal break-words text-start [.text-message+&amp;]:mt-5\" dir=\"auto\" data-message-author-role=\"assistant\" data-message-id=\"f0c04a29-318e-42fd-bd4d-f113b6d97ee3\" data-message-model-slug=\"gpt-4o-mini\">\n<div class=\"flex w-full flex-col gap-1 empty:hidden first:pt-[3px]\">\n<div class=\"markdown prose w-full break-words dark:prose-invert light\">\n<p><strong>UV lampa Astral: Efikasno re\u0161enje za \u010distu i kristalno bistru vodu u bazenima<\/strong><\/p>\n<p>UV lampa Astral je idealno re\u0161enje za uni\u0161tavanje jednoceli\u010dnih algi koje uzrokuju zelenu vodu u va\u0161em bazenu. Kori\u0161\u0107enjem napredne UV tehnologije, ova lampa osigurava da va\u0161a bazenska voda ostane \u010dista i bistrija tokom cele godine, smanjuju\u0107i potrebu za hemikalijama. UV svetlost efikasno uni\u0161tava sve prisutne mikroorganizme dok voda prolazi kroz ure\u0111aj, \u010dime se pobolj\u0161ava kvalitet vode i smanjuje rizik od zaraza.<\/p>\n<\/div>\n<\/div>\n<\/div>\n<\/div>\n<\/div>\n<\/div>\n","protected":false},"featured_media":22555,"template":"","meta":[],"product_brand":[],"product_cat":[4975,4979],"product_tag":[],"class_list":{"0":"post-22554","1":"product","2":"type-product","3":"status-publish","4":"has-post-thumbnail","6":"product_cat-oprema-za-doziranje","7":"product_cat-uv-lampe-za-bazene","9":"first","10":"instock","11":"sold-individually","12":"product-type-simple"},"_links":{"self":[{"href":"https:\/\/hidroterm.dmcsrbija.com\/ru\/wp-json\/wp\/v2\/product\/22554","targetHints":{"allow":["GET"]}}],"collection":[{"href":"https:\/\/hidroterm.dmcsrbija.com\/ru\/wp-json\/wp\/v2\/product"}],"about":[{"href":"https:\/\/hidroterm.dmcsrbija.com\/ru\/wp-json\/wp\/v2\/types\/product"}],"wp:featuredmedia":[{"embeddable":true,"href":"https:\/\/hidroterm.dmcsrbija.com\/ru\/wp-json\/wp\/v2\/media\/22555"}],"wp:attachment":[{"href":"https:\/\/hidroterm.dmcsrbija.com\/ru\/wp-json\/wp\/v2\/media?parent=22554"}],"wp:term":[{"taxonomy":"product_brand","embeddable":true,"href":"https:\/\/hidroterm.dmcsrbija.com\/ru\/wp-json\/wp\/v2\/product_brand?post=22554"},{"taxonomy":"product_cat","embeddable":true,"href":"https:\/\/hidroterm.dmcsrbija.com\/ru\/wp-json\/wp\/v2\/product_cat?post=22554"},{"taxonomy":"product_tag","embeddable":true,"href":"https:\/\/hidroterm.dmcsrbija.com\/ru\/wp-json\/wp\/v2\/product_tag?post=22554"}],"curies":[{"name":"wp","href":"https:\/\/api.w.org\/{rel}","templated":true}]}}