{"id":22552,"date":"2026-03-18T08:30:13","date_gmt":"2026-03-18T07:30:13","guid":{"rendered":"https:\/\/hidroterm.dmcsrbija.com\/proizvod\/uv-lampa-pontaqua-za-slanu-vodu-40w-blue-lagoon\/"},"modified":"2026-03-18T08:30:17","modified_gmt":"2026-03-18T07:30:17","slug":"uv-lampa-pontaqua-za-slanu-vodu-40w-blue-lagoon","status":"publish","type":"product","link":"https:\/\/hidroterm.dmcsrbija.com\/ru\/proizvod\/uv-lampa-pontaqua-za-slanu-vodu-40w-blue-lagoon\/","title":{"rendered":"UV lampa Pontaqua za slanu vodu 40W Blue Lagoon"},"content":{"rendered":"<div style=\"text-align: justify;\">\n<h3 data-start=\"184\" data-end=\"273\">UV lampa Pontaqua <em data-start=\"206\" data-end=\"217\">Saltwater<\/em> 40W Blue Lagoon \u2013 efikasna dezinfekcija vode u bazenima<\/h3>\n<p data-start=\"275\" data-end=\"644\"><strong data-start=\"275\" data-end=\"324\">Blue Lagoon UV\u2011C lampa Pontaqua Saltwater 40W<\/strong> je profesionalni ure\u0111aj za <strong data-start=\"352\" data-end=\"396\">bezhemijsku dezinfekciju vode u bazenima<\/strong>, posebno razvijen za <strong data-start=\"418\" data-end=\"441\">slanu i morsku vodu<\/strong>. Zahvaljuju\u0107i kompaktnoj veli\u010dini i jednostavnoj instalaciji, idealna je za sve prostore gde je ograni\u010den prostor, a potrebna je <strong data-start=\"571\" data-end=\"605\">visoka efikasnost dezinfekcije<\/strong>.<\/p>\n<p data-start=\"646\" data-end=\"996\">Ovaj UV\u2011C sistem koristi <strong data-start=\"671\" data-end=\"706\">ultraljubi\u010dasto zra\u010denje (UV\u2011C)<\/strong> koje u kontaktu sa vodom <strong data-start=\"732\" data-end=\"783\">neutralizuje bakterije, viruse i mikroorganizme<\/strong>, spre\u010davaju\u0107i njihovo razmno\u017eavanje. Sem toga, UV\u2011C tretman razla\u017ee i vezani (hlorni) oblik hloramina, \u0161to dodatno pobolj\u0161ava kvalitet vode i smanjuje iritacije ko\u017ee i o\u010diju.<\/p>\n<p data-start=\"998\" data-end=\"1038\"><strong data-start=\"998\" data-end=\"1036\">Prednosti UV\u2011C lampe Pontaqua 40W:<\/strong><\/p>\n<ul data-start=\"1039\" data-end=\"1851\">\n<li data-start=\"1039\" data-end=\"1204\">\n<p data-start=\"1041\" data-end=\"1204\">Dizajnirana za <strong data-start=\"1056\" data-end=\"1102\">bazene sa slanom vodom i elektrolizom soli<\/strong> \u2013 korozivni efekat soli je neutralisan posebnim PVC ku\u0107i\u0161tem.<\/p>\n<\/li>\n<li data-start=\"1205\" data-end=\"1366\">\n<p data-start=\"1207\" data-end=\"1366\">Ugla\u0111ena reflektuju\u0107a unutra\u0161njost omogu\u0107ava <strong data-start=\"1252\" data-end=\"1294\">ve\u0107u efikasnost UV\u2011C zra\u010denja i do 35%<\/strong> u odnosu na standardna re\u0161enja.<\/p>\n<\/li>\n<li data-start=\"1367\" data-end=\"1508\">\n<p data-start=\"1369\" data-end=\"1508\">Mo\u017ee <strong data-start=\"1374\" data-end=\"1432\">smanjiti potro\u0161nju hlora i drugih hemikalija do 50\u201180%<\/strong> uz odr\u017eavanje bistre i zdrave vode.<\/p>\n<\/li>\n<li data-start=\"1509\" data-end=\"1700\">\n<p data-start=\"1511\" data-end=\"1700\">Dolazi sa <strong data-start=\"1521\" data-end=\"1581\">adaptacijama za standardne priklju\u010dke (\u00d863\/\u00d850 mm i 1\u00bd&#8221;)<\/strong> i ugra\u0111enim <strong data-start=\"1594\" data-end=\"1619\">elektronskim balastom<\/strong> koji \u0161titi ure\u0111aj od fluktuacija napona.<\/p>\n<\/li>\n<li data-start=\"1701\" data-end=\"1851\">\n<p data-start=\"1703\" data-end=\"1851\">Jednostavan za ugradnju i odr\u017eavanje, \u0161to ga \u010dini prakti\u010dnim kako za privatne, tako i za manje javne bazene.<\/p>\n<\/li>\n<\/ul>\n<p data-start=\"1853\" data-end=\"2234\"><strong data-start=\"1853\" data-end=\"1867\">Kako radi:<\/strong><br data-start=\"1867\" data-end=\"1870\" \/>Voda iz bazena prolazi kroz komoru u kojoj se nalazi UV\u2011C lampa. UV\u2011C svetlost prodire u vodu i u\u010dinkovito neutralizuje mikroorganizme, omogu\u0107avaju\u0107i <strong data-start=\"2020\" data-end=\"2087\">bezbednu, \u010distu i bistru vodu bez dodatka agresivnih hemikalija<\/strong>. Refleksija unutar komore pove\u0107ava izlo\u017eenost UV\u2011C zracima i omogu\u0107ava ve\u0107u dezinfekciju na manjem prostoru.<\/p>\n<p data-start=\"2236\" data-end=\"2452\">Blue Lagoon UV\u2011C lampa predstavlja <strong data-start=\"2271\" data-end=\"2338\">ekolo\u0161ki i energetski efikasan na\u010din odr\u017eavanja higijene bazena<\/strong>, uz smanjenu iritaciju ko\u017ee i o\u010diju, \u010di\u0161\u0107u vodu i manje potrebe za hemijom.<\/p>\n<\/div>","protected":false},"excerpt":{"rendered":"<p>UV lampa <strong data-start=\"134\" data-end=\"172\">Pontaqua Saltwater 40W Blue Lagoon<\/strong> efikasno dezinfikuje vodu u bazenima sa slanom vodom, smanjuje bakterije, viruse i hloramine do 80% i odr\u017eava vodu \u010distom i bistrom, bez dodatka hemikalija.<\/p>","protected":false},"featured_media":22553,"template":"","meta":[],"product_brand":[],"product_cat":[4975,4979],"product_tag":[],"class_list":{"0":"post-22552","1":"product","2":"type-product","3":"status-publish","4":"has-post-thumbnail","6":"product_cat-oprema-za-doziranje","7":"product_cat-uv-lampe-za-bazene","9":"first","10":"instock","11":"sold-individually","12":"purchasable","13":"product-type-simple"},"_links":{"self":[{"href":"https:\/\/hidroterm.dmcsrbija.com\/ru\/wp-json\/wp\/v2\/product\/22552","targetHints":{"allow":["GET"]}}],"collection":[{"href":"https:\/\/hidroterm.dmcsrbija.com\/ru\/wp-json\/wp\/v2\/product"}],"about":[{"href":"https:\/\/hidroterm.dmcsrbija.com\/ru\/wp-json\/wp\/v2\/types\/product"}],"wp:featuredmedia":[{"embeddable":true,"href":"https:\/\/hidroterm.dmcsrbija.com\/ru\/wp-json\/wp\/v2\/media\/22553"}],"wp:attachment":[{"href":"https:\/\/hidroterm.dmcsrbija.com\/ru\/wp-json\/wp\/v2\/media?parent=22552"}],"wp:term":[{"taxonomy":"product_brand","embeddable":true,"href":"https:\/\/hidroterm.dmcsrbija.com\/ru\/wp-json\/wp\/v2\/product_brand?post=22552"},{"taxonomy":"product_cat","embeddable":true,"href":"https:\/\/hidroterm.dmcsrbija.com\/ru\/wp-json\/wp\/v2\/product_cat?post=22552"},{"taxonomy":"product_tag","embeddable":true,"href":"https:\/\/hidroterm.dmcsrbija.com\/ru\/wp-json\/wp\/v2\/product_tag?post=22552"}],"curies":[{"name":"wp","href":"https:\/\/api.w.org\/{rel}","templated":true}]}}