{"id":22546,"date":"2026-03-18T08:30:13","date_gmt":"2026-03-18T07:30:13","guid":{"rendered":"https:\/\/hidroterm.dmcsrbija.com\/proizvod\/hlorinator-cl-01-fi50-od-25m3-do-100m3\/"},"modified":"2026-03-18T08:30:17","modified_gmt":"2026-03-18T07:30:17","slug":"hlorinator-cl-01-fi50-od-25m3-do-100m3","status":"publish","type":"product","link":"https:\/\/hidroterm.dmcsrbija.com\/ru\/proizvod\/hlorinator-cl-01-fi50-od-25m3-do-100m3\/","title":{"rendered":"Hlorinator CL-01 &#8211; fi50 , od 25m3 do 100m3"},"content":{"rendered":"<p data-start=\"99\" data-end=\"517\"><strong data-start=\"99\" data-end=\"126\">Hlorinator CL-01 \u2013 fi50<\/strong> je <strong data-start=\"130\" data-end=\"170\">automatski ure\u0111aj za doziranje hlora<\/strong> namenjen <strong data-start=\"180\" data-end=\"225\">privatnim i manjim komercijalnim bazenima<\/strong> sa zapreminom <strong data-start=\"240\" data-end=\"253\">do 100 m\u00b3<\/strong>. Ovaj jednostavan, pouzdan i efikasan hlorinator omogu\u0107ava stabilnu dezinfekciju bazenske vode uz minimalnu ru\u010dnu intervenciju, \u0161to ga \u010dini idealnim izborom za sve vlasnike bazena koji \u017eele da odr\u017ee vodu bistrijom, higijenski ispravnom i bez strane kontaminacije.<\/p>\n<h3 data-start=\"519\" data-end=\"566\"><strong data-start=\"526\" data-end=\"566\">Ta\u010dne specifikacije i karakteristike<\/strong><\/h3>\n<ul data-start=\"567\" data-end=\"1494\">\n<li data-start=\"567\" data-end=\"653\">\n<p data-start=\"569\" data-end=\"653\"><strong data-start=\"569\" data-end=\"589\">Naziv proizvoda:<\/strong> Hlorinator CL-01 (fi50)<\/p>\n<\/li>\n<li data-start=\"654\" data-end=\"751\">\n<p data-start=\"656\" data-end=\"751\"><strong data-start=\"656\" data-end=\"667\">Namena:<\/strong> automatsko doziranje hlora u bazenskoj vodi<\/p>\n<\/li>\n<li data-start=\"752\" data-end=\"844\">\n<p data-start=\"754\" data-end=\"844\"><strong data-start=\"754\" data-end=\"785\">Preporu\u010deni volumen bazena:<\/strong> do <strong data-start=\"789\" data-end=\"799\">100 m\u00b3<\/strong> vode<\/p>\n<\/li>\n<li data-start=\"845\" data-end=\"928\">\n<p data-start=\"847\" data-end=\"928\"><strong data-start=\"847\" data-end=\"870\">Pre\u010dnik priklju\u010dka:<\/strong> <strong data-start=\"871\" data-end=\"888\">\u00d850 mm (fi50)<\/strong><\/p>\n<\/li>\n<li data-start=\"929\" data-end=\"1040\">\n<p data-start=\"931\" data-end=\"1040\"><strong data-start=\"931\" data-end=\"953\">Materijal ku\u0107i\u0161ta:<\/strong> termoplasti\u010dni materijal otporan na hemikalije<\/p>\n<\/li>\n<li data-start=\"1041\" data-end=\"1216\">\n<p data-start=\"1043\" data-end=\"1216\"><strong data-start=\"1043\" data-end=\"1065\">Kapacitet tableta:<\/strong> mo\u017ee da primi razli\u010dite veli\u010dine hlora ili bromina za sporo rastvaranje (npr. tablete \u00d830\u00d716 mm ili \u00d876\u00d726 mm)<\/p>\n<\/li>\n<li data-start=\"1217\" data-end=\"1359\">\n<p data-start=\"1219\" data-end=\"1359\"><strong data-start=\"1219\" data-end=\"1232\">Tip rada:<\/strong> automatski \u2013 vlagom iz sistema filtracije hlor se postepeno otapa i distribuira u vodu<\/p>\n<\/li>\n<li data-start=\"1360\" data-end=\"1494\">\n<p data-start=\"1362\" data-end=\"1494\"><strong data-start=\"1362\" data-end=\"1376\">Napajanje:<\/strong> standardno <strong data-start=\"1388\" data-end=\"1397\">220 V<\/strong> elektri\u010dno napajanje za kontrolu ventila i protoka tableta<\/p>\n<\/li>\n<\/ul>\n<p data-start=\"1496\" data-end=\"1894\">Hlorinator CL-01 je dizajniran tako da se postavlja <strong data-start=\"1548\" data-end=\"1584\">u liniju sa filter pumpom bazena<\/strong>, tako da voda prolazi kroz jedinicu i postepeno rastvara hlorne tablete tokom filtracionog ciklusa. Na taj na\u010din se odr\u017eava <strong data-start=\"1709\" data-end=\"1747\">stalan nivo slobodnog hlora u vodi<\/strong>, \u010dime se smanjuje rast algi, bakterija i mikroorganizama bez potrebe za \u010destim ru\u010dnim dodavanjem hemikalija.<\/p>\n<h3 data-start=\"1896\" data-end=\"1933\"><strong data-start=\"1903\" data-end=\"1933\">Prednosti ovog hlorinatora<\/strong><\/h3>\n<ul data-start=\"1934\" data-end=\"2325\">\n<li data-start=\"1934\" data-end=\"2034\">\n<p data-start=\"1936\" data-end=\"2034\"><strong data-start=\"1936\" data-end=\"1974\">Jednostavna instalacija i upotreba<\/strong>, bez kompleksne elektronike i automatske kontrole hemije.<\/p>\n<\/li>\n<li data-start=\"2035\" data-end=\"2136\">\n<p data-start=\"2037\" data-end=\"2136\"><strong data-start=\"2037\" data-end=\"2052\">Pouzdan rad<\/strong> \u2013 koristi standardne hlorne tablete, koje se sporije rastvaraju tokom rada pumpe.<\/p>\n<\/li>\n<li data-start=\"2137\" data-end=\"2231\">\n<p data-start=\"2139\" data-end=\"2231\"><strong data-start=\"2139\" data-end=\"2167\">Ni\u017ei tro\u0161kovi odr\u017eavanja<\/strong> u odnosu na elektronske hloratore ili sisteme za elektrolizu.<\/p>\n<\/li>\n<li data-start=\"2232\" data-end=\"2325\">\n<p data-start=\"2234\" data-end=\"2325\"><strong data-start=\"2234\" data-end=\"2258\">Robusna konstrukcija<\/strong> i materijal otporan na sun\u010devu svetlost i kloru sli\u010dne hemikalije.<\/p>\n<\/li>\n<\/ul>\n<p data-start=\"2327\" data-end=\"2623\">Ovaj tip hlorinatora je pogodan za <strong data-start=\"2362\" data-end=\"2415\">klasi\u010dne bazene (konvencionalno tretiranje vodom)<\/strong> gde se uglavnom koristi <strong data-start=\"2440\" data-end=\"2492\">slabije koncentrisan hlor iz tableta ili bromina<\/strong>, i idealan je kada nije potrebna sofisticirana automatska kontrola pH ili redox vrednosti.<\/p>\n<p data-start=\"570\" data-end=\"590\">","protected":false},"excerpt":{"rendered":"<p>Hlorinator CL-01 je efikasan ure\u0111aj za automatsko doziranje hlora u bazensku vodu, koji osigurava stalnu higijenu i kristalno \u010distu vodu bez potrebe za stalnim ru\u010dnim dodavanjem hemije. Jednostavan za instalaciju i pode\u0161avanje, pogodan za privatne i manje komercijalne bazene.<\/p>","protected":false},"featured_media":22547,"template":"","meta":[],"product_brand":[],"product_cat":[4978,4976,4977,4975],"product_tag":[],"class_list":{"0":"post-22546","1":"product","2":"type-product","3":"status-publish","4":"has-post-thumbnail","6":"product_cat-automatske-pumpe-za-doziranje-bazenske-hemije","7":"product_cat-dozirne-pumpe-za-bazensku-hemijubazeni","8":"product_cat-hemija-za-bazene","9":"product_cat-oprema-za-doziranje","11":"first","12":"instock","13":"sold-individually","14":"purchasable","15":"product-type-simple"},"_links":{"self":[{"href":"https:\/\/hidroterm.dmcsrbija.com\/ru\/wp-json\/wp\/v2\/product\/22546","targetHints":{"allow":["GET"]}}],"collection":[{"href":"https:\/\/hidroterm.dmcsrbija.com\/ru\/wp-json\/wp\/v2\/product"}],"about":[{"href":"https:\/\/hidroterm.dmcsrbija.com\/ru\/wp-json\/wp\/v2\/types\/product"}],"wp:featuredmedia":[{"embeddable":true,"href":"https:\/\/hidroterm.dmcsrbija.com\/ru\/wp-json\/wp\/v2\/media\/22547"}],"wp:attachment":[{"href":"https:\/\/hidroterm.dmcsrbija.com\/ru\/wp-json\/wp\/v2\/media?parent=22546"}],"wp:term":[{"taxonomy":"product_brand","embeddable":true,"href":"https:\/\/hidroterm.dmcsrbija.com\/ru\/wp-json\/wp\/v2\/product_brand?post=22546"},{"taxonomy":"product_cat","embeddable":true,"href":"https:\/\/hidroterm.dmcsrbija.com\/ru\/wp-json\/wp\/v2\/product_cat?post=22546"},{"taxonomy":"product_tag","embeddable":true,"href":"https:\/\/hidroterm.dmcsrbija.com\/ru\/wp-json\/wp\/v2\/product_tag?post=22546"}],"curies":[{"name":"wp","href":"https:\/\/api.w.org\/{rel}","templated":true}]}}