{"id":22540,"date":"2026-03-18T08:30:13","date_gmt":"2026-03-18T07:30:13","guid":{"rendered":"https:\/\/hidroterm.dmcsrbija.com\/proizvod\/solarni-prekrivac-nero-3-5m\/"},"modified":"2026-03-18T08:30:16","modified_gmt":"2026-03-18T07:30:16","slug":"solarni-prekrivac-nero-3-5m","status":"publish","type":"product","link":"https:\/\/hidroterm.dmcsrbija.com\/ru\/proizvod\/solarni-prekrivac-nero-3-5m\/","title":{"rendered":"Solarni prekriva\u010d Nero 3.5m"},"content":{"rendered":"<p class=\"\" data-start=\"0\" data-end=\"397\">Solarni prekriva\u010d za bazene je idealno re\u0161enje za za\u0161titu va\u0161eg bazena tokom letnjeg perioda, pru\u017eaju\u0107i efikasnu za\u0161titu kada bazen nije u upotrebi. Ovaj prekriva\u010d se koristi kada nema kupaca u bazenu, \u010dime se omogu\u0107ava maksimalno u\u017eivanje u \u010distoj i ugrejanoj vodi bez potrebe za \u010destim odr\u017eavanjem. Prekriva\u010d je savr\u0161en za montiranje na motalicu Nero, olak\u0161avaju\u0107i njegovo navla\u010denje i skidanje.<\/p>\n<p class=\"\" data-start=\"399\" data-end=\"560\">Debljina prekrivke je 12mm (400 mikrona), \u0161to omogu\u0107ava dugotrajnu i efikasnu za\u0161titu. Pored toga, solarni prekriva\u010d za bazene nudi brojne prednosti, kao \u0161to su:<\/p>\n<ul data-start=\"562\" data-end=\"954\">\n<li class=\"\" data-start=\"562\" data-end=\"650\">\n<p class=\"\" data-start=\"564\" data-end=\"650\"><strong data-start=\"564\" data-end=\"590\">Za\u0161tita od prljav\u0161tine<\/strong> \u2013 spre\u010dava ulazak li\u0161\u0107a, pra\u0161ine i drugih ne\u010disto\u0107a u vodu.<\/p>\n<\/li>\n<li class=\"\" data-start=\"651\" data-end=\"736\">\n<p class=\"\" data-start=\"653\" data-end=\"736\"><strong data-start=\"653\" data-end=\"672\">Zagrevanje vode<\/strong> \u2013 koristi sun\u010devu energiju za dodatno zagrevanje vode u bazenu.<\/p>\n<\/li>\n<li class=\"\" data-start=\"737\" data-end=\"823\">\n<p class=\"\" data-start=\"739\" data-end=\"823\"><strong data-start=\"739\" data-end=\"765\">Odr\u017eavanje temperature<\/strong> \u2013 \u0161titi bazen tokom no\u0107i, spre\u010davaju\u0107i da se voda ohladi.<\/p>\n<\/li>\n<li class=\"\" data-start=\"824\" data-end=\"954\">\n<p class=\"\" data-start=\"826\" data-end=\"954\"><strong data-start=\"826\" data-end=\"847\">U\u0161teda hemikalija<\/strong> \u2013 smanjuje isparavanje hemikalija, \u0161to rezultira manjom potro\u0161njom sredstava za odr\u017eavanje kvaliteta vode.<\/p>\n<\/li>\n<\/ul>\n<p class=\"\" data-start=\"956\" data-end=\"1161\">Dimenzije prekrivke su 3,5m u \u0161irinu, a mo\u017ee se se\u0107i na potrebnu du\u017einu, \u0161to omogu\u0107ava idealno prilago\u0111avanje va\u0161em bazenu. Prekriva\u010d treba da pluta po vodi, \u010dime se maksimalno pove\u0107ava njegova efikasnost.<\/p>\n<p class=\"\" data-start=\"1163\" data-end=\"1271\"><strong>*Cena prekrivke je po du\u017enom metru<\/strong><\/p>\n<p>&nbsp;<\/p>\n<p><a href=\"https:\/\/youtu.be\/O5a-dbdp-Rc\" target=\"_blank\" rel=\"noopener\">Video upustvo za postavljanje prekriva\u010da<\/a><\/p>","protected":false},"excerpt":{"rendered":"<p>Solarni prekriva\u010d za bazene nudi savr\u0161enu za\u0161titu va\u0161eg bazena tokom leta, smanjuje potrebu za odr\u017eavanjem i pove\u0107ava u\u017eivanje u \u010distoj, ugrejanoj vodi. Idealno je re\u0161enje za za\u0161titu bazena kada se ne koristi, \u0161titi od prljav\u0161tine, zagreva vodu i smanjuje potro\u0161nju hemikalija. Uz monta\u017eu na motalicu Nero, jednostavno se koristi i \u010duva va\u0161 bazen u najboljem mogu\u0107em stanju.<\/p>","protected":false},"featured_media":22541,"template":"","meta":[],"product_brand":[],"product_cat":[4968,4972],"product_tag":[],"class_list":{"0":"post-22540","1":"product","2":"type-product","3":"status-publish","4":"has-post-thumbnail","6":"product_cat-prekrivke-za-bazene","7":"product_cat-solarne-letnje-prekrivke","9":"first","10":"instock","11":"sold-individually","12":"purchasable","13":"product-type-simple"},"_links":{"self":[{"href":"https:\/\/hidroterm.dmcsrbija.com\/ru\/wp-json\/wp\/v2\/product\/22540","targetHints":{"allow":["GET"]}}],"collection":[{"href":"https:\/\/hidroterm.dmcsrbija.com\/ru\/wp-json\/wp\/v2\/product"}],"about":[{"href":"https:\/\/hidroterm.dmcsrbija.com\/ru\/wp-json\/wp\/v2\/types\/product"}],"wp:featuredmedia":[{"embeddable":true,"href":"https:\/\/hidroterm.dmcsrbija.com\/ru\/wp-json\/wp\/v2\/media\/22541"}],"wp:attachment":[{"href":"https:\/\/hidroterm.dmcsrbija.com\/ru\/wp-json\/wp\/v2\/media?parent=22540"}],"wp:term":[{"taxonomy":"product_brand","embeddable":true,"href":"https:\/\/hidroterm.dmcsrbija.com\/ru\/wp-json\/wp\/v2\/product_brand?post=22540"},{"taxonomy":"product_cat","embeddable":true,"href":"https:\/\/hidroterm.dmcsrbija.com\/ru\/wp-json\/wp\/v2\/product_cat?post=22540"},{"taxonomy":"product_tag","embeddable":true,"href":"https:\/\/hidroterm.dmcsrbija.com\/ru\/wp-json\/wp\/v2\/product_tag?post=22540"}],"curies":[{"name":"wp","href":"https:\/\/api.w.org\/{rel}","templated":true}]}}