{"id":22538,"date":"2026-03-18T08:30:13","date_gmt":"2026-03-18T07:30:13","guid":{"rendered":"https:\/\/hidroterm.dmcsrbija.com\/proizvod\/teg-plovak-protiv-leda\/"},"modified":"2026-03-18T08:30:15","modified_gmt":"2026-03-18T07:30:15","slug":"teg-plovak-protiv-leda","status":"publish","type":"product","link":"https:\/\/hidroterm.dmcsrbija.com\/ru\/proizvod\/teg-plovak-protiv-leda\/","title":{"rendered":"Teg plovak protiv leda"},"content":{"rendered":"<p>Plutaju\u0107i teg za bazene, koji se montira ispod zimskog prekriva\u010da bazena koji spre\u010dava le\u0111enje kompletne povr\u0161ine bazena i time spre\u010dava o\u0161te\u0107enje ivice.<\/p>\n<p>Formiranje ledenih santi mo\u017ee dovesti do ozbijlnih o\u0161te\u0107enja ivice bazena.<\/p>\n<p>Tegovi se fiksiraju u obliku krsta. Potrebna koli\u010dina zavisi od dimenzije bazena.<\/p>\n<p>Dimenzija tega je 50&#215;20,5cm<\/p>\n<p>Te\u017eina tega: 2.5kg<\/p>\n<p>*Cena je po komadu.<\/p>","protected":false},"excerpt":{"rendered":"<p>Plutaju\u0107i teg za bazene montira se ispod zimskog prekriva\u010da kako bi spre\u010dio le\u0111enje i o\u0161te\u0107enje ivice bazena, fiksira se u obliku krsta, a potrebna koli\u010dina zavisi od dimenzije bazena.<\/p>","protected":false},"featured_media":22539,"template":"","meta":[],"product_brand":[],"product_cat":[4971,4968,4969],"product_tag":[],"class_list":{"0":"post-22538","1":"product","2":"type-product","3":"status-publish","4":"has-post-thumbnail","6":"product_cat-dodatna-oprema-za-zimske-prekrivace","7":"product_cat-prekrivke-za-bazene","8":"product_cat-zimske-prekrivke-za-bazene","10":"first","11":"instock","12":"sold-individually","13":"purchasable","14":"product-type-simple"},"_links":{"self":[{"href":"https:\/\/hidroterm.dmcsrbija.com\/ru\/wp-json\/wp\/v2\/product\/22538","targetHints":{"allow":["GET"]}}],"collection":[{"href":"https:\/\/hidroterm.dmcsrbija.com\/ru\/wp-json\/wp\/v2\/product"}],"about":[{"href":"https:\/\/hidroterm.dmcsrbija.com\/ru\/wp-json\/wp\/v2\/types\/product"}],"wp:featuredmedia":[{"embeddable":true,"href":"https:\/\/hidroterm.dmcsrbija.com\/ru\/wp-json\/wp\/v2\/media\/22539"}],"wp:attachment":[{"href":"https:\/\/hidroterm.dmcsrbija.com\/ru\/wp-json\/wp\/v2\/media?parent=22538"}],"wp:term":[{"taxonomy":"product_brand","embeddable":true,"href":"https:\/\/hidroterm.dmcsrbija.com\/ru\/wp-json\/wp\/v2\/product_brand?post=22538"},{"taxonomy":"product_cat","embeddable":true,"href":"https:\/\/hidroterm.dmcsrbija.com\/ru\/wp-json\/wp\/v2\/product_cat?post=22538"},{"taxonomy":"product_tag","embeddable":true,"href":"https:\/\/hidroterm.dmcsrbija.com\/ru\/wp-json\/wp\/v2\/product_tag?post=22538"}],"curies":[{"name":"wp","href":"https:\/\/api.w.org\/{rel}","templated":true}]}}