{"id":22536,"date":"2026-03-18T08:30:13","date_gmt":"2026-03-18T07:30:13","guid":{"rendered":"https:\/\/hidroterm.dmcsrbija.com\/proizvod\/teg-za-ceradu\/"},"modified":"2026-03-18T08:30:15","modified_gmt":"2026-03-18T07:30:15","slug":"teg-za-ceradu","status":"publish","type":"product","link":"https:\/\/hidroterm.dmcsrbija.com\/ru\/proizvod\/teg-za-ceradu\/","title":{"rendered":"Teg za ceradu"},"content":{"rendered":"<p>Teg za ceradu je namenjen za pri\u010dvr\u0161\u0107ivanje zimskih prekriva\u010da za bazen. Du\u017eina 2m (kod: 173207)<\/p>\n<p class=\"\" data-start=\"0\" data-end=\"363\">Teg za ceradu koristi se za pri\u010dvr\u0161\u0107ivanje zimskog prekriva\u010da na bazen, kako bi se spre\u010dile neprijatnosti poput pomeranja ili podizanja cerade usled vetra. Tegovi\u00a0 se pune vodom ili peskom kako bi obezbedili stabilnost.<\/p>\n<p class=\"\" data-start=\"365\" data-end=\"399\"><strong data-start=\"365\" data-end=\"399\">Karakteristike tega za ceradu:<\/strong><\/p>\n<ol data-start=\"400\" data-end=\"1472\">\n<li class=\"\" data-start=\"400\" data-end=\"623\">\n<p class=\"\" data-start=\"403\" data-end=\"623\"><strong data-start=\"403\" data-end=\"417\">Dimenzije:<\/strong> Standardne dimenzije tega za bazene su 2 metra u du\u017einu. Cilj je da teg bude dovoljno te\u017eak da obezbedi stabilnost cerade tokom zime.<\/p>\n<\/li>\n<li class=\"\" data-start=\"955\" data-end=\"1217\">\n<p class=\"\" data-start=\"958\" data-end=\"1217\"><strong data-start=\"958\" data-end=\"971\">Funkcija:<\/strong> Tegovi se koriste da se spre\u010di podizanje cerade, naro\u010dito tokom zimskih meseci kada mogu biti prisutni jaki vetrovi i niske temperature. Zbog njihove te\u017eine, oni dr\u017ee ceradu \u010dvrsto na mestu, \u010dime se \u0161titi bazen od snega, li\u0161\u0107a i drugih ostataka.<\/p>\n<\/li>\n<\/ol>\n<p class=\"\" data-start=\"1474\" data-end=\"1596\">Tegovi za ceradu su jednostavni za postavljanje, izuzetno izdr\u017eljivi i efikasni u obezbe\u0111ivanju za\u0161tite bazena tokom zime.<\/p>\n<p>NAPOMENA \u2013 Preporu\u010dujemo da se vre\u0107a napuni vodom 1\/2 ili 3\/4 , da bi mogla da se pro\u0161iri kada se voda zamrzne.<\/p>\n<p>* Cena po kom.<\/p>\n<p><iframe title=\"Zimsko spremanje bazena . Za sva dodatna pitanja kontaktirajte nas na : 035\/250-570 , 011\/4417250\" width=\"563\" height=\"1000\" src=\"https:\/\/www.youtube.com\/embed\/R2RPfmoYSVk?feature=oembed\" frameborder=\"0\" allow=\"accelerometer; autoplay; clipboard-write; encrypted-media; gyroscope; picture-in-picture; web-share\" referrerpolicy=\"strict-origin-when-cross-origin\" allowfullscreen><\/iframe><\/p>","protected":false},"excerpt":{"rendered":"<p>Teg za ceradu (du\u017eina 2m) se koristi za pri\u010dvr\u0161\u0107ivanje zimskog prekriva\u010da na bazen, puni se vodom ili peskom kako bi spre\u010dio podizanje cerade usled vetra, obezbe\u0111uju\u0107i stabilnost i za\u0161titu tokom zime.<\/p>","protected":false},"featured_media":22537,"template":"","meta":[],"product_brand":[],"product_cat":[4968,4969,4970],"product_tag":[],"class_list":{"0":"post-22536","1":"product","2":"type-product","3":"status-publish","4":"has-post-thumbnail","6":"product_cat-prekrivke-za-bazene","7":"product_cat-zimske-prekrivke-za-bazene","8":"product_cat-zimski-prekrivac-za-bazen-sa-vodenim-tegovima-nero","10":"first","11":"instock","12":"sold-individually","13":"purchasable","14":"product-type-simple"},"_links":{"self":[{"href":"https:\/\/hidroterm.dmcsrbija.com\/ru\/wp-json\/wp\/v2\/product\/22536","targetHints":{"allow":["GET"]}}],"collection":[{"href":"https:\/\/hidroterm.dmcsrbija.com\/ru\/wp-json\/wp\/v2\/product"}],"about":[{"href":"https:\/\/hidroterm.dmcsrbija.com\/ru\/wp-json\/wp\/v2\/types\/product"}],"wp:featuredmedia":[{"embeddable":true,"href":"https:\/\/hidroterm.dmcsrbija.com\/ru\/wp-json\/wp\/v2\/media\/22537"}],"wp:attachment":[{"href":"https:\/\/hidroterm.dmcsrbija.com\/ru\/wp-json\/wp\/v2\/media?parent=22536"}],"wp:term":[{"taxonomy":"product_brand","embeddable":true,"href":"https:\/\/hidroterm.dmcsrbija.com\/ru\/wp-json\/wp\/v2\/product_brand?post=22536"},{"taxonomy":"product_cat","embeddable":true,"href":"https:\/\/hidroterm.dmcsrbija.com\/ru\/wp-json\/wp\/v2\/product_cat?post=22536"},{"taxonomy":"product_tag","embeddable":true,"href":"https:\/\/hidroterm.dmcsrbija.com\/ru\/wp-json\/wp\/v2\/product_tag?post=22536"}],"curies":[{"name":"wp","href":"https:\/\/api.w.org\/{rel}","templated":true}]}}