{"id":22534,"date":"2026-03-18T08:30:13","date_gmt":"2026-03-18T07:30:13","guid":{"rendered":"https:\/\/hidroterm.dmcsrbija.com\/proizvod\/resetka-slivnika-pina-cfa04\/"},"modified":"2026-03-18T08:30:15","modified_gmt":"2026-03-18T07:30:15","slug":"resetka-slivnika-pina-cfa04","status":"publish","type":"product","link":"https:\/\/hidroterm.dmcsrbija.com\/ru\/proizvod\/resetka-slivnika-pina-cfa04\/","title":{"rendered":"Re\u0161etka slivnika Pina (CFA04)"},"content":{"rendered":"<h2 data-start=\"489\" data-end=\"809\"><strong>Re\u0161etka slivnika Pina (CFA04)<\/strong><\/h2>\n<p data-start=\"489\" data-end=\"809\">Re\u0161etka slivnika Pina d260 predstavlja zamenski ili dodatni element za okrugle slivnike, posebno dizajniranog pre\u010dnika \u00d8\u202f260\u202fmm. Izra\u0111ena je od ABS i PVC plastike visokog kvaliteta, koja je otporna na UV zra\u010denje, hlor i hemijske tretmane koji se \u010desto primenjuju u bazenskoj vodi. Mo\u017ee se koristiti za cevi pre\u010dnika od 50mm do 110mm.<\/p>\n<p data-start=\"811\" data-end=\"1102\">Ergonomski perforisan dizajn re\u0161etke omogu\u0107ava efikasno prolaz vode, spre\u010dava zadr\u017eavanje krupnijih ne\u010disto\u0107a i olak\u0161ava uredan protok bez za\u010depljenja. Re\u0161etka je jednostavna za monta\u017eu ili zamenu kod postoje\u0107ih slivnika, \u010dime se brzo i bezbedno obnavlja funkcionalnost sistema odvodnje.<\/p>\n<p data-start=\"1104\" data-end=\"1266\">Re\u0161etka d260 je kompatibilna sa standardnim slivni\u010dkim telima i cevnim priklju\u010dcima, pa se mo\u017ee koristiti u betonskim, PVC ili modularnim bazenskim sistemima.<\/p>\n<p data-start=\"1104\" data-end=\"1266\">","protected":false},"excerpt":{"rendered":"<p data-start=\"195\" data-end=\"458\">Re\u0161etka slivnika Pina d260 je visokokvalitetna okrugla re\u0161etka pre\u010dnika 260\u202fmm, namenjena za bazenske i odvodne slivnike. Omogu\u0107ava efikasno sakupljanje vode i stabilan protok ka sistemu filtracije ili odvodnje, uz jednostavnu ugradnju i dug vek trajanja.<\/p>","protected":false},"featured_media":22535,"template":"","meta":[],"product_brand":[],"product_cat":[4967],"product_tag":[],"class_list":{"0":"post-22534","1":"product","2":"type-product","3":"status-publish","4":"has-post-thumbnail","6":"product_cat-slivnici-za-bazene","8":"first","9":"instock","10":"sold-individually","11":"purchasable","12":"product-type-simple"},"_links":{"self":[{"href":"https:\/\/hidroterm.dmcsrbija.com\/ru\/wp-json\/wp\/v2\/product\/22534","targetHints":{"allow":["GET"]}}],"collection":[{"href":"https:\/\/hidroterm.dmcsrbija.com\/ru\/wp-json\/wp\/v2\/product"}],"about":[{"href":"https:\/\/hidroterm.dmcsrbija.com\/ru\/wp-json\/wp\/v2\/types\/product"}],"wp:featuredmedia":[{"embeddable":true,"href":"https:\/\/hidroterm.dmcsrbija.com\/ru\/wp-json\/wp\/v2\/media\/22535"}],"wp:attachment":[{"href":"https:\/\/hidroterm.dmcsrbija.com\/ru\/wp-json\/wp\/v2\/media?parent=22534"}],"wp:term":[{"taxonomy":"product_brand","embeddable":true,"href":"https:\/\/hidroterm.dmcsrbija.com\/ru\/wp-json\/wp\/v2\/product_brand?post=22534"},{"taxonomy":"product_cat","embeddable":true,"href":"https:\/\/hidroterm.dmcsrbija.com\/ru\/wp-json\/wp\/v2\/product_cat?post=22534"},{"taxonomy":"product_tag","embeddable":true,"href":"https:\/\/hidroterm.dmcsrbija.com\/ru\/wp-json\/wp\/v2\/product_tag?post=22534"}],"curies":[{"name":"wp","href":"https:\/\/api.w.org\/{rel}","templated":true}]}}