{"id":22524,"date":"2026-03-18T08:30:13","date_gmt":"2026-03-18T07:30:13","guid":{"rendered":"https:\/\/hidroterm.dmcsrbija.com\/proizvod\/turbo-jet-d-pool-favorit-4kw-79m3-h\/"},"modified":"2026-03-18T08:30:13","modified_gmt":"2026-03-18T07:30:13","slug":"turbo-jet-d-pool-favorit-4kw-79m3-h","status":"publish","type":"product","link":"https:\/\/hidroterm.dmcsrbija.com\/ru\/proizvod\/turbo-jet-d-pool-favorit-4kw-79m3-h\/","title":{"rendered":"Turbo jet D Pool Favorit 4kw  79m3\/h"},"content":{"rendered":"<p style=\"text-align: justify;\">Turbo jet je uredjaj koji slu\u017ei za plivanje u mestu, odnosno pravi reku od bazena i time mu dodatno pove\u0107ava cenu.\u00a0Ure\u0111aj se isporu\u010duje u setu ili pojedina\u010dno.\u00a0Favorit protivstrujnici sadr\u017ee slede\u0107e delove: pumpu, ugradnu jedinicu, 2 kuglasta ventila, automatiku i usisnik za vazduh. U komplete ne spadaju PVC cevi i fitinzi. Pogodni su za ugradnju u sve tipove bazena.<\/p>","protected":false},"excerpt":{"rendered":"<p>Turbo jet je uredjaj koji slu\u017ei za plivanje u mestu, odnosno pravi reku od bazena i time mu dodatno pove\u0107ava cenu.\u00a0Ure\u0111aj se isporu\u010duje u setu ili pojedina\u010dno.\u00a0Favorit protivstrujnici sadr\u017ee slede\u0107e delove: pumpu, ugradnu jedinicu, 2 kuglasta ventila, automatiku i usisnik za vazduh. U komplete ne spadaju PVC cevi i fitinzi. Pogodni su za ugradnju u [&hellip;]<\/p>\n","protected":false},"featured_media":22525,"template":"","meta":[],"product_brand":[],"product_cat":[4964],"product_tag":[],"class_list":{"0":"post-22524","1":"product","2":"type-product","3":"status-publish","4":"has-post-thumbnail","6":"product_cat-turbo-jet-uredjaji-za-plivanje-u-mestu","8":"first","9":"instock","10":"sold-individually","11":"purchasable","12":"product-type-simple"},"_links":{"self":[{"href":"https:\/\/hidroterm.dmcsrbija.com\/ru\/wp-json\/wp\/v2\/product\/22524","targetHints":{"allow":["GET"]}}],"collection":[{"href":"https:\/\/hidroterm.dmcsrbija.com\/ru\/wp-json\/wp\/v2\/product"}],"about":[{"href":"https:\/\/hidroterm.dmcsrbija.com\/ru\/wp-json\/wp\/v2\/types\/product"}],"wp:featuredmedia":[{"embeddable":true,"href":"https:\/\/hidroterm.dmcsrbija.com\/ru\/wp-json\/wp\/v2\/media\/22525"}],"wp:attachment":[{"href":"https:\/\/hidroterm.dmcsrbija.com\/ru\/wp-json\/wp\/v2\/media?parent=22524"}],"wp:term":[{"taxonomy":"product_brand","embeddable":true,"href":"https:\/\/hidroterm.dmcsrbija.com\/ru\/wp-json\/wp\/v2\/product_brand?post=22524"},{"taxonomy":"product_cat","embeddable":true,"href":"https:\/\/hidroterm.dmcsrbija.com\/ru\/wp-json\/wp\/v2\/product_cat?post=22524"},{"taxonomy":"product_tag","embeddable":true,"href":"https:\/\/hidroterm.dmcsrbija.com\/ru\/wp-json\/wp\/v2\/product_tag?post=22524"}],"curies":[{"name":"wp","href":"https:\/\/api.w.org\/{rel}","templated":true}]}}