{"id":22520,"date":"2026-03-18T08:30:07","date_gmt":"2026-03-18T07:30:07","guid":{"rendered":"https:\/\/hidroterm.dmcsrbija.com\/proizvod\/izmenjivac-cevni-maxdapra-classic-line-prohrom-prohrom-d-hwt-35-42-kw-10m3-h\/"},"modified":"2026-03-18T08:30:12","modified_gmt":"2026-03-18T07:30:12","slug":"izmenjivac-cevni-maxdapra-classic-line-prohrom-prohrom-d-hwt-35-42-kw-10m3-h","status":"publish","type":"product","link":"https:\/\/hidroterm.dmcsrbija.com\/ru\/proizvod\/izmenjivac-cevni-maxdapra-classic-line-prohrom-prohrom-d-hwt-35-42-kw-10m3-h\/","title":{"rendered":"Izmenjiva\u010d cevni Maxdapra Classic line prohrom\/prohrom d-hwt 35-42 kw 10m3\/h"},"content":{"rendered":"<p>Izmenjiva\u010di toplote Maxdapra poreklom iz Italije snage do 259 kW namenjeni su za zagrevanje vode u bazenima preko solarnih kolektora ili nekog drugog izvora toplote.<\/p>\n<p><strong>D-HWT Water\/Water<\/strong>\u00a0toplotni izmenjiva\u010d je savr\u0161eno re\u0161enje za efikasno grejanje bazena, spa centara i drugih sli\u010dnih objekata. Ovaj ure\u0111aj koristi\u00a0<strong>glatke, uvrnute cevne sistem<\/strong>\u00a0u kontra-toku, \u0161to omogu\u0107ava visoku energetsku efikasnost uz minimalne gubitke pritiska.<\/p>\n<p><strong>Karakteristike:<\/strong><\/p>\n<ul>\n<li><strong>Materijal<\/strong>: Kompletno je izra\u0111en od\u00a0<strong>ner\u0111aju\u0107eg \u010delika AISI 316<\/strong>, sa procesima pasivacije i elektropoliranja spolja\u0161njeg dela, \u010dime je obezbe\u0111ena izuzetna otpornost na koroziju.<\/li>\n<li><strong>Otpornost<\/strong>: Ovaj izmenjiva\u010d je\u00a0<strong>otpornost na klorovanu vodu<\/strong>, ali nije pogodna za kori\u0161\u0107enje u slanoj vodi.<\/li>\n<li><strong>Visoka energetska efikasnost<\/strong>: Maksimalna energetska efikasnost uz minimalne gubitke pritiska, \u0161to omogu\u0107ava dugotrajan i ekonomi\u010dan rad.<\/li>\n<li><strong>Kapacitet<\/strong>: U rasponu od\u00a0<strong>14 kW do 259 kW<\/strong>\u00a0pri 90\u00b0C u primarnom krugu, ovaj sistem je idealan za ve\u0107e kapacitete grejanja.<\/li>\n<\/ul>\n<p><strong>Instalacija<\/strong>: Toplotni izmenjiva\u010d mora biti integrisan direktno u vodeni sistem bazena ili pomo\u0107u\u00a0<strong>bypass sistema<\/strong>, \u010dime se omogu\u0107ava fleksibilno i efikasno upravljanje temperaturom vode u va\u0161em objektu.<\/p>\n<p>Ovaj\u00a0<strong>D-HWT Water\/Water<\/strong>\u00a0toplotni izmenjiva\u010d predstavlja vrhunsko re\u0161enje za sve potrebe grejanja u vodenim sistemima, pru\u017eaju\u0107i dugotrajnu pouzdanost i izuzetne performanse.<\/p>\n<p><strong><a href=\"https:\/\/www.maxdapra.com\/en\/calculator-pool-heat-exchanger\">OBRA\u010cUN POTREBNE SNAGE IZMENJIVA\u010cA<\/a><\/strong><\/p>\n<p><a href=\"https:\/\/izgradnjabazena.rs\/wp-content\/uploads\/2022\/06\/Instalacija_maxdapra_4ae77.png\"><img fetchpriority=\"high\" decoding=\"async\" class=\"aligncenter size-full wp-image-26394\" src=\"https:\/\/izgradnjabazena.rs\/wp-content\/uploads\/2022\/06\/Instalacija_maxdapra_4ae77.png\" alt=\"\" width=\"681\" height=\"392\" \/><\/a><\/p>","protected":false},"excerpt":{"rendered":"<p>Izmenjiva\u010di toplote Maxdapra D-HWT Water\/Water, izra\u0111eni od ner\u0111aju\u0107eg \u010delika AISI 316, pru\u017eaju visoku energetsku efikasnost i dugotrajnost za grejanje bazena i spa centara, sa kapacitetima od 14 kW do 259 kW i minimalnim gubicima pritiska.<\/p>","protected":false},"featured_media":22521,"template":"","meta":[],"product_brand":[],"product_cat":[4962,4963,4961],"product_tag":[],"class_list":{"0":"post-22520","1":"product","2":"type-product","3":"status-publish","4":"has-post-thumbnail","6":"product_cat-izmenjivaci-toplote-za-bazene","7":"product_cat-maxdapra-classic-line-prohrom-prohorm","8":"product_cat-oprema-za-grejanje-vode","10":"first","11":"instock","12":"sold-individually","13":"purchasable","14":"product-type-simple"},"_links":{"self":[{"href":"https:\/\/hidroterm.dmcsrbija.com\/ru\/wp-json\/wp\/v2\/product\/22520","targetHints":{"allow":["GET"]}}],"collection":[{"href":"https:\/\/hidroterm.dmcsrbija.com\/ru\/wp-json\/wp\/v2\/product"}],"about":[{"href":"https:\/\/hidroterm.dmcsrbija.com\/ru\/wp-json\/wp\/v2\/types\/product"}],"wp:featuredmedia":[{"embeddable":true,"href":"https:\/\/hidroterm.dmcsrbija.com\/ru\/wp-json\/wp\/v2\/media\/22521"}],"wp:attachment":[{"href":"https:\/\/hidroterm.dmcsrbija.com\/ru\/wp-json\/wp\/v2\/media?parent=22520"}],"wp:term":[{"taxonomy":"product_brand","embeddable":true,"href":"https:\/\/hidroterm.dmcsrbija.com\/ru\/wp-json\/wp\/v2\/product_brand?post=22520"},{"taxonomy":"product_cat","embeddable":true,"href":"https:\/\/hidroterm.dmcsrbija.com\/ru\/wp-json\/wp\/v2\/product_cat?post=22520"},{"taxonomy":"product_tag","embeddable":true,"href":"https:\/\/hidroterm.dmcsrbija.com\/ru\/wp-json\/wp\/v2\/product_tag?post=22520"}],"curies":[{"name":"wp","href":"https:\/\/api.w.org\/{rel}","templated":true}]}}