{"id":22512,"date":"2026-03-18T08:30:07","date_gmt":"2026-03-18T07:30:07","guid":{"rendered":"https:\/\/hidroterm.dmcsrbija.com\/proizvod\/pumpa-za-fontanu-nero-jet-set-sa-mlaznicama-2-m3-h-55w\/"},"modified":"2026-03-18T08:30:11","modified_gmt":"2026-03-18T07:30:11","slug":"pumpa-za-fontanu-nero-jet-set-sa-mlaznicama-2-m3-h-55w","status":"publish","type":"product","link":"https:\/\/hidroterm.dmcsrbija.com\/ru\/proizvod\/pumpa-za-fontanu-nero-jet-set-sa-mlaznicama-2-m3-h-55w\/","title":{"rendered":"Pumpa  za fontanu Nero jet set sa mlaznicama 2 m3\/h &#8211; 55W"},"content":{"rendered":"<p data-start=\"924\" data-end=\"1284\"><strong data-start=\"924\" data-end=\"957\">Pumpa za fontanu Nero jet set<\/strong> je pouzdana i energetski efikasna potopna pumpa snage 55\u202fW, sa kapacitetom od 2000\u202fL\/h i mogu\u0107no\u0161\u0107u podizanja vode do 2,5 metara. Zahvaljuju\u0107i ABS ku\u0107i\u0161tu otpor\u043d\u043e\u043c na koroziju, kerami\u010dkoj osovini i potpunoj vodootpornosti, idealna je i za neprekidan rad u fontanama, ribnjacima, hidroponskim sistemima i akvarijumima.<\/p>\n<p data-start=\"1286\" data-end=\"1545\">Ova pumpa dolazi sa vi\u0161e mlaznica (&#8220;jet set&#8221;), omogu\u0107avaju\u0107i kreiranje razli\u010ditih vizuelnih efekata prskanja i vodene forme. Poseduje jednostavan mehanizam za pode\u0161avanje protoka i visine mlaza, \u0161to omogu\u0107ava sinhrono napajanje fontane i filtera ili vodopada.<\/p>\n<p data-start=\"1547\" data-end=\"1800\">Dimenzijama kompaktnog dizajna i laganom te\u017einom, pumpa je jednostavna za monta\u017eu i odr\u017eavanje. Uz IPX8 za\u0161titu i kvalitetnu izradu, \u201cNero jet set\u201d predstavlja idealno re\u0161enje za sve koji tra\u017ee moderan i funkcionalan ure\u0111aj za dekorativne vodene efekte.<\/p>\n<h2 data-start=\"44\" data-end=\"73\">Tehni\u010dke karakteristike<\/h2>\n<p data-start=\"77\" data-end=\"116\">\n<ul data-start=\"75\" data-end=\"891\">\n<li data-start=\"117\" data-end=\"158\">\n<p data-start=\"119\" data-end=\"158\"><span class=\"relative -mx-px my-[-0.2rem] rounded px-px py-[0.2rem] transition-colors duration-100 ease-in-out\"><strong data-start=\"0\" data-end=\"10\" data-is-only-node=\"\">Snaga:<\/strong> 55\u202fW<\/span><\/p>\n<\/li>\n<li data-start=\"159\" data-end=\"200\">\n<p data-start=\"161\" data-end=\"200\"><span class=\"relative -mx-px my-[-0.2rem] rounded px-px py-[0.2rem] transition-colors duration-100 ease-in-out\"><strong data-start=\"0\" data-end=\"11\" data-is-only-node=\"\">Protok:<\/strong> 2000\u202fL\/h (2\u202fm\u00b3\/h)<\/span><\/p>\n<\/li>\n<li data-start=\"201\" data-end=\"280\">\n<p data-start=\"203\" data-end=\"280\"><span class=\"relative -mx-px my-[-0.2rem] rounded px-px py-[0.2rem] transition-colors duration-100 ease-in-out\"><strong data-start=\"0\" data-end=\"21\" data-is-only-node=\"\">Visina podizanja:<\/strong> 2,5\u202fm<\/span><\/p>\n<\/li>\n<li data-start=\"281\" data-end=\"360\">\n<p data-start=\"283\" data-end=\"360\"><span class=\"relative -mx-px my-[-0.2rem] rounded px-px py-[0.2rem] transition-colors duration-100 ease-in-out\"><strong data-start=\"0\" data-end=\"10\" data-is-only-node=\"\">Napon:<\/strong> 220\u2013240\u202fV, 50\u202fHz<\/span><\/p>\n<\/li>\n<li data-start=\"361\" data-end=\"440\">\n<p data-start=\"363\" data-end=\"440\"><span class=\"relative -mx-px my-[-0.2rem] rounded px-px py-[0.2rem] transition-colors duration-100 ease-in-out\"><strong data-start=\"0\" data-end=\"14\" data-is-only-node=\"\">Materijal:<\/strong> ABS plastika, otporna na koroziju i udarce<\/span><\/p>\n<\/li>\n<li data-start=\"441\" data-end=\"524\">\n<p data-start=\"443\" data-end=\"524\"><span class=\"relative -mx-px my-[-0.2rem] rounded px-px py-[0.2rem] transition-colors duration-100 ease-in-out\"><strong data-start=\"0\" data-end=\"24\" data-is-only-node=\"\">Ku\u0107i\u0161te i izolacija:<\/strong> kerami\u010dka osovina, potpuno potopno, sa dobrom izolacijom<\/span><\/p>\n<\/li>\n<li data-start=\"525\" data-end=\"608\">\n<p data-start=\"527\" data-end=\"608\"><span class=\"relative -mx-px my-[-0.2rem] rounded px-px py-[0.2rem] transition-colors duration-100 ease-in-out\"><strong data-start=\"0\" data-end=\"24\" data-is-only-node=\"\">Pode\u0161avanje protoka:<\/strong> mogu\u0107e menjati visinu i protok pomo\u0107u regulatora<\/span><\/p>\n<\/li>\n<li data-start=\"609\" data-end=\"692\">\n<p data-start=\"611\" data-end=\"692\"><span class=\"relative -mx-px my-[-0.2rem] rounded px-px py-[0.2rem] transition-colors duration-100 ease-in-out\"><strong data-start=\"0\" data-end=\"14\" data-is-only-node=\"\">Dimenzije:<\/strong> pribli\u017eno 153\u202f\u00d7\u202f105\u202f\u00d7\u202f135\u202fmm<\/span><\/p>\n<\/li>\n<li data-start=\"693\" data-end=\"776\">\n<p data-start=\"695\" data-end=\"776\"><span class=\"relative -mx-px my-[-0.2rem] rounded px-px py-[0.2rem] transition-colors duration-100 ease-in-out\"><strong data-start=\"0\" data-end=\"11\" data-is-only-node=\"\">Te\u017eina:<\/strong> oko 1,4\u202fkg<\/span><\/p>\n<\/li>\n<li data-start=\"777\" data-end=\"831\">\n<p data-start=\"779\" data-end=\"831\"><strong data-start=\"779\" data-end=\"804\">Pre\u010dnik ulaza\/izlaza:<\/strong> standardni 20\u202fmm i 25\u202fmm<\/p>\n<\/li>\n<li data-start=\"832\" data-end=\"891\">\n<p data-start=\"834\" data-end=\"891\"><strong data-start=\"834\" data-end=\"846\">Za\u0161tita:<\/strong> IPX8 \u2013 pogodna za kontinuirani rad pod vodom<\/p>\n<\/li>\n<\/ul>\n<p>&nbsp;<\/p>\n","protected":false},"excerpt":{"rendered":"<p>Jet set pumpa za fontanu protoka 2\u202fm\u00b3\/h (55W) obezbe\u0111uje sna\u017ean i stabilan mlaz sa razli\u010ditim mlaznicama za dekorativne vodene efekte.<\/p>","protected":false},"featured_media":22513,"template":"","meta":[],"product_brand":[],"product_cat":[4955,4956],"product_tag":[],"class_list":{"0":"post-22512","1":"product","2":"type-product","3":"status-publish","4":"has-post-thumbnail","6":"product_cat-fontane","7":"product_cat-pumpe-za-fontane","9":"first","10":"instock","11":"sold-individually","12":"purchasable","13":"product-type-simple"},"_links":{"self":[{"href":"https:\/\/hidroterm.dmcsrbija.com\/ru\/wp-json\/wp\/v2\/product\/22512","targetHints":{"allow":["GET"]}}],"collection":[{"href":"https:\/\/hidroterm.dmcsrbija.com\/ru\/wp-json\/wp\/v2\/product"}],"about":[{"href":"https:\/\/hidroterm.dmcsrbija.com\/ru\/wp-json\/wp\/v2\/types\/product"}],"wp:featuredmedia":[{"embeddable":true,"href":"https:\/\/hidroterm.dmcsrbija.com\/ru\/wp-json\/wp\/v2\/media\/22513"}],"wp:attachment":[{"href":"https:\/\/hidroterm.dmcsrbija.com\/ru\/wp-json\/wp\/v2\/media?parent=22512"}],"wp:term":[{"taxonomy":"product_brand","embeddable":true,"href":"https:\/\/hidroterm.dmcsrbija.com\/ru\/wp-json\/wp\/v2\/product_brand?post=22512"},{"taxonomy":"product_cat","embeddable":true,"href":"https:\/\/hidroterm.dmcsrbija.com\/ru\/wp-json\/wp\/v2\/product_cat?post=22512"},{"taxonomy":"product_tag","embeddable":true,"href":"https:\/\/hidroterm.dmcsrbija.com\/ru\/wp-json\/wp\/v2\/product_tag?post=22512"}],"curies":[{"name":"wp","href":"https:\/\/api.w.org\/{rel}","templated":true}]}}