{"id":22510,"date":"2026-03-18T08:30:07","date_gmt":"2026-03-18T07:30:07","guid":{"rendered":"https:\/\/hidroterm.dmcsrbija.com\/proizvod\/potapajuca-pumpa-leo\/"},"modified":"2026-03-18T08:30:10","modified_gmt":"2026-03-18T07:30:10","slug":"potapajuca-pumpa-leo","status":"publish","type":"product","link":"https:\/\/hidroterm.dmcsrbija.com\/ru\/proizvod\/potapajuca-pumpa-leo\/","title":{"rendered":"Potapaju\u0107a pumpa LEO"},"content":{"rendered":"<p>Potapaju\u0107a pumpa Leo se koristi se za distribuciju \u010diste vode sa maksimalnim sadr\u017eajem peska do 50g\/m3. Veoma su efikasne i pouzdane. Pogodne su za kori\u0161\u0107enje u doma\u0107instvu, gra\u0111evinarstvu, industriji za vodosnabdevanje, navodnjavanju, protivpo\u017earnim sistemima i dr.<\/p>\n<p class=\"\" data-start=\"0\" data-end=\"126\"><span class=\"relative -mx-px my-[-0.2rem] rounded-sm px-px py-[0.2rem]\">Njihova primena obuhvata doma\u0107instva, gra\u0111evinarstvo i industriju, posebno za vodosnabdevanje, navodnjavanje i sisteme za povi\u0161enje pritiska.<\/span>\u200b<span class=\"ms-1 inline-flex max-w-full items-center relative top-[-0.094rem]\"><a class=\"flex h-6 overflow-hidden rounded-xl px-2.5 text-[0.5625em] font-medium text-token-text-secondary! bg-[#F4F4F4]! dark:bg-[#303030]!\" href=\"https:\/\/termopool.com\/svi-proizvodi\/bazeni-i-fontane\/oprema-za-bazene\/pumpe-za-bazene\/potapajuce-pumpe\/potapajuca-pumpa-leo?utm_source=chatgpt.com\" target=\"_blank\" rel=\"noopener\"><span class=\"relative bottom-0 left-0 flex h-full w-full items-center\"><span class=\"flex h-4 w-full items-center justify-between\"><span class=\"max-w-full grow truncate overflow-hidden text-center\">T<\/span><\/span><\/span><\/a><\/span><\/p>\n<p class=\"\" data-start=\"128\" data-end=\"184\"><strong data-start=\"128\" data-end=\"184\">Karakteristike potapaju\u0107e pumpe LEO model XSP 18-12:<\/strong><\/p>\n<ul data-start=\"186\" data-end=\"618\">\n<li class=\"\" data-start=\"186\" data-end=\"281\">\n<p class=\"\" data-start=\"188\" data-end=\"281\"><strong data-start=\"188\" data-end=\"199\">Protok:<\/strong> <span class=\"relative -mx-px my-[-0.2rem] rounded-sm px-px py-[0.2rem]\">do 300 litara u minuti (l\/min).<\/span>\u200b<\/p>\n<\/li>\n<li class=\"\" data-start=\"282\" data-end=\"397\">\n<p class=\"\" data-start=\"284\" data-end=\"397\"><strong data-start=\"284\" data-end=\"315\">Maksimalni pre\u010dnik \u010destica:<\/strong> <span class=\"relative -mx-px my-[-0.2rem] rounded-sm px-px py-[0.2rem]\">25 mm.<\/span>\u200b<\/p>\n<\/li>\n<li class=\"\" data-start=\"398\" data-end=\"516\">\n<p class=\"\" data-start=\"400\" data-end=\"516\"><strong data-start=\"400\" data-end=\"434\">Maksimalna visina izbacivanja:<\/strong> <span class=\"relative -mx-px my-[-0.2rem] rounded-sm px-px py-[0.2rem]\">12 metara.<\/span>\u200b<\/p>\n<\/li>\n<li class=\"\" data-start=\"517\" data-end=\"618\">\n<p class=\"\" data-start=\"519\" data-end=\"618\"><strong data-start=\"519\" data-end=\"534\">Priklju\u010dak:<\/strong> <span class=\"relative -mx-px my-[-0.2rem] rounded-sm px-px py-[0.2rem]\">2 in\u010da.<\/span>\u200b<\/p>\n<\/li>\n<\/ul>\n<p class=\"\" data-start=\"661\" data-end=\"746\"><span class=\"relative -mx-px my-[-0.2rem] rounded-sm px-px py-[0.2rem]\">Ove pumpe su poznate po svojoj efikasnosti i pouzdanosti, \u0161to ih \u010dini pogodnim izborom za razne primene u vodosnabdevanju i navodnjavanju.<\/span>\u200b<\/p>\n","protected":false},"excerpt":{"rendered":"<p>\u200b<span class=\"relative -mx-px my-[-0.2rem] rounded px-px py-[0.2rem] transition-colors duration-100 ease-in-out\">Potapaju\u0107a pumpa LEO je pouzdana i efikasna pumpa za \u010distu vodu, pogodna za ku\u0107nu upotrebu, navodnjavanje i industrijske aplikacije.<\/span><\/p>\n","protected":false},"featured_media":22511,"template":"","meta":[],"product_brand":[],"product_cat":[4954],"product_tag":[],"class_list":{"0":"post-22510","1":"product","2":"type-product","3":"status-publish","4":"has-post-thumbnail","6":"product_cat-potapajuce-pumpe","8":"first","9":"instock","10":"sold-individually","11":"purchasable","12":"product-type-simple"},"_links":{"self":[{"href":"https:\/\/hidroterm.dmcsrbija.com\/ru\/wp-json\/wp\/v2\/product\/22510","targetHints":{"allow":["GET"]}}],"collection":[{"href":"https:\/\/hidroterm.dmcsrbija.com\/ru\/wp-json\/wp\/v2\/product"}],"about":[{"href":"https:\/\/hidroterm.dmcsrbija.com\/ru\/wp-json\/wp\/v2\/types\/product"}],"wp:featuredmedia":[{"embeddable":true,"href":"https:\/\/hidroterm.dmcsrbija.com\/ru\/wp-json\/wp\/v2\/media\/22511"}],"wp:attachment":[{"href":"https:\/\/hidroterm.dmcsrbija.com\/ru\/wp-json\/wp\/v2\/media?parent=22510"}],"wp:term":[{"taxonomy":"product_brand","embeddable":true,"href":"https:\/\/hidroterm.dmcsrbija.com\/ru\/wp-json\/wp\/v2\/product_brand?post=22510"},{"taxonomy":"product_cat","embeddable":true,"href":"https:\/\/hidroterm.dmcsrbija.com\/ru\/wp-json\/wp\/v2\/product_cat?post=22510"},{"taxonomy":"product_tag","embeddable":true,"href":"https:\/\/hidroterm.dmcsrbija.com\/ru\/wp-json\/wp\/v2\/product_tag?post=22510"}],"curies":[{"name":"wp","href":"https:\/\/api.w.org\/{rel}","templated":true}]}}