{"id":22508,"date":"2026-03-18T08:30:07","date_gmt":"2026-03-18T07:30:07","guid":{"rendered":"https:\/\/hidroterm.dmcsrbija.com\/proizvod\/potapajuca-pumpa-verto-400w\/"},"modified":"2026-03-18T08:30:10","modified_gmt":"2026-03-18T07:30:10","slug":"potapajuca-pumpa-verto-400w","status":"publish","type":"product","link":"https:\/\/hidroterm.dmcsrbija.com\/ru\/proizvod\/potapajuca-pumpa-verto-400w\/","title":{"rendered":"Potapaju\u0107a pumpa Verto 400W"},"content":{"rendered":"<p>Verto potapaju\u0107a pumpa za bunare i bazene\u00a0specijalno su dizajnirane za izvla\u010denje vode radi polivanja, odvodnjavanja\u00a0i vodosnabdevanja.<\/p>\n<p class=\"\" data-start=\"0\" data-end=\"121\">\u200b<span class=\"relative -mx-px my-[-0.2rem] rounded-sm px-px py-[0.2rem]\">Potapaju\u0107a pumpa <strong data-start=\"17\" data-end=\"31\">Verto 400W<\/strong> je ure\u0111aj namenjen za pumpanje \u010diste ili blago prljave vode, idealan za kori\u0161\u0107enje u bunarima, bazenima ili za navodnjavanje.<\/span> Njene klju\u010dne karakteristike su:<\/p>\n<ul data-start=\"123\" data-end=\"1125\">\n<li class=\"\" data-start=\"123\" data-end=\"224\">\n<p class=\"\" data-start=\"125\" data-end=\"224\"><strong data-start=\"125\" data-end=\"142\">Snaga motora:<\/strong> <span class=\"relative -mx-px my-[-0.2rem] rounded-sm px-px py-[0.2rem]\">400 W<\/span>\u200b<\/p>\n<\/li>\n<li class=\"\" data-start=\"225\" data-end=\"320\">\n<p class=\"\" data-start=\"227\" data-end=\"320\"><strong data-start=\"227\" data-end=\"238\">Protok:<\/strong> <span class=\"relative -mx-px my-[-0.2rem] rounded-sm px-px py-[0.2rem]\">do 7.500 litara na sat<\/span>\u200b<\/p>\n<\/li>\n<li class=\"\" data-start=\"321\" data-end=\"436\">\n<p class=\"\" data-start=\"323\" data-end=\"436\"><strong data-start=\"323\" data-end=\"354\">Maksimalni pre\u010dnik \u010destica:<\/strong> <span class=\"relative -mx-px my-[-0.2rem] rounded-sm px-px py-[0.2rem]\">35 mm<\/span>\u200b<\/p>\n<\/li>\n<li class=\"\" data-start=\"437\" data-end=\"563\">\n<p class=\"\" data-start=\"439\" data-end=\"563\"><strong data-start=\"439\" data-end=\"481\">Maksimalna visina izbacivanja (glava):<\/strong> <span class=\"relative -mx-px my-[-0.2rem] rounded-sm px-px py-[0.2rem]\">5 m<\/span>\u200b<\/p>\n<\/li>\n<li class=\"\" data-start=\"564\" data-end=\"673\">\n<p class=\"\" data-start=\"566\" data-end=\"673\"><strong data-start=\"566\" data-end=\"587\">Dubina uranjanja:<\/strong> <span class=\"relative -mx-px my-[-0.2rem] rounded-sm px-px py-[0.2rem]\">do 5 m<\/span>\u200b<\/p>\n<\/li>\n<li class=\"\" data-start=\"674\" data-end=\"793\">\n<p class=\"\" data-start=\"676\" data-end=\"793\"><strong data-start=\"676\" data-end=\"707\">Pre\u010dnik konektora za crevo:<\/strong> <span class=\"relative -mx-px my-[-0.2rem] rounded-sm px-px py-[0.2rem]\">1&#8243; i 1 \u00bd&#8221;<\/span>\u200b<\/p>\n<\/li>\n<li class=\"\" data-start=\"794\" data-end=\"911\">\n<p class=\"\" data-start=\"796\" data-end=\"911\"><strong data-start=\"796\" data-end=\"825\">Du\u017eina isporu\u010denog creva:<\/strong> <span class=\"relative -mx-px my-[-0.2rem] rounded-sm px-px py-[0.2rem]\">10 m<\/span>\u200b<\/p>\n<\/li>\n<li class=\"\" data-start=\"912\" data-end=\"1017\">\n<p class=\"\" data-start=\"914\" data-end=\"1017\"><strong data-start=\"914\" data-end=\"931\">Te\u017eina pumpe:<\/strong> <span class=\"relative -mx-px my-[-0.2rem] rounded-sm px-px py-[0.2rem]\">3,5 kg<\/span>\u200b<\/p>\n<\/li>\n<li class=\"\" data-start=\"1018\" data-end=\"1125\">\n<p class=\"\" data-start=\"1020\" data-end=\"1125\"><strong data-start=\"1020\" data-end=\"1039\">Stepen za\u0161tite:<\/strong> <span class=\"relative -mx-px my-[-0.2rem] rounded-sm px-px py-[0.2rem]\">IP68<\/span>\u200b<\/p>\n<\/li>\n<\/ul>\n<p class=\"\" data-start=\"1127\" data-end=\"1292\"><span class=\"relative -mx-px my-[-0.2rem] rounded-sm px-px py-[0.2rem]\">Ova pumpa je opremljena funkcijom automatskog uklju\u010divanja i isklju\u010divanja u zavisnosti od nivoa vode, \u0161to omogu\u0107ava efikasan rad bez potrebe za ru\u010dnom intervencijom.<\/span> <span class=\"relative -mx-px my-[-0.2rem] rounded-sm px-px py-[0.2rem]\">Me\u0111utim, nije pogodna za pumpanje vode u prehrambene svrhe.<\/span><\/p>\n","protected":false},"excerpt":{"rendered":"<p>\u200b<span class=\"relative -mx-px my-[-0.2rem] rounded px-px py-[0.2rem] transition-colors duration-100 ease-in-out\">Verto 400W potapaju\u0107a pumpa je kompaktno i efikasno re\u0161enje za ispumpavanje \u010diste vode iz bazena i rezervoara,pa \u010dak i podruma, idealna za ku\u0107nu upotrebu i zalivanje ba\u0161te.<\/span><\/p>\n","protected":false},"featured_media":22509,"template":"","meta":[],"product_brand":[],"product_cat":[4954],"product_tag":[],"class_list":{"0":"post-22508","1":"product","2":"type-product","3":"status-publish","4":"has-post-thumbnail","6":"product_cat-potapajuce-pumpe","8":"first","9":"instock","10":"sold-individually","11":"purchasable","12":"product-type-simple"},"_links":{"self":[{"href":"https:\/\/hidroterm.dmcsrbija.com\/ru\/wp-json\/wp\/v2\/product\/22508","targetHints":{"allow":["GET"]}}],"collection":[{"href":"https:\/\/hidroterm.dmcsrbija.com\/ru\/wp-json\/wp\/v2\/product"}],"about":[{"href":"https:\/\/hidroterm.dmcsrbija.com\/ru\/wp-json\/wp\/v2\/types\/product"}],"wp:featuredmedia":[{"embeddable":true,"href":"https:\/\/hidroterm.dmcsrbija.com\/ru\/wp-json\/wp\/v2\/media\/22509"}],"wp:attachment":[{"href":"https:\/\/hidroterm.dmcsrbija.com\/ru\/wp-json\/wp\/v2\/media?parent=22508"}],"wp:term":[{"taxonomy":"product_brand","embeddable":true,"href":"https:\/\/hidroterm.dmcsrbija.com\/ru\/wp-json\/wp\/v2\/product_brand?post=22508"},{"taxonomy":"product_cat","embeddable":true,"href":"https:\/\/hidroterm.dmcsrbija.com\/ru\/wp-json\/wp\/v2\/product_cat?post=22508"},{"taxonomy":"product_tag","embeddable":true,"href":"https:\/\/hidroterm.dmcsrbija.com\/ru\/wp-json\/wp\/v2\/product_tag?post=22508"}],"curies":[{"name":"wp","href":"https:\/\/api.w.org\/{rel}","templated":true}]}}