{"id":22500,"date":"2026-03-18T08:30:07","date_gmt":"2026-03-18T07:30:07","guid":{"rendered":"https:\/\/hidroterm.dmcsrbija.com\/proizvod\/staklene-granule-05-1mm\/"},"modified":"2026-03-18T08:30:09","modified_gmt":"2026-03-18T07:30:09","slug":"staklene-granule-05-1mm","status":"publish","type":"product","link":"https:\/\/hidroterm.dmcsrbija.com\/ru\/proizvod\/staklene-granule-05-1mm\/","title":{"rendered":"Staklene granule 0,5-1mm"},"content":{"rendered":"<h5 data-start=\"112\" data-end=\"181\">Filterske staklene granule za bazene \u2013 filtraciono staklo 0,5-1mm<\/h5>\n<p data-start=\"183\" data-end=\"323\">Filterske staklene granule namenjene su za rad pe\u0161\u010danih filtera u bazenima. Ukupna koli\u010dina staklenih granula zavisi od zapremine filtera.<\/p>\n<p data-start=\"325\" data-end=\"484\">Filtraciono staklo se menja na \u010dak <strong data-start=\"360\" data-end=\"373\">10 godina<\/strong>, \u0161to zna\u010dajno smanjuje potro\u0161nju hemikalija, vode i struje, a istovremeno pobolj\u0161ava higijenu bazenske vode.<\/p>\n<p data-start=\"565\" data-end=\"789\">Koristi se kombinacija <strong data-start=\"588\" data-end=\"631\">krupne i sitne granulacije u odnosu 1:2<\/strong>. Krupna granulacija staklenih granula postavlja se na dno filtera radi za\u0161tite laterala, dok se sitna granulacija nanosi iznad kao glavni filtracioni sloj.<\/p>\n<p data-start=\"791\" data-end=\"891\"><strong data-start=\"791\" data-end=\"801\">VA\u017dNO:<\/strong> Prve d\u017eakove staklenih granula nanositi postepeno kako ne bi do\u0161lo do o\u0161te\u0107enja laterala.<\/p>\n<p data-start=\"893\" data-end=\"913\"><strong data-start=\"893\" data-end=\"907\">Pakovanje:<\/strong> 25 kg<\/p>\n<p data-start=\"893\" data-end=\"913\">Cena je po pakovanju.<\/p>","protected":false},"excerpt":{"rendered":"<p>Filterske staklene granule za bazene \u2013 filtraciono staklo 0,5-1mm Filterske staklene granule namenjene su za rad pe\u0161\u010danih filtera u bazenima. Ukupna koli\u010dina staklenih granula zavisi od zapremine filtera. Filtraciono staklo se menja na \u010dak 10 godina, \u0161to zna\u010dajno smanjuje potro\u0161nju hemikalija, vode i struje, a istovremeno pobolj\u0161ava higijenu bazenske vode. Koristi se kombinacija krupne i [&hellip;]<\/p>\n","protected":false},"featured_media":22501,"template":"","meta":[],"product_brand":[],"product_cat":[4952],"product_tag":[],"class_list":{"0":"post-22500","1":"product","2":"type-product","3":"status-publish","4":"has-post-thumbnail","6":"product_cat-filterska-ispuna","8":"first","9":"instock","10":"sold-individually","11":"purchasable","12":"product-type-simple"},"_links":{"self":[{"href":"https:\/\/hidroterm.dmcsrbija.com\/ru\/wp-json\/wp\/v2\/product\/22500","targetHints":{"allow":["GET"]}}],"collection":[{"href":"https:\/\/hidroterm.dmcsrbija.com\/ru\/wp-json\/wp\/v2\/product"}],"about":[{"href":"https:\/\/hidroterm.dmcsrbija.com\/ru\/wp-json\/wp\/v2\/types\/product"}],"wp:featuredmedia":[{"embeddable":true,"href":"https:\/\/hidroterm.dmcsrbija.com\/ru\/wp-json\/wp\/v2\/media\/22501"}],"wp:attachment":[{"href":"https:\/\/hidroterm.dmcsrbija.com\/ru\/wp-json\/wp\/v2\/media?parent=22500"}],"wp:term":[{"taxonomy":"product_brand","embeddable":true,"href":"https:\/\/hidroterm.dmcsrbija.com\/ru\/wp-json\/wp\/v2\/product_brand?post=22500"},{"taxonomy":"product_cat","embeddable":true,"href":"https:\/\/hidroterm.dmcsrbija.com\/ru\/wp-json\/wp\/v2\/product_cat?post=22500"},{"taxonomy":"product_tag","embeddable":true,"href":"https:\/\/hidroterm.dmcsrbija.com\/ru\/wp-json\/wp\/v2\/product_tag?post=22500"}],"curies":[{"name":"wp","href":"https:\/\/api.w.org\/{rel}","templated":true}]}}