{"id":22498,"date":"2026-03-18T08:30:07","date_gmt":"2026-03-18T07:30:07","guid":{"rendered":"https:\/\/hidroterm.dmcsrbija.com\/proizvod\/vlakna-za-filtraciju-nero-70gr\/"},"modified":"2026-03-18T14:33:56","modified_gmt":"2026-03-18T13:33:56","slug":"vlakna-za-filtraciju-nero-70gr","status":"publish","type":"product","link":"https:\/\/hidroterm.dmcsrbija.com\/ru\/proizvod\/vlakna-za-filtraciju-nero-70gr\/","title":{"rendered":"Vlakna za filtraciju Nero 70gr"},"content":{"rendered":"<h5 data-start=\"80\" data-end=\"149\">Filterska vlakna za bazene \u2013 efikasna filtracija i u\u0161teda 70gr<\/h5>\n<p data-start=\"151\" data-end=\"319\">Filterska vlakna su kombinacija razli\u010ditih polimernih vlakana sa sposobno\u0161\u0107u filtracije do 8 mikrona, namenjena za pravilan rad filtera i kristalno \u010distu bazensku vodu.<\/p>\n<p data-start=\"321\" data-end=\"449\">Pakovanje od 350 g vlakana zamenjuje \u010dak 25 kg peska, \u010dime obezbe\u0111uju zna\u010dajne u\u0161tede u potro\u0161nji energije, vode i hemikalija.<\/p>\n<p data-start=\"451\" data-end=\"604\">Kod vlakana nema razli\u010ditih granulacija, \u0161to olak\u0161ava upotrebu. Kartusa Fibalon vlakna od 70 g su idealna zamena za papirne filtere kod monta\u017enih bazena.<\/p>\n<p data-start=\"606\" data-end=\"716\">Vlakna se lako odr\u017eavaju \u2013 mogu se prati na slavini ili u ma\u0161ini za ve\u0161, uz obaveznu upotrebu mre\u017ee za pranje.<\/p>\n<p>Cena je po pakovanju.<\/p>","protected":false},"excerpt":{"rendered":"<p>Filterska vlakna za bazene \u2013 efikasna filtracija i u\u0161teda 70gr Filterska vlakna su kombinacija razli\u010ditih polimernih vlakana sa sposobno\u0161\u0107u filtracije do 8 mikrona, namenjena za pravilan rad filtera i kristalno \u010distu bazensku vodu. Pakovanje od 350 g vlakana zamenjuje \u010dak 25 kg peska, \u010dime obezbe\u0111uju zna\u010dajne u\u0161tede u potro\u0161nji energije, vode i hemikalija. Kod vlakana [&hellip;]<\/p>\n","protected":false},"featured_media":22499,"template":"","meta":[],"product_brand":[],"product_cat":[4952],"product_tag":[],"class_list":{"0":"post-22498","1":"product","2":"type-product","3":"status-publish","4":"has-post-thumbnail","6":"product_cat-filterska-ispuna","8":"first","9":"instock","10":"sold-individually","11":"purchasable","12":"product-type-simple"},"_links":{"self":[{"href":"https:\/\/hidroterm.dmcsrbija.com\/ru\/wp-json\/wp\/v2\/product\/22498","targetHints":{"allow":["GET"]}}],"collection":[{"href":"https:\/\/hidroterm.dmcsrbija.com\/ru\/wp-json\/wp\/v2\/product"}],"about":[{"href":"https:\/\/hidroterm.dmcsrbija.com\/ru\/wp-json\/wp\/v2\/types\/product"}],"wp:featuredmedia":[{"embeddable":true,"href":"https:\/\/hidroterm.dmcsrbija.com\/ru\/wp-json\/wp\/v2\/media\/22499"}],"wp:attachment":[{"href":"https:\/\/hidroterm.dmcsrbija.com\/ru\/wp-json\/wp\/v2\/media?parent=22498"}],"wp:term":[{"taxonomy":"product_brand","embeddable":true,"href":"https:\/\/hidroterm.dmcsrbija.com\/ru\/wp-json\/wp\/v2\/product_brand?post=22498"},{"taxonomy":"product_cat","embeddable":true,"href":"https:\/\/hidroterm.dmcsrbija.com\/ru\/wp-json\/wp\/v2\/product_cat?post=22498"},{"taxonomy":"product_tag","embeddable":true,"href":"https:\/\/hidroterm.dmcsrbija.com\/ru\/wp-json\/wp\/v2\/product_tag?post=22498"}],"curies":[{"name":"wp","href":"https:\/\/api.w.org\/{rel}","templated":true}]}}