{"id":22496,"date":"2026-03-18T08:30:07","date_gmt":"2026-03-18T07:30:07","guid":{"rendered":"https:\/\/hidroterm.dmcsrbija.com\/proizvod\/kvarcni-pesak-nero-04-08mm\/"},"modified":"2026-03-18T08:30:09","modified_gmt":"2026-03-18T07:30:09","slug":"kvarcni-pesak-nero-04-08mm","status":"publish","type":"product","link":"https:\/\/hidroterm.dmcsrbija.com\/ru\/proizvod\/kvarcni-pesak-nero-04-08mm\/","title":{"rendered":"Kvarcni pesak Nero 0,4-0,8mm"},"content":{"rendered":"<h5 data-start=\"163\" data-end=\"217\">Filterski pesak za bazene \u2013 kvarcna ispuna 0,4-0,8mm<\/h5>\n<p data-start=\"219\" data-end=\"367\">Filterski pesak u obliku kvarcne ispune namenjen je za <strong data-start=\"274\" data-end=\"308\">rad pe\u0161\u010danih filtera za bazene<\/strong>. Koli\u010dina potrebnog peska zavisi od <strong data-start=\"345\" data-end=\"366\">zapremine filtera<\/strong>.<\/p>\n<p data-start=\"219\" data-end=\"367\">Koristi se kombinacija <strong data-start=\"392\" data-end=\"443\">krupne i sitne kvarcne granulacije u odnosu 1:2<\/strong> \u2013 prvo se postavlja krupnija granulacija koja ide na dno filtera i slu\u017ei da pokrije i za\u0161titi laterale, dok se sitnija granulacija postavlja iznad. Filterska ispuna se <strong data-start=\"612\" data-end=\"645\">menja na svakih 3 do 5 godina<\/strong>.<\/p>\n<p data-start=\"648\" data-end=\"836\"><strong data-start=\"648\" data-end=\"658\">VA\u017dNO:<\/strong> Prve d\u017eakove peska sipati postepeno kako ne bi do\u0161lo do o\u0161te\u0107enja laterala. Nakon upotrebe <strong data-start=\"750\" data-end=\"764\">flokulanta<\/strong>, obavezno izvr\u0161iti <strong data-start=\"784\" data-end=\"796\">backwash<\/strong> kako bi se spre\u010dilo zgrudvavanje peska.<\/p>\n<p data-start=\"838\" data-end=\"891\"><strong data-start=\"838\" data-end=\"852\">Pakovanje:<\/strong> 25 kg<\/p>\n<p data-start=\"838\" data-end=\"891\">Cena je po pakovanju.<\/p>","protected":false},"excerpt":{"rendered":"<p>Filterski pesak za bazene \u2013 kvarcna ispuna 0,4-0,8mm Filterski pesak u obliku kvarcne ispune namenjen je za rad pe\u0161\u010danih filtera za bazene. Koli\u010dina potrebnog peska zavisi od zapremine filtera. Koristi se kombinacija krupne i sitne kvarcne granulacije u odnosu 1:2 \u2013 prvo se postavlja krupnija granulacija koja ide na dno filtera i slu\u017ei da pokrije [&hellip;]<\/p>\n","protected":false},"featured_media":22497,"template":"","meta":[],"product_brand":[],"product_cat":[4952],"product_tag":[],"class_list":{"0":"post-22496","1":"product","2":"type-product","3":"status-publish","4":"has-post-thumbnail","6":"product_cat-filterska-ispuna","8":"first","9":"instock","10":"sold-individually","11":"purchasable","12":"product-type-simple"},"_links":{"self":[{"href":"https:\/\/hidroterm.dmcsrbija.com\/ru\/wp-json\/wp\/v2\/product\/22496","targetHints":{"allow":["GET"]}}],"collection":[{"href":"https:\/\/hidroterm.dmcsrbija.com\/ru\/wp-json\/wp\/v2\/product"}],"about":[{"href":"https:\/\/hidroterm.dmcsrbija.com\/ru\/wp-json\/wp\/v2\/types\/product"}],"wp:featuredmedia":[{"embeddable":true,"href":"https:\/\/hidroterm.dmcsrbija.com\/ru\/wp-json\/wp\/v2\/media\/22497"}],"wp:attachment":[{"href":"https:\/\/hidroterm.dmcsrbija.com\/ru\/wp-json\/wp\/v2\/media?parent=22496"}],"wp:term":[{"taxonomy":"product_brand","embeddable":true,"href":"https:\/\/hidroterm.dmcsrbija.com\/ru\/wp-json\/wp\/v2\/product_brand?post=22496"},{"taxonomy":"product_cat","embeddable":true,"href":"https:\/\/hidroterm.dmcsrbija.com\/ru\/wp-json\/wp\/v2\/product_cat?post=22496"},{"taxonomy":"product_tag","embeddable":true,"href":"https:\/\/hidroterm.dmcsrbija.com\/ru\/wp-json\/wp\/v2\/product_tag?post=22496"}],"curies":[{"name":"wp","href":"https:\/\/api.w.org\/{rel}","templated":true}]}}