{"id":22494,"date":"2026-03-18T08:30:07","date_gmt":"2026-03-18T07:30:07","guid":{"rendered":"https:\/\/hidroterm.dmcsrbija.com\/proizvod\/sestopolozajni-ventil-astral-za-filtere-1-%c2%bd-kod599-79560\/"},"modified":"2026-03-18T08:30:08","modified_gmt":"2026-03-18T07:30:08","slug":"sestopolozajni-ventil-astral-za-filtere-1-%c2%bd-kod599-79560","status":"publish","type":"product","link":"https:\/\/hidroterm.dmcsrbija.com\/ru\/proizvod\/sestopolozajni-ventil-astral-za-filtere-1-%c2%bd-kod599-79560\/","title":{"rendered":"\u0160estopolo\u017eajni ventil Astral za filtere 1 \u00bd (kod:599\/79560)"},"content":{"rendered":"<h2 data-start=\"80\" data-end=\"149\"><strong data-start=\"80\" data-end=\"149\">\u0160estopolo\u017eajni ventil za filtere \u2013 kompatibilan sa Astral modelima<\/strong><\/h2>\n<p class=\"\" data-start=\"151\" data-end=\"396\">\u0160estopolo\u017eajni ventil namenjen je za precizno upravljanje radom pe\u0161\u010danih filtera, kompatibilan sa filterima marke Astral. Dostupan je u razli\u010ditim pre\u010dnicima kako bi se lako prilagodio razli\u010ditim modelima i potrebama instalacije.<\/p>\n<p class=\"\" data-start=\"398\" data-end=\"539\">U zavisnosti od modela filtera, ventil mo\u017ee biti u <strong data-start=\"449\" data-end=\"466\">top (gornjoj)<\/strong> ili <strong data-start=\"471\" data-end=\"488\">side (bo\u010dnoj)<\/strong> varijanti, \u010dime omogu\u0107ava fleksibilnost u monta\u017ei.<\/p>\n<p class=\"\" data-start=\"541\" data-end=\"580\">Ventil nudi <strong data-start=\"553\" data-end=\"579\">\u0161est osnovnih funkcija<\/strong>:<\/p>\n<ul data-start=\"581\" data-end=\"700\">\n<li class=\"\" data-start=\"581\" data-end=\"597\">\n<p class=\"\" data-start=\"583\" data-end=\"597\"><strong data-start=\"583\" data-end=\"597\">Filtracija<\/strong><\/p>\n<\/li>\n<li class=\"\" data-start=\"598\" data-end=\"624\">\n<p class=\"\" data-start=\"600\" data-end=\"624\"><strong data-start=\"600\" data-end=\"624\">Ispiranje (backwash)<\/strong><\/p>\n<\/li>\n<li class=\"\" data-start=\"625\" data-end=\"644\">\n<p class=\"\" data-start=\"627\" data-end=\"644\"><strong data-start=\"627\" data-end=\"644\">Recirkulacija<\/strong><\/p>\n<\/li>\n<li class=\"\" data-start=\"645\" data-end=\"661\">\n<p class=\"\" data-start=\"647\" data-end=\"661\"><strong data-start=\"647\" data-end=\"661\">Pra\u017enjenje<\/strong><\/p>\n<\/li>\n<li class=\"\" data-start=\"662\" data-end=\"676\">\n<p class=\"\" data-start=\"664\" data-end=\"676\"><strong data-start=\"664\" data-end=\"676\">Punjenje<\/strong><\/p>\n<\/li>\n<li class=\"\" data-start=\"677\" data-end=\"700\">\n<p class=\"\" data-start=\"679\" data-end=\"700\"><strong data-start=\"679\" data-end=\"700\">Stop (zatvaranje)<\/strong><\/p>\n<\/li>\n<\/ul>\n<p class=\"\" data-start=\"702\" data-end=\"871\">Jednostavan za upotrebu zahvaljuju\u0107i ergonomski dizajniranoj ru\u010dki i jasnim oznakama polo\u017eaja. Izra\u0111en od visokokvalitetnih materijala otpornih na hemikalije i pritisak.<\/p>\n<p class=\"\" data-start=\"873\" data-end=\"914\"><strong data-start=\"873\" data-end=\"914\">Maksimalni radni pritisak: 3,5 kg\/cm\u00b2<\/strong><\/p>\n<p>&nbsp;<\/p>","protected":false},"excerpt":{"rendered":"<p>\u0160estopolo\u017eajni ventil za Astral filtere, dostupan u top i side varijanti, omogu\u0107ava jednostavno upravljanje filtracijom, ispiranjem, recirkulacijom, pra\u017enjenjem, punjenjem i zatvaranjem, uz maksimalni radni pritisak od 3,5 kg\/cm\u00b2.<\/p>","protected":false},"featured_media":22495,"template":"","meta":[],"product_brand":[],"product_cat":[15],"product_tag":[],"class_list":{"0":"post-22494","1":"product","2":"type-product","3":"status-publish","4":"has-post-thumbnail","6":"product_cat-uncategorized","8":"first","9":"instock","10":"sold-individually","11":"purchasable","12":"product-type-simple"},"_links":{"self":[{"href":"https:\/\/hidroterm.dmcsrbija.com\/ru\/wp-json\/wp\/v2\/product\/22494","targetHints":{"allow":["GET"]}}],"collection":[{"href":"https:\/\/hidroterm.dmcsrbija.com\/ru\/wp-json\/wp\/v2\/product"}],"about":[{"href":"https:\/\/hidroterm.dmcsrbija.com\/ru\/wp-json\/wp\/v2\/types\/product"}],"wp:featuredmedia":[{"embeddable":true,"href":"https:\/\/hidroterm.dmcsrbija.com\/ru\/wp-json\/wp\/v2\/media\/22495"}],"wp:attachment":[{"href":"https:\/\/hidroterm.dmcsrbija.com\/ru\/wp-json\/wp\/v2\/media?parent=22494"}],"wp:term":[{"taxonomy":"product_brand","embeddable":true,"href":"https:\/\/hidroterm.dmcsrbija.com\/ru\/wp-json\/wp\/v2\/product_brand?post=22494"},{"taxonomy":"product_cat","embeddable":true,"href":"https:\/\/hidroterm.dmcsrbija.com\/ru\/wp-json\/wp\/v2\/product_cat?post=22494"},{"taxonomy":"product_tag","embeddable":true,"href":"https:\/\/hidroterm.dmcsrbija.com\/ru\/wp-json\/wp\/v2\/product_tag?post=22494"}],"curies":[{"name":"wp","href":"https:\/\/api.w.org\/{rel}","templated":true}]}}